{"id":12,"date":"2015-10-26T21:44:44","date_gmt":"2015-10-26T21:44:44","guid":{"rendered":"http:\/\/sdhjevicko.cz\/?page_id=12"},"modified":"2024-02-21T15:59:06","modified_gmt":"2024-02-21T14:59:06","slug":"kontakt","status":"publish","type":"page","link":"https:\/\/sdhjevicko.cz\/?page_id=12","title":{"rendered":"Kontakt"},"content":{"rendered":"<pre style=\"border-radius: 0px;\"><strong>SH \u010cMS - Sbor dobrovoln\u00fdch hasi\u010d\u016f Jev\u00ed\u010dko<\/strong>\n<strong>Svitavsk\u00e1 466<\/strong>\n<strong>569 43 Jev\u00ed\u010dko\n<\/strong>\nI\u010cO: 64210693\ne-mail: starosta@sdhjevicko.cz\ndatov\u00e1 schr\u00e1nka: vwjhf2z<\/pre>\n<hr>\n<pre style=\"border-radius: 0px;\"><span style=\"color: #f49c1c;\"><strong>Starosta SDH Jev\u00ed\u010dko:<\/strong><\/span>\nJan Bidmon, DiS.\ntel: 777 107 826\ne-mail: starosta@sdhjevicko.cz<\/pre>\n<hr>\n<pre style=\"border-radius: 0px;\"><span style=\"color: #f49c1c;\"><strong>Velitel JSDHo Jev\u00ed\u010dko:\n<\/strong><\/span>Stanislav Duch\u00e1\u010dek\ntel: 739 425 442\ne-mail: duchacek@jevicko.cz<\/pre>\n<hr>\n<pre style=\"border-radius: 0px;\"><span style=\"color: #f49c1c;\"><strong>Vedouc\u00ed ml\u00e1de\u017ee SDH Jev\u00ed\u010dko:<\/strong><\/span>\nJi\u0159\u00ed Bidmon&nbsp;&nbsp;&nbsp;&nbsp;&nbsp;&nbsp;&nbsp;&nbsp;&nbsp;&nbsp;&nbsp;&nbsp;&nbsp;&nbsp;&nbsp;&nbsp;&nbsp;&nbsp;&nbsp;&nbsp;&nbsp;&nbsp;&nbsp;&nbsp;&nbsp;&nbsp;&nbsp;&nbsp;&nbsp;&nbsp;&nbsp;&nbsp;&nbsp;&nbsp;&nbsp;&nbsp;&nbsp;&nbsp;&nbsp;&nbsp;&nbsp;&nbsp;&nbsp;Jan Richtr\ntel: 608 779 070&nbsp;&nbsp;&nbsp;&nbsp;&nbsp;&nbsp;&nbsp;&nbsp;&nbsp;&nbsp;&nbsp;&nbsp;&nbsp;&nbsp;&nbsp;&nbsp;&nbsp;&nbsp;&nbsp;&nbsp;&nbsp;&nbsp;&nbsp;&nbsp;&nbsp;&nbsp;&nbsp;&nbsp;&nbsp;&nbsp;&nbsp;&nbsp;&nbsp;&nbsp;&nbsp;&nbsp;&nbsp; 776 290 072\ne-mail: mladez@sdhjevicko.cz&nbsp;&nbsp;&nbsp;&nbsp;&nbsp;&nbsp;&nbsp;&nbsp;&nbsp;&nbsp;&nbsp;&nbsp;&nbsp;&nbsp;&nbsp;&nbsp; &nbsp; &nbsp;      pokladnik@sdhjevicko.cz<\/pre>\n","protected":false},"excerpt":{"rendered":"<p>SH \u010cMS &#8211; Sbor dobrovoln\u00fdch hasi\u010d\u016f Jev\u00ed\u010dko Svitavsk\u00e1 466 569 43 Jev\u00ed\u010dko I\u010cO: 64210693 e-mail: starosta@sdhjevicko.cz datov\u00e1 schr\u00e1nka: vwjhf2z Starosta SDH Jev\u00ed\u010dko: Jan Bidmon, DiS. tel: 777 107 826 e-mail: starosta@sdhjevicko.cz Velitel JSDHo Jev\u00ed\u010dko: Stanislav Duch\u00e1\u010dek tel: 739 425 442 e-mail: duchacek@jevicko.cz Vedouc\u00ed ml\u00e1de\u017ee SDH Jev\u00ed\u010dko: Ji\u0159\u00ed Bidmon&nbsp;&nbsp;&nbsp;&nbsp;&nbsp;&nbsp;&nbsp;&nbsp;&nbsp;&nbsp;&nbsp;&nbsp;&nbsp;&nbsp;&nbsp;&nbsp;&nbsp;&nbsp;&nbsp;&nbsp;&nbsp;&nbsp;&nbsp;&nbsp;&nbsp;&nbsp;&nbsp;&nbsp;&nbsp;&nbsp;&nbsp;&nbsp;&nbsp;&nbsp;&nbsp;&nbsp;&nbsp;&nbsp;&nbsp;&nbsp;&nbsp;&nbsp;&nbsp;Jan Richtr tel: 608 779 070&nbsp;&nbsp;&nbsp;&nbsp;&nbsp;&nbsp;&nbsp;&nbsp;&nbsp;&nbsp;&nbsp;&nbsp;&nbsp;&nbsp;&nbsp;&nbsp;&nbsp;&nbsp;&nbsp;&nbsp;&nbsp;&nbsp;&nbsp;&nbsp;&nbsp;&nbsp;&nbsp;&nbsp;&nbsp;&nbsp;&nbsp;&nbsp;&nbsp;&nbsp;&nbsp;&nbsp;&nbsp; 776 290 [&hellip;]<\/p>\n","protected":false},"author":1,"featured_media":0,"parent":0,"menu_order":0,"comment_status":"open","ping_status":"open","template":"","meta":{"ngg_post_thumbnail":0,"footnotes":""},"class_list":["post-12","page","type-page","status-publish","hentry"],"_links":{"self":[{"href":"https:\/\/sdhjevicko.cz\/index.php?rest_route=\/wp\/v2\/pages\/12","targetHints":{"allow":["GET"]}}],"collection":[{"href":"https:\/\/sdhjevicko.cz\/index.php?rest_route=\/wp\/v2\/pages"}],"about":[{"href":"https:\/\/sdhjevicko.cz\/index.php?rest_route=\/wp\/v2\/types\/page"}],"author":[{"embeddable":true,"href":"https:\/\/sdhjevicko.cz\/index.php?rest_route=\/wp\/v2\/users\/1"}],"replies":[{"embeddable":true,"href":"https:\/\/sdhjevicko.cz\/index.php?rest_route=%2Fwp%2Fv2%2Fcomments&post=12"}],"version-history":[{"count":19,"href":"https:\/\/sdhjevicko.cz\/index.php?rest_route=\/wp\/v2\/pages\/12\/revisions"}],"predecessor-version":[{"id":22129,"href":"https:\/\/sdhjevicko.cz\/index.php?rest_route=\/wp\/v2\/pages\/12\/revisions\/22129"}],"wp:attachment":[{"href":"https:\/\/sdhjevicko.cz\/index.php?rest_route=%2Fwp%2Fv2%2Fmedia&parent=12"}],"curies":[{"name":"wp","href":"https:\/\/api.w.org\/{rel}","templated":true}]}}