{"id":19582,"date":"2022-12-22T12:33:40","date_gmt":"2022-12-22T11:33:40","guid":{"rendered":"https:\/\/sdhjevicko.cz\/?page_id=19582"},"modified":"2022-12-22T12:39:04","modified_gmt":"2022-12-22T11:39:04","slug":"jak-spravne-nahlasit-mimoradnou-udalost","status":"publish","type":"page","link":"https:\/\/sdhjevicko.cz\/?page_id=19582","title":{"rendered":"Jak spr\u00e1vn\u011b nahl\u00e1sit mimo\u0159\u00e1dnou ud\u00e1lost"},"content":{"rendered":"\n<p>Ka\u017ed\u00fd z&nbsp;n\u00e1s se m\u016f\u017ee dostat do situace, kdy se stane sv\u011bdkem nebo p\u0159\u00edm\u00fdm \u00fa\u010dastn\u00edkem (v&nbsp;hor\u0161\u00edm p\u0159\u00edpad\u011b i posti\u017een\u00fdm) n\u011bjak\u00e9 ud\u00e1losti, kter\u00e1 ohro\u017euje na\u0161e zdrav\u00ed, \u017eivot, majetek nebo bezpe\u010dnost. Tato kapitola v\u00e1m poskytne n\u011bkolik rad, jak se zachovat v&nbsp;okam\u017eiku, kdy je t\u0159eba p\u0159ivolat pomoc. M\u011bli byste v\u011bd\u011bt, \u017ee v&nbsp;\u010cesk\u00e9 republice existuje n\u011bkolik telefonn\u00edch \u010d\u00edsel t\u00eds\u0148ov\u00e9ho vol\u00e1n\u00ed, na kter\u00e1 je mo\u017en\u00e9 mimo\u0159\u00e1dnou ud\u00e1lost ohl\u00e1sit. V pov\u011bdom\u00ed se n\u00e1m asi vybav\u00ed \u010d\u00edsla 150, 155, 158, mo\u017en\u00e1 i 112.<\/p>\n\n\n\n<figure class=\"wp-block-table\"><table class=\"has-black-color has-luminous-vivid-amber-background-color has-text-color has-background\"><tbody><tr><td>150<\/td><td>Hasi\u010dsk\u00fd z\u00e1chrann\u00fd sbor \u010cR<\/td><\/tr><tr><td>155<\/td><td>Zdravotnick\u00e1 z\u00e1chrann\u00e1 slu\u017eba<\/td><\/tr><tr><td>158<\/td><td>Policie \u010cR<\/td><\/tr><tr><td>112<\/td><td>Jednotn\u00e9 evropsk\u00e9 \u010d\u00edslo t\u00eds\u0148ov\u00e9ho vol\u00e1n\u00ed<\/td><\/tr><tr><td>156<\/td><td>M\u011bstsk\u00e1 (obecn\u00ed) policie<\/td><\/tr><\/tbody><\/table><\/figure>\n\n\n\n<figure class=\"wp-block-image size-full is-resized\"><a href=\"https:\/\/sdhjevicko.cz\/wp-content\/uploads\/2022\/12\/image-7.png\"><img fetchpriority=\"high\" decoding=\"async\" src=\"https:\/\/sdhjevicko.cz\/wp-content\/uploads\/2022\/12\/image-7.png\" alt=\"\" class=\"wp-image-19583\" width=\"820\" height=\"211\" srcset=\"https:\/\/sdhjevicko.cz\/wp-content\/uploads\/2022\/12\/image-7.png 618w, https:\/\/sdhjevicko.cz\/wp-content\/uploads\/2022\/12\/image-7-300x77.png 300w\" sizes=\"(max-width: 820px) 100vw, 820px\" \/><\/a><\/figure>\n\n\n\n<h2 class=\"wp-block-heading\">Kdy ale kter\u00e9 \u010d\u00edslo volat?<\/h2>\n\n\n\n<p>Pro co nejrychlej\u0161\u00ed vy\u0159\u00edzen\u00ed dan\u00e9 ud\u00e1losti doporu\u010dujeme volat na slo\u017eku, kter\u00e1 m\u00e1 k&nbsp;dan\u00e9 situaci nejbl\u00ed\u017ee. 150 Hasi\u010di \u2013 po\u017e\u00e1r, v\u00fdbuch, \u017eiveln\u00e1 pohroma, \u00fanik nebezpe\u010dn\u00fdch l\u00e1tek, technick\u00e1 hav\u00e1rie, vypro\u0161\u0165ov\u00e1n\u00ed osob, atd. <\/p>\n\n\n\n<p>155 Zdravotnick\u00e1 z\u00e1chrann\u00e1 slu\u017eba \u2013 n\u00e1hl\u00e9 ohro\u017een\u00ed \u017eivota nebo zdrav\u00ed osob. <\/p>\n\n\n\n<p>158 Policie \u010cR \u2013 kr\u00e1de\u017e, n\u00e1sil\u00ed, n\u00e1lez mrtv\u00e9 osoby, z\u00e1va\u017en\u00e1 dopravn\u00ed nehoda, n\u00e1lez podez\u0159el\u00e9ho p\u0159edm\u011btu (nevybuchl\u00e1 munice\u2026), atd. <\/p>\n\n\n\n<p>156 M\u011bstsk\u00e1 (obecn\u00ed) policie (pokud je v&nbsp;obci \/ m\u011bst\u011b z\u0159\u00edzena) \u2013 vandalismus, drobn\u00e1 kriminalita, \u0161patn\u00e9 parkov\u00e1n\u00ed ohro\u017euj\u00edc\u00ed bezpe\u010dnost, ru\u0161en\u00ed no\u010dn\u00edho klidu, atd. <\/p>\n\n\n\n<p>112 Jednotn\u00e9 evropsk\u00e9 \u010d\u00edslo t\u00eds\u0148ov\u00e9ho vol\u00e1n\u00ed \u2013 v\u017edy p\u0159i z\u00e1va\u017en\u011bj\u0161\u00edch mimo\u0159\u00e1dn\u00fdch ud\u00e1lostech, pot\u0159ebujete-li pomoc v\u00edce slo\u017eek. Tato linka je zvl\u00e1\u0161tn\u00ed i t\u00edm, \u017ee obsluhuj\u00edc\u00ed oper\u00e1to\u0159i hovo\u0159\u00ed i b\u011b\u017en\u00fdmi sv\u011btov\u00fdmi jazyky. Linka 112 se zavazuje obsluhovat volaj\u00edc\u00ed v angli\u010dtin\u011b a n\u011bm\u010din\u011b, dal\u0161\u00ed jazyky jsou nadstandard (setkat se m\u016f\u017eeme s oper\u00e1tory mluv\u00edc\u00edmi rusky, francouzsky, polsky, ma\u010farsky atd.). Provozuje ji Hasi\u010dsk\u00fd z\u00e1chrann\u00fd sbor \u010cR. &nbsp;&nbsp;&nbsp;<\/p>\n\n\n\n<p><em>Po cel\u00e9 \u010cesk\u00e9 republice funguje i jednotn\u00e9 \u010d\u00edslo&nbsp;<\/em><strong><em>1210 na Horskou slu\u017ebu<\/em><\/strong><em>. Na rozd\u00edl od linky 112 a&nbsp;ostatn\u00edch v\u00fd\u0161e uveden\u00fdch \u010d\u00edsel&nbsp;<\/em><strong><em>nen\u00ed vol\u00e1n\u00ed bezplatn\u00e9<\/em><\/strong><em>. Slu\u017eba je z\u0159\u00edzena v&nbsp;mobiln\u00edch a pevn\u00fdch s\u00edt\u00edch v\u0161ech \u010desk\u00fdch oper\u00e1tor\u016f jako p\u0159\u00edstup na t\u00eds\u0148ov\u00e9 linky. V&nbsp;\u010desk\u00fdch hor\u00e1ch je vhodn\u011bj\u0161\u00ed volat \u010d\u00edslo s&nbsp;mezin\u00e1rodn\u00ed p\u0159edvolbou, tedy&nbsp;<\/em><strong><em>+420 1210<\/em><\/strong><em>, proto\u017ee \u010d\u00e1st horsk\u00fdch oblast\u00ed u\u017e pokr\u00fdvaj\u00ed oper\u00e1to\u0159i z&nbsp;ciziny.<\/em>&nbsp;&nbsp;&nbsp;&nbsp;&nbsp;&nbsp;&nbsp;&nbsp;&nbsp;&nbsp;&nbsp;&nbsp; <\/p>\n\n\n\n<p>Na v\u0161echna \u010d\u00edsla lze volat 24 hod. denn\u011b. Linky jsou pro volaj\u00edc\u00edho bezplatn\u00e9 a d\u00e1 se na n\u011b volat i z&nbsp;mobiln\u00edch telefon\u016f bez kreditu a SIM karty. Nebojte se ozn\u00e1mit jakoukoliv mimo\u0159\u00e1dnou ud\u00e1lost p\u0159\u00edmo na t\u00eds\u0148ovou linku, urychl\u00edte t\u00edm p\u0159ivol\u00e1n\u00ed pomoci. &nbsp;&nbsp;&nbsp;&nbsp;&nbsp;&nbsp;&nbsp;&nbsp;&nbsp;&nbsp; <\/p>\n\n\n\n<p>Pokud zavol\u00e1te na \u0161patn\u00e9 \u010d\u00edslo, nic se ned\u011bje. Jednotliv\u00e9 slo\u017eky si vol\u00e1n\u00ed p\u0159edaj\u00ed mezi sebou. Jen budete muset t\u0159eba opakovat stejn\u00e9 informace, kter\u00e9 jste ji\u017e p\u0159ed chv\u00edli \u0159\u00edkali jin\u00e9mu oper\u00e1torovi. To ale stoj\u00ed drahocenn\u00fd \u010das a z\u00e1chran\u00e1\u0159i vyjedou pozd\u011bji.<\/p>\n\n\n\n<p>T\u00eds\u0148ov\u00e1 linka 112 je spojena s t\u00eds\u0148ovou linkou 112, tud\u00ed\u017e zde v\u00e1s vyt\u011b\u017e\u00ed jeden oper\u00e1tor pro ob\u011b \u010d\u00edsla.<\/p>\n\n\n\n<p>N\u011bkter\u00e9 telefony nepodporuj\u00ed n\u00e1rodn\u00ed telefonn\u00ed \u010d\u00edsla a i kdy\u017e vyto\u010d\u00edte tato \u010d\u00edsla, telefon v\u00e1s spoj\u00ed na t\u00eds\u0148ovou linku 112. Nic se ned\u011bje p\u0159\u00edslu\u0161n\u00fd oper\u00e1tor t\u00eds\u0148ov\u00e9 linky od v\u00e1s zjist\u00ed z\u00e1kladn\u00ed informace a p\u0159epoj\u00ed v\u00e1s na p\u0159\u00edslu\u0161nou z\u00e1chrannou slo\u017eku.<\/p>\n\n\n\n<h2 class=\"wp-block-heading\">Jak spr\u00e1vn\u011b nahl\u00e1sit ud\u00e1lost?<\/h2>\n\n\n\n<p>Ne\u017e zavol\u00e1te na t\u00eds\u0148ov\u00e9 \u010d\u00edslo, ud\u011blejte v\u0161e pro sv\u00e9 vlastn\u00ed bezpe\u010d\u00ed (dostate\u010dn\u00e1 vzd\u00e1lenost od po\u017e\u00e1ru nebo m\u00edsta nehody, \u2026)! Uklidn\u011bte se, zorientujte se v&nbsp;okol\u00ed (oper\u00e1tor bude chv\u00edli v\u011bd\u011bt, kde se p\u0159esn\u011b ud\u00e1lost stala). B\u011bhem hovoru se sna\u017ete mluvit pomalu, klidn\u011b a srozumiteln\u011b.<\/p>\n\n\n\n<p>Oper\u00e1torovi nahlaste:<\/p>\n\n\n\n<ul class=\"wp-block-list\">\n<li><strong><mark style=\"background-color:rgba(0, 0, 0, 0)\" class=\"has-inline-color has-luminous-vivid-amber-color\">co se stalo &#8211; popis ud\u00e1losti, rozsah, po\u010det posti\u017een\u00fdch nebo ohro\u017een\u00fdch osob<\/mark><\/strong><\/li>\n\n\n\n<li><strong><mark style=\"background-color:rgba(0, 0, 0, 0)\" class=\"has-inline-color has-luminous-vivid-amber-color\">kde se to stalo \u2013 pokud mo\u017eno p\u0159esn\u00e1 adresa nebo popis m\u00edsta ud\u00e1losti \u2013 vzhledem ke shodn\u00fdm n\u00e1zv\u016fm ulic v\u00a0mnoha obc\u00edch \u010cR je nutn\u00e9 uvd\u011bt i n\u00e1zev obce, ve kter\u00e9 se nach\u00e1z\u00edte, pop\u0159. i okres<\/mark><\/strong>&lt;<\/li>\n\n\n\n<li><strong><mark style=\"background-color:rgba(0, 0, 0, 0)\" class=\"has-inline-color has-luminous-vivid-amber-color\">kdo vol\u00e1 \u2013 jm\u00e9no a kontakt na volaj\u00edc\u00edho<\/mark><\/strong><\/li>\n<\/ul>\n\n\n\n<p>Nezav\u011b\u0161ujte, je mo\u017en\u00e9, \u017ee oper\u00e1tor bude m\u00edt dal\u0161\u00ed dotazy. Po ukon\u010den\u00ed hovoru nevyp\u00ednejte telefon. Oper\u00e1tor m\u016f\u017ee volat zp\u011bt pro ov\u011b\u0159en\u00ed nebo up\u0159esn\u011bn\u00ed \u00fadaj\u016f.<\/p>\n\n\n\n<p><strong><em>T\u00eds\u0148ovou komunikaci lze v\u00e9st i pomoc\u00ed SMS, tohoto vyu\u017eijeme v situaci, kdy nelze mluvit.<\/em><\/strong><\/p>\n\n\n\n<h2 class=\"wp-block-heading\">Zneu\u017eit\u00ed t\u00eds\u0148ov\u00fdch linek<\/h2>\n\n\n\n<p>Zneu\u017eit\u00ed t\u00eds\u0148ov\u00fdch linek je trestn\u00fdm \u010dinem. D\u00edky modern\u00ed technologii lze volaj\u00edc\u00edho dohledat. Linky t\u00eds\u0148ov\u00e9ho vol\u00e1n\u00ed jsou z\u0159\u00edzeny pouze pro p\u0159ijet\u00ed stavu nouze. Z\u00e1chran\u00e1\u0159i, kte\u0159\u00ed jsou v\u00e1z\u00e1ni na \u0159e\u0161en\u00ed neexistuj\u00edc\u00ed ud\u00e1losti mohou chyb\u011bt jinde! Zlomysln\u00e9 vol\u00e1n\u00ed na t\u00eds\u0148ov\u00e9 linky se nav\u00edc m\u016f\u017ee hodn\u011b prodra\u017eit. \u010cesk\u00fd telekomunika\u010dn\u00ed \u00fa\u0159ad m\u016f\u017ee za takov\u00e9 jedn\u00e1n\u00ed ulo\u017eit pokutu ve v\u00fd\u0161i 200.000,- K\u010d. Nav\u00edc jsou oper\u00e1to\u0159i t\u00eds\u0148ov\u00fdch linek opr\u00e1vn\u011bni, zlomysln\u011b volaj\u00edc\u00ed \u010d\u00edslo, zablokovat. Zde je t\u0159eba si uv\u011bdomit, \u017ee a\u017e budu skute\u010dn\u011b pot\u0159ebovat pomoc, tak se nedovol\u00e1m<\/p>\n","protected":false},"excerpt":{"rendered":"<p>Ka\u017ed\u00fd z&nbsp;n\u00e1s se m\u016f\u017ee dostat do situace, kdy se stane sv\u011bdkem nebo p\u0159\u00edm\u00fdm \u00fa\u010dastn\u00edkem (v&nbsp;hor\u0161\u00edm p\u0159\u00edpad\u011b i posti\u017een\u00fdm) n\u011bjak\u00e9 ud\u00e1losti, kter\u00e1 ohro\u017euje na\u0161e zdrav\u00ed, \u017eivot, majetek nebo bezpe\u010dnost. Tato kapitola v\u00e1m poskytne n\u011bkolik rad, jak se zachovat v&nbsp;okam\u017eiku, kdy je t\u0159eba p\u0159ivolat pomoc. M\u011bli byste v\u011bd\u011bt, \u017ee v&nbsp;\u010cesk\u00e9 republice existuje n\u011bkolik telefonn\u00edch \u010d\u00edsel t\u00eds\u0148ov\u00e9ho vol\u00e1n\u00ed, [&hellip;]<\/p>\n","protected":false},"author":3,"featured_media":19584,"parent":16743,"menu_order":0,"comment_status":"open","ping_status":"closed","template":"","meta":{"ngg_post_thumbnail":0,"footnotes":""},"class_list":["post-19582","page","type-page","status-publish","has-post-thumbnail","hentry"],"_links":{"self":[{"href":"https:\/\/sdhjevicko.cz\/index.php?rest_route=\/wp\/v2\/pages\/19582","targetHints":{"allow":["GET"]}}],"collection":[{"href":"https:\/\/sdhjevicko.cz\/index.php?rest_route=\/wp\/v2\/pages"}],"about":[{"href":"https:\/\/sdhjevicko.cz\/index.php?rest_route=\/wp\/v2\/types\/page"}],"author":[{"embeddable":true,"href":"https:\/\/sdhjevicko.cz\/index.php?rest_route=\/wp\/v2\/users\/3"}],"replies":[{"embeddable":true,"href":"https:\/\/sdhjevicko.cz\/index.php?rest_route=%2Fwp%2Fv2%2Fcomments&post=19582"}],"version-history":[{"count":5,"href":"https:\/\/sdhjevicko.cz\/index.php?rest_route=\/wp\/v2\/pages\/19582\/revisions"}],"predecessor-version":[{"id":19590,"href":"https:\/\/sdhjevicko.cz\/index.php?rest_route=\/wp\/v2\/pages\/19582\/revisions\/19590"}],"up":[{"embeddable":true,"href":"https:\/\/sdhjevicko.cz\/index.php?rest_route=\/wp\/v2\/pages\/16743"}],"wp:featuredmedia":[{"embeddable":true,"href":"https:\/\/sdhjevicko.cz\/index.php?rest_route=\/wp\/v2\/media\/19584"}],"wp:attachment":[{"href":"https:\/\/sdhjevicko.cz\/index.php?rest_route=%2Fwp%2Fv2%2Fmedia&parent=19582"}],"curies":[{"name":"wp","href":"https:\/\/api.w.org\/{rel}","templated":true}]}}