{"id":19591,"date":"2022-12-22T12:54:07","date_gmt":"2022-12-22T11:54:07","guid":{"rendered":"https:\/\/sdhjevicko.cz\/?page_id=19591"},"modified":"2022-12-22T12:54:21","modified_gmt":"2022-12-22T11:54:21","slug":"aby-misto-jeziska-neprijeli-hasici","status":"publish","type":"page","link":"https:\/\/sdhjevicko.cz\/?page_id=19591","title":{"rendered":"Aby m\u00edsto Je\u017e\u00ed\u0161ka nep\u0159ijeli hasi\u010di\u2026"},"content":{"rendered":"\n<p>V\u00e1noce jsou za dve\u0159mi. Stejn\u011b jako Je\u017e\u00ed\u0161ek dobaluje posledn\u00ed d\u00e1rky, i v dom\u00e1cnostech vrchol\u00ed p\u0159\u00edpravy na nejkr\u00e1sn\u011bj\u0161\u00ed sv\u00e1tky roku. D\u011bti se t\u011b\u0161\u00ed na pr\u00e1zdniny a dosp\u011bl\u00ed, \u017ee si na p\u00e1r dn\u00ed odpo\u010dinou od pr\u00e1ce.\u00a0<\/p>\n\n\n\n<p>Nicm\u00e9n\u011b&nbsp;po\u017e\u00e1ry ani dopravn\u00ed nehody si volno na sv\u00e1tky nevyb\u00edraj\u00ed. Ka\u017ed\u00fd rok ve statistik\u00e1ch zauj\u00edmaj\u00ed v\u00fdznamnou&nbsp; \u010d\u00e1st.&nbsp;V&nbsp;lo\u0148sk\u00e9m roce b\u011bhem v\u00e1no\u010dn\u00edch sv\u00e1tk\u016f (24. \u2013 26. prosince) k&nbsp;127 po\u017e\u00e1r\u016fm, p\u0159i kter\u00fdch se zranilo 23 osob. Z&nbsp;toho t\u00e9m\u011b\u0159 40 % po\u017e\u00e1r\u016f p\u0159ipadlo na \u0160t\u011bdr\u00fd den.<\/p>\n\n\n\n<p>Lo\u0148sk\u00e9 sv\u00e1tky tak\u00e9 poznamenaly v\u00e1\u017en\u00e9 dopravn\u00ed nehody, t\u011bch bylo celkem 176, co\u017e je v\u00fdrazn\u011b nejv\u00edc za posledn\u00edch 6 let.<\/p>\n\n\n\n<figure class=\"wp-block-image\"><img decoding=\"async\" src=\"https:\/\/www.hzscr.cz\/SCRIPT\/ViewImage.aspx?physid=1265630&amp;docname=tabulka%20v%C3%A1noce.png\" alt=\"tabulka v\u00e1noce.png\"\/><\/figure>\n\n\n\n<p>Vzhledem k tomu, \u017ee V\u00e1no\u010dn\u00ed sv\u00e1tky lid\u00e9 pro\u017e\u00edvaj\u00ed v\u00edce&nbsp;emocion\u00e1ln\u011b, jsou n\u00e1sledn\u00e9 \u0161kody na psychice \u010dlov\u011bka v p\u0159\u00edpad\u011b&nbsp;ne\u0161t\u011bst\u00ed v\u011bt\u0161\u00ed, r\u00e1ny osudu zanech\u00e1vaj\u00ed hlub\u0161\u00ed r\u00e1ny. Proto je nutn\u00e9 nezapom\u00ednat na obez\u0159etnost a opatrnost. P\u0159edev\u0161\u00edm nenechat nikdy zap\u00e1len\u00e9 sv\u00ed\u010dky a prskavky bez dozoru, nezapomenout v\u00e1no\u010dn\u00ed cukrov\u00ed v troub\u011b&nbsp;nebo slavnostn\u00ed ve\u010de\u0159i na plotn\u011b, zach\u00e1zet s pyrotechnikou bezpe\u010dn\u011b&nbsp;a dle n\u00e1vodu, v p\u0159\u00edpad\u011b nep\u0159\u00edzniv\u00e9ho po\u010das\u00ed rad\u011bji nevyj\u00ed\u017ed\u011bt&nbsp;autem. (<a href=\"https:\/\/www.hzscr.cz\/soubor\/2-vanoce-varovani-m4a.aspx\">zvuk<\/a>)<\/p>\n\n\n\n<h3 class=\"wp-block-heading\"><strong>V\u00e1no\u010dn\u00ed rady hasi\u010d\u016f aneb na co si d\u00e1t zejm\u00e9na pozor<\/strong><\/h3>\n\n\n\n<p><strong>Adventn\u00ed v\u011bnce<\/strong><\/p>\n\n\n\n<p>Ka\u017ed\u00fd prod\u00e1van\u00fd v\u00fdrobek by m\u011bl b\u00fdt opat\u0159en n\u00e1vodem k&nbsp;pou\u017eit\u00ed, ve kter\u00e9m se lze dozv\u011bd\u011bt, jak s&nbsp;p\u0159edm\u011btem bezpe\u010dn\u011b zach\u00e1zet. Adventn\u00ed v\u011bnce pln\u011bn\u00e9 pilinami a bez neho\u0159lav\u00fdch podlo\u017eek jsou ur\u010deny pouze k&nbsp;dekoraci a sv\u00ed\u010dky na nich bychom nikdy nem\u011bli zapalovat. Rizikov\u00e9 jsou i v\u011bnce, kde nen\u00ed dostate\u010dn\u011b p\u0159ipevn\u011bn\u00fd dr\u017e\u00e1k pod sv\u00ed\u010dku nebo je kolem sv\u00ed\u010dky p\u0159\u00edli\u0161 mnoho chvoj\u00ed. (<a href=\"https:\/\/www.hzscr.cz\/soubor\/adventni-venec-m4a.aspx\">zvuk<\/a>)<\/p>\n\n\n\n<figure class=\"wp-block-image size-full\"><a href=\"https:\/\/sdhjevicko.cz\/wp-content\/uploads\/2022\/12\/image-10.png\"><img fetchpriority=\"high\" decoding=\"async\" width=\"300\" height=\"225\" src=\"https:\/\/sdhjevicko.cz\/wp-content\/uploads\/2022\/12\/image-10.png\" alt=\"\" class=\"wp-image-19594\"\/><\/a><\/figure>\n\n\n\n<p><strong>Sv\u00ed\u010dky a prskavky<\/strong><\/p>\n\n\n\n<p>Ho\u0159\u00edc\u00ed sv\u00ed\u010dky a prskavky jsou otev\u0159en\u00fdm ohn\u011bm, a proto bychom je v&nbsp;dom\u00e1cnosti nikdy nem\u011bli nech\u00e1vat bez dozoru. P\u0159i odchodu z&nbsp;m\u00edstnosti je nutn\u00e9 v\u0161echny \u0159\u00e1dn\u011b uhasit. Ve vzd\u00e1lenosti 10 cm od plamene sv\u00ed\u010dky m\u016f\u017ee b\u00fdt teplota a\u017e 200&nbsp;\u00b0C, co\u017e sta\u010d\u00ed k&nbsp;zap\u00e1len\u00ed pap\u00edru, plastu \u010di textili\u00ed. &nbsp;Ho\u0159\u00edc\u00ed sv\u00ed\u010dku v\u017edy um\u00eds\u0165ujeme na stabiln\u00ed neho\u0159lavou podlo\u017eku. Sv\u00ed\u010dka mus\u00ed st\u00e1t v&nbsp;dostate\u010dn\u00e9 vzd\u00e1lenosti od ho\u0159lav\u00fdch materi\u00e1l\u016f (jako jsou z\u00e1clony a potahy), nesm\u00ed se um\u00eds\u0165ovat do pr\u016fvanu nebo do polic ve sk\u0159\u00ed\u0148k\u00e1ch. Rizikov\u00fdm faktorem jsou mal\u00e9 d\u011bti a zv\u00ed\u0159ata, kter\u00e9 mohou ho\u0159\u00edc\u00ed sv\u00ed\u010dku p\u0159evrhnout.<\/p>\n\n\n\n<p>Prskavky pou\u017e\u00edv\u00e1me jen nad neho\u0159lav\u00fdm povrchem a p\u0159i pou\u017eit\u00ed je dr\u017e\u00edme stranou od t\u011bla. Db\u00e1me na to, aby v&nbsp;jejich okol\u00ed nebyl \u017e\u00e1dn\u00fd ho\u0159lav\u00fd materi\u00e1l \u2013 nap\u0159\u00edklad stuhy nebo \u0159et\u011bzy na strome\u010dku. P\u0159ed ulo\u017een\u00edm do komun\u00e1ln\u00edho odpadu pou\u017eitou prskavku zchla\u010fte, nap\u0159. namo\u010den\u00edm do n\u00e1doby s&nbsp;vodou nebo zap\u00edchnut\u00edm do sn\u011bhu.<\/p>\n\n\n\n<figure class=\"wp-block-image size-full\"><a href=\"https:\/\/sdhjevicko.cz\/wp-content\/uploads\/2022\/12\/image-9.png\"><img decoding=\"async\" width=\"840\" height=\"525\" src=\"https:\/\/sdhjevicko.cz\/wp-content\/uploads\/2022\/12\/image-9.png\" alt=\"\" class=\"wp-image-19593\" srcset=\"https:\/\/sdhjevicko.cz\/wp-content\/uploads\/2022\/12\/image-9.png 840w, https:\/\/sdhjevicko.cz\/wp-content\/uploads\/2022\/12\/image-9-300x188.png 300w, https:\/\/sdhjevicko.cz\/wp-content\/uploads\/2022\/12\/image-9-768x480.png 768w\" sizes=\"(max-width: 840px) 100vw, 840px\" \/><\/a><\/figure>\n\n\n\n<p><strong>Elektrick\u00e9 v\u00e1no\u010dn\u00ed dekorace<\/strong><\/p>\n\n\n\n<p>Sv\u011bteln\u00e9 \u0159et\u011bzy a jin\u00e9 elektrick\u00e9 v\u00e1no\u010dn\u00ed dekorace nakupujte v&nbsp;kamenn\u00fdch obchodech a v\u017edy si ov\u011b\u0159te, zda byly certifikov\u00e1ny pro \u010desk\u00fd trh. V\u017edy dodr\u017eujte n\u00e1vod k jejich&nbsp;pou\u017eit\u00ed. D\u016fle\u017eit\u00e9 jsou zejm\u00e9na informace: do jak\u00e9ho prost\u0159ed\u00ed je v\u00fdrobek ur\u010den, jak dlouho sm\u00ed b\u00fdt v&nbsp;provozu (sv\u00edtit) a jak\u00fd je jejich maxim\u00e1ln\u00ed p\u0159\u00edkon. Po rozbalen\u00ed z&nbsp;krabice zkontrolujte stav elektrick\u00fdch kabel\u016f, zda jsou celistv\u00e9, nejsou nap\u0159\u00edklad pol\u00e1man\u00e9, aby nedo\u0161lo ke zkratu.<\/p>\n\n\n\n<figure class=\"wp-block-image size-full\"><a href=\"https:\/\/sdhjevicko.cz\/wp-content\/uploads\/2022\/12\/image-13.png\"><img decoding=\"async\" width=\"690\" height=\"365\" src=\"https:\/\/sdhjevicko.cz\/wp-content\/uploads\/2022\/12\/image-13.png\" alt=\"\" class=\"wp-image-19597\" srcset=\"https:\/\/sdhjevicko.cz\/wp-content\/uploads\/2022\/12\/image-13.png 690w, https:\/\/sdhjevicko.cz\/wp-content\/uploads\/2022\/12\/image-13-300x159.png 300w\" sizes=\"(max-width: 690px) 100vw, 690px\" \/><\/a><\/figure>\n\n\n\n<p><strong>Pe\u010den\u00ed a va\u0159en\u00ed<\/strong><\/p>\n\n\n\n<p>Ani plamen plynov\u00e9ho spor\u00e1ku nen\u00ed mo\u017en\u00e9 nechat bez dozoru. Zejm\u00e9na p\u0159i sma\u017een\u00ed db\u00e1me zv\u00fd\u0161en\u00e9 opatrnosti, aby nedo\u0161lo ke vzn\u00edcen\u00ed potravin na p\u00e1nvi. Pokud se tak stane, nikdy nehaste hork\u00fd olej vodou! Doporu\u010den\u00fd postup je: zachovejte klidnou hlavu! Vypn\u011bte p\u0159\u00edvod energie, zakryjte p\u00e1nev poklic\u00ed, plechem nebo mokrou ut\u011brkou, a ohe\u0148 bez p\u0159\u00edstupu vzduchu nechte uhasnout.<\/p>\n\n\n\n<figure class=\"wp-block-image size-full\"><a href=\"https:\/\/sdhjevicko.cz\/wp-content\/uploads\/2022\/12\/image-12.png\"><img loading=\"lazy\" decoding=\"async\" width=\"690\" height=\"365\" src=\"https:\/\/sdhjevicko.cz\/wp-content\/uploads\/2022\/12\/image-12.png\" alt=\"\" class=\"wp-image-19596\" srcset=\"https:\/\/sdhjevicko.cz\/wp-content\/uploads\/2022\/12\/image-12.png 690w, https:\/\/sdhjevicko.cz\/wp-content\/uploads\/2022\/12\/image-12-300x159.png 300w\" sizes=\"(max-width: 690px) 100vw, 690px\" \/><\/a><\/figure>\n\n\n\n<p><strong>V P\u0158\u00cdPAD\u011a PO\u017d\u00c1RU VOLEJTE HASI\u010cE<\/strong><\/p>\n\n\n\n<figure class=\"wp-block-image size-full is-resized\"><a href=\"https:\/\/sdhjevicko.cz\/wp-content\/uploads\/2022\/12\/image-8.png\"><img loading=\"lazy\" decoding=\"async\" src=\"https:\/\/sdhjevicko.cz\/wp-content\/uploads\/2022\/12\/image-8.png\" alt=\"\" class=\"wp-image-19592\" width=\"300\" height=\"152\" srcset=\"https:\/\/sdhjevicko.cz\/wp-content\/uploads\/2022\/12\/image-8.png 315w, https:\/\/sdhjevicko.cz\/wp-content\/uploads\/2022\/12\/image-8-300x151.png 300w\" sizes=\"(max-width: 300px) 100vw, 300px\" \/><\/a><\/figure>\n","protected":false},"excerpt":{"rendered":"<p>V\u00e1noce jsou za dve\u0159mi. Stejn\u011b jako Je\u017e\u00ed\u0161ek dobaluje posledn\u00ed d\u00e1rky, i v dom\u00e1cnostech vrchol\u00ed p\u0159\u00edpravy na nejkr\u00e1sn\u011bj\u0161\u00ed sv\u00e1tky roku. D\u011bti se t\u011b\u0161\u00ed na pr\u00e1zdniny a dosp\u011bl\u00ed, \u017ee si na p\u00e1r dn\u00ed odpo\u010dinou od pr\u00e1ce.\u00a0 Nicm\u00e9n\u011b&nbsp;po\u017e\u00e1ry ani dopravn\u00ed nehody si volno na sv\u00e1tky nevyb\u00edraj\u00ed. Ka\u017ed\u00fd rok ve statistik\u00e1ch zauj\u00edmaj\u00ed v\u00fdznamnou&nbsp; \u010d\u00e1st.&nbsp;V&nbsp;lo\u0148sk\u00e9m roce b\u011bhem v\u00e1no\u010dn\u00edch sv\u00e1tk\u016f (24. [&hellip;]<\/p>\n","protected":false},"author":3,"featured_media":19598,"parent":16743,"menu_order":0,"comment_status":"open","ping_status":"closed","template":"","meta":{"ngg_post_thumbnail":0,"footnotes":""},"class_list":["post-19591","page","type-page","status-publish","has-post-thumbnail","hentry"],"_links":{"self":[{"href":"https:\/\/sdhjevicko.cz\/index.php?rest_route=\/wp\/v2\/pages\/19591","targetHints":{"allow":["GET"]}}],"collection":[{"href":"https:\/\/sdhjevicko.cz\/index.php?rest_route=\/wp\/v2\/pages"}],"about":[{"href":"https:\/\/sdhjevicko.cz\/index.php?rest_route=\/wp\/v2\/types\/page"}],"author":[{"embeddable":true,"href":"https:\/\/sdhjevicko.cz\/index.php?rest_route=\/wp\/v2\/users\/3"}],"replies":[{"embeddable":true,"href":"https:\/\/sdhjevicko.cz\/index.php?rest_route=%2Fwp%2Fv2%2Fcomments&post=19591"}],"version-history":[{"count":1,"href":"https:\/\/sdhjevicko.cz\/index.php?rest_route=\/wp\/v2\/pages\/19591\/revisions"}],"predecessor-version":[{"id":19599,"href":"https:\/\/sdhjevicko.cz\/index.php?rest_route=\/wp\/v2\/pages\/19591\/revisions\/19599"}],"up":[{"embeddable":true,"href":"https:\/\/sdhjevicko.cz\/index.php?rest_route=\/wp\/v2\/pages\/16743"}],"wp:featuredmedia":[{"embeddable":true,"href":"https:\/\/sdhjevicko.cz\/index.php?rest_route=\/wp\/v2\/media\/19598"}],"wp:attachment":[{"href":"https:\/\/sdhjevicko.cz\/index.php?rest_route=%2Fwp%2Fv2%2Fmedia&parent=19591"}],"curies":[{"name":"wp","href":"https:\/\/api.w.org\/{rel}","templated":true}]}}