{"id":19616,"date":"2022-12-28T21:18:58","date_gmt":"2022-12-28T20:18:58","guid":{"rendered":"https:\/\/sdhjevicko.cz\/?page_id=19616"},"modified":"2022-12-28T21:18:58","modified_gmt":"2022-12-28T20:18:58","slug":"zabavni-pyrotechnika","status":"publish","type":"page","link":"https:\/\/sdhjevicko.cz\/?page_id=19616","title":{"rendered":"Z\u00e1bavn\u00ed pyrotechnika"},"content":{"rendered":"\n<p>Silvestrovsk\u00e9 vesel\u00ed je ji\u017e tradi\u010dn\u011b spojeno s&nbsp;pou\u017e\u00edv\u00e1n\u00edm z\u00e1bavn\u00ed pyrotechniky (sv\u011btlic, d\u011blobuch\u016f, petard, rachejtl\u00ed apod.). Bohu\u017eel ka\u017ed\u00fd rok necht\u011bn\u00e9 n\u00e1sledky t\u00e9to z\u00e1bavn\u00ed pyrotechniky zam\u011bstn\u00e1vaj\u00ed hasi\u010de i zdravotnickou z\u00e1chrannou slu\u017ebu. Po\u010det po\u017e\u00e1r\u016f zp\u016fsoben\u00fdch z\u00e1bavn\u00ed pyrotechnikou v&nbsp;posledn\u00edch letech v\u00fdrazn\u011b vzrostl a zp\u016fsoben\u00e9 \u0161kody se pohybuj\u00ed v&nbsp;\u0159\u00e1dech milion\u016f korun. Nej\u010dast\u011bji ho\u0159\u00ed tr\u00e1vn\u00ed porosty, kontejnery s&nbsp;odpady, okrasn\u00e9 ke\u0159e nebo v\u011bci na balkonech. V&nbsp;posledn\u00ed dob\u011b doch\u00e1z\u00ed i k&nbsp;zap\u00e1len\u00ed odstaven\u00fdch aut a objevuj\u00ed se i p\u0159\u00edpady vyho\u0159el\u00fdch byt\u016f, do kter\u00fdch vl\u00e9tly zap\u00e1len\u00e9 sv\u011btlice.<\/p>\n\n\n\n<p>Z\u00e1bavn\u00ed pyrotechniku kupujeme pouze takovou, kter\u00e1 je na \u010desk\u00fd trh uv\u00e1d\u011bna leg\u00e1ln\u011b, m\u00e1 n\u00e1vod v\u00fdrobce na pou\u017eit\u00ed v&nbsp;\u010desk\u00e9m jazyce a certifika\u010dn\u00ed zna\u010dku. Pyrotechniku navlhlou \u010di s&nbsp;otev\u0159en\u00fdm obalem nikdy nekupujeme.<\/p>\n\n\n\n<p>Doma z\u00e1bavn\u00ed pyrotechniku ulo\u017e\u00edme na such\u00e9m m\u00edst\u011b, mimo dosah d\u011bt\u00ed. Nevhodn\u00e9 je skladov\u00e1n\u00ed v&nbsp;bl\u00edzkosti krb\u016f, otev\u0159en\u00fdch oh\u0148\u016f a sv\u00ed\u010dek, kde by mohlo doj\u00edt k jej\u00ed iniciaci.<\/p>\n\n\n\n<p><mark style=\"background-color:rgba(0, 0, 0, 0)\" class=\"has-inline-color has-luminous-vivid-amber-color\">Z\u00e1sady zach\u00e1zen\u00ed s\u00a0pyrotechnikou<\/mark><\/p>\n\n\n\n<ul class=\"wp-block-list\">\n<li><mark style=\"background-color:rgba(0, 0, 0, 0)\" class=\"has-inline-color has-luminous-vivid-amber-color\">Dbejte na to, abyste p\u0159i pou\u017e\u00edv\u00e1n\u00ed z\u00e1bavn\u00ed pyrotechniky neohrozili zdrav\u00ed ani majetek sv\u016fj \u010di n\u011bkoho dal\u0161\u00edho. Pamatujte, \u017ee podle z\u00e1kona \u010d.133\/1985 Sb., o po\u017e\u00e1rn\u00ed ochran\u011b si mus\u00ed ka\u017ed\u00fd po\u010d\u00ednat tak, aby nezp\u016fsobil po\u017e\u00e1r. Jinak mu m\u016f\u017ee b\u00fdt ze strany hasi\u010d\u016f ud\u011blena pokuta a\u017e do v\u00fd\u0161e 25\u00a0000 K\u010d.<\/mark><\/li>\n\n\n\n<li><mark style=\"background-color:rgba(0, 0, 0, 0)\" class=\"has-inline-color has-luminous-vivid-amber-color\">S\u00a0pyrotechnikou je nutn\u00e9 manipulovat z\u00e1sadn\u011b na voln\u00e9m prostranstv\u00ed, minim\u00e1ln\u011b 100 metr\u016f od obydl\u00ed, tak aby nemohlo doj\u00edt nap\u0159. k\u00a0vniknut\u00ed sv\u011btlice do oken, zap\u00e1len\u00ed st\u0159echy dom\u016f, aut nebo ke\u0159\u016f.<\/mark><\/li>\n\n\n\n<li><mark style=\"background-color:rgba(0, 0, 0, 0)\" class=\"has-inline-color has-luminous-vivid-amber-color\">Se z\u00e1bavn\u00ed pyrotechnikou nesm\u00ed manipulovat nezletil\u00e9 d\u011bti bez dozoru dosp\u011bl\u00fdch.<\/mark><\/li>\n\n\n\n<li><mark style=\"background-color:rgba(0, 0, 0, 0)\" class=\"has-inline-color has-luminous-vivid-amber-color\">Rozhodn\u011b neodpalujte pyrotechniku, pokud jste po\u017eili alkohol. St\u00e1v\u00e1 se, \u017ee m\u00edsto do vzduchu zam\u00ed\u0159\u00ed podnapil\u00e1 osoba na kolemjdouc\u00ed osoby \u010di obydl\u00ed, proto\u017ee neudr\u017e\u00ed p\u0159edepsan\u00fd sm\u011br vypou\u0161t\u011bn\u00ed pyrotechniky.<\/mark><\/li>\n\n\n\n<li><mark style=\"background-color:rgba(0, 0, 0, 0)\" class=\"has-inline-color has-luminous-vivid-amber-color\">Pozor si dejte tak\u00e9 na zvukov\u00e9 efekty petard. Petardy nejsou nebezpe\u010dn\u00e9 z\u00a0po\u017e\u00e1rn\u00edho hlediska, ale mohou p\u0159i nevhodn\u00e9m odp\u00e1len\u00ed po\u0161kodit sluch.<\/mark><\/li>\n\n\n\n<li><mark style=\"background-color:rgba(0, 0, 0, 0)\" class=\"has-inline-color has-luminous-vivid-amber-color\">Pokud si chcete ud\u011blat radost v\u011bt\u0161\u00edm oh\u0148ostrojem, m\u011bjte pros\u00edm na pam\u011bti, \u017ee tak m\u016f\u017ee \u010dinit jen odborn\u011b zp\u016fsobil\u00e1 osoba. Sv\u011b\u0159te tedy jejich realizaci odborn\u00edk\u016fm \u010di si zajd\u011bte na oh\u0148ostroj po\u0159\u00e1dan\u00fd va\u0161\u00ed obc\u00ed.<\/mark><\/li>\n<\/ul>\n\n\n\n<p>Nej\u010dast\u011bj\u0161\u00ed p\u0159\u00ed\u010dinou vzniku po\u017e\u00e1r\u016f je lidsk\u00e1 nedbalost: zanedb\u00e1n\u00ed bezpe\u010dnostn\u00edch p\u0159edpis\u016f, nespr\u00e1vn\u00e1 obsluha v\u00fdrobk\u016f, pou\u017e\u00edv\u00e1n\u00ed otev\u0159en\u00e9ho ohn\u011b a kou\u0159en\u00ed.<\/p>\n\n\n\n<figure class=\"wp-block-image size-full\"><a href=\"https:\/\/sdhjevicko.cz\/wp-content\/uploads\/2022\/12\/FB_IMG_1672248888607.jpg\"><img fetchpriority=\"high\" decoding=\"async\" width=\"960\" height=\"960\" src=\"https:\/\/sdhjevicko.cz\/wp-content\/uploads\/2022\/12\/FB_IMG_1672248888607.jpg\" alt=\"\" class=\"wp-image-19617\" srcset=\"https:\/\/sdhjevicko.cz\/wp-content\/uploads\/2022\/12\/FB_IMG_1672248888607.jpg 960w, https:\/\/sdhjevicko.cz\/wp-content\/uploads\/2022\/12\/FB_IMG_1672248888607-300x300.jpg 300w, https:\/\/sdhjevicko.cz\/wp-content\/uploads\/2022\/12\/FB_IMG_1672248888607-150x150.jpg 150w, https:\/\/sdhjevicko.cz\/wp-content\/uploads\/2022\/12\/FB_IMG_1672248888607-768x768.jpg 768w\" sizes=\"(max-width: 960px) 100vw, 960px\" \/><\/a><\/figure>\n\n\n\n<p>Je nutno si uv\u011bdomit, \u017ee z\u00e1bavn\u00e1 pyrotechnika se d\u011bl\u00ed do 4 t\u0159\u00edd nebezpe\u010dnosti, kdy I. t\u0159\u00edda nebezpe\u010dnosti je voln\u011b prodejn\u00e1, II. t\u0159\u00edda nebezpe\u010dnosti je prodejn\u00e1 osob\u00e1m star\u0161\u00edm 18 let, III. a IV. t\u0159\u00edda nebezpe\u010dnosti je ur\u010dena pro odpalova\u010de oh\u0148ostroj\u016f, kte\u0159\u00ed spl\u0148uj\u00ed z\u00e1konn\u00e9 podm\u00ednky. V\u00a0sou\u010dasn\u00e9 dob\u011b je ji\u017e v\u00a0prodeji z\u00e1bavn\u00e1 pyrotechnika s\u00a0nov\u00fdm ozna\u010den\u00edm nebezpe\u010dnosti. Nov\u011b se bude d\u011blit do kategori\u00ed 1 \u2013 4, kdy 1. kategorie bude prodejn\u00e1 osob\u00e1m star\u0161\u00edm 15 let, 2. kategorie bude prodejn\u00e1 osob\u00e1m star\u0161\u00edm 18 let, 3. kategorie bude prodejn\u00e1 osob\u00e1m star\u0161\u00edm 21 let a 4. kategorie bude prodejn\u00e1 osob\u00e1m s\u00a0odbornou zp\u016fsobilost\u00ed. Tato zm\u011bna je v\u00a0souvislosti se sm\u011brnic\u00ed Evropsk\u00e9ho parlamentu a rady \u010d. 2007\/23\/ES o uv\u00e1d\u011bn\u00ed pyrotechnick\u00fdch v\u00fdrobk\u016f na trh (m\u00edn\u011bn trh EU).<\/p>\n\n\n\n<p>&nbsp;&nbsp;&nbsp;&nbsp;&nbsp;&nbsp;&nbsp;&nbsp;&nbsp;&nbsp;&nbsp;&nbsp;&nbsp;&nbsp;&nbsp; Z\u00e1kladn\u00edm pravidlem pro n\u00e1kup z\u00e1bavn\u00e9 pyrotechniky je volba prodejce. Nakupujte ji pouze v&nbsp;kamenn\u00fdch obchodech. Tj. bu\u010f v obchodech, kter\u00e9 se specializuj\u00ed pouze na tento druh zbo\u017e\u00ed, nebo u prodejn\u00edho st\u00e1nku, um\u00edst\u011bn\u00e9ho v&nbsp;n\u011bkter\u00e9m z&nbsp;n\u00e1kupn\u00edch st\u0159edisek. Tyto st\u00e1nky jsou p\u0159ev\u00e1\u017en\u011b z\u0159izov\u00e1ny pr\u00e1v\u011b t\u011bmito specializovan\u00fdmi obchody se z\u00e1bavnou pyrotechnikou. Nikdy nekupujte z\u00e1bavnou pyrotechniku ve st\u00e1nku \u201ena ulici\u201c. D\u016fvod je prost\u00fd: venku je vlhkost, kter\u00e1 velmi negativn\u011b p\u016fsob\u00ed na funk\u010dnost a bezpe\u010dnost t\u011bchto v\u00fdrobk\u016f. Mnohdy m\u016f\u017ee zp\u016fsobit jejich selh\u00e1n\u00ed a v&nbsp;hor\u0161\u00edm p\u0159\u00edpad\u011b i ne\u0159\u00edzenou destrukci.<\/p>\n\n\n\n<p>&nbsp;&nbsp;&nbsp;&nbsp;&nbsp;&nbsp;&nbsp;&nbsp;&nbsp;&nbsp;&nbsp;&nbsp;&nbsp;&nbsp;&nbsp; Nemen\u0161\u00ed pozornost je t\u0159eba v\u011bnovat ozna\u010den\u00ed v\u00fdrobk\u016f z\u00e1bavn\u00e9 pyrotechniky. Tyto&nbsp;<strong>mus\u00ed<\/strong>&nbsp;b\u00fdt opat\u0159eny&nbsp;<strong>\u010desk\u00fdm n\u00e1vodem<\/strong>&nbsp;a d\u00e1le zna\u010dkou \u010cesk\u00e9ho \u00fa\u0159adu pro zkou\u0161en\u00ed zbran\u00ed a st\u0159eliva s&nbsp;uvedenou t\u0159\u00eddou nebezpe\u010dnosti (nov\u011b t\u00e9\u017e zna\u010dkou CE (Conformit\u00e9 Europ\u00e9enne) s&nbsp;uvedenou kategori\u00ed nebezpe\u010dnosti. Pokud tyto n\u00e1le\u017eitosti na v\u00fdrobku nenaleznete, n\u011bco nen\u00ed v&nbsp;po\u0159\u00e1dku a rad\u011bji jej nekupujte!<\/p>\n\n\n\n<p>&nbsp;<strong>\u017d\u00e1dn\u00fd z&nbsp;v\u00fdrobk\u016f z\u00e1bavn\u00e9 pyrotechniky nen\u00ed ur\u010den k&nbsp;h\u00e1zen\u00ed \u010di jin\u00e9mu pou\u017e\u00edv\u00e1n\u00ed proti lidem \u010di zv\u00ed\u0159at\u016fm! \u017d\u00e1dn\u00fd z&nbsp;t\u011bchto v\u00fdrobk\u016f d\u00e1le nen\u00ed ur\u010den k&nbsp;pou\u017e\u00edv\u00e1n\u00ed uvnit\u0159 budov<\/strong>&nbsp;(v\u00fdjimku tvo\u0159\u00ed snad jen vyst\u0159elovac\u00ed konfety).<\/p>\n\n\n\n<p>&nbsp;&nbsp;&nbsp;&nbsp;&nbsp;&nbsp;&nbsp;&nbsp;&nbsp;&nbsp;&nbsp;&nbsp;&nbsp;&nbsp;&nbsp; Pravidla bezpe\u010dn\u00e9ho zach\u00e1zen\u00ed se z\u00e1bavnou pyrotechnikou jsou velmi jednoduch\u00e1. V\u011bnujte jim pozornost a dodr\u017eujte je!<\/p>\n\n\n\n<ul class=\"wp-block-list\">\n<li><mark style=\"background-color:rgba(0, 0, 0, 0)\" class=\"has-inline-color has-luminous-vivid-amber-color\">V\u017edy si \u0159\u00e1dn\u011b p\u0159e\u010dt\u011bte cel\u00fd n\u00e1vod k\u00a0pou\u017eit\u00ed. V\u00fdrobky uchov\u00e1vejte v\u00a0suchu a nenech\u00e1vejte je p\u0159ed pou\u017eit\u00edm del\u0161\u00ed dobu venku. P\u0159ipravte si kbel\u00edk s\u00a0vodou a pracovn\u00ed rukavici.<\/mark><\/li>\n\n\n\n<li><mark style=\"background-color:rgba(0, 0, 0, 0)\" class=\"has-inline-color has-luminous-vivid-amber-color\">Volba m\u00edsta odpalu: nepou\u017e\u00edvejte z\u00e1bavnou pyrotechniku v\u00a0bl\u00edzkosti ho\u0159lav\u00fdch materi\u00e1l\u016f a vozidel<\/mark>.<\/li>\n\n\n\n<li><mark style=\"background-color:rgba(0, 0, 0, 0)\" class=\"has-inline-color has-luminous-vivid-amber-color\">Um\u00edst\u011bn\u00ed z\u00e1bavn\u00e9 pyrotechniky: v\u017edy umis\u0165ujte v\u00fdrobky na pevnou vodorovnou plochu. \u017d\u00e1dn\u00fd z\u00a0v\u00fdrobk\u016f nen\u00ed ur\u010den k\u00a0odpalov\u00e1n\u00ed \u201ez ruky\u201c ani jin\u00e9 \u010d\u00e1sti t\u011bla.<\/mark><\/li>\n\n\n\n<li><mark style=\"background-color:rgba(0, 0, 0, 0)\" class=\"has-inline-color has-luminous-vivid-amber-color\">Zapalov\u00e1n\u00ed z\u00e1palnice: nikdy nezapalujte z\u00e1palnici, pokud jsou v\u00a0bl\u00edzkosti dal\u0161\u00ed lid\u00e9. P\u0159i jej\u00edm zapalov\u00e1n\u00ed se nad v\u00fdrobek nenah\u00fdbejte. Sedn\u011bte si vedle n\u011bj do pod\u0159epu a zapalte z\u00e1palnici ze strany nata\u017eenou rukou. Nikdy do z\u00e1palnice nefoukejte.<\/mark><\/li>\n\n\n\n<li><mark style=\"background-color:rgba(0, 0, 0, 0)\" class=\"has-inline-color has-luminous-vivid-amber-color\">V\u017edy odstupte do bezpe\u010dn\u00e9 vzd\u00e1lenosti, kter\u00e1 je minim\u00e1ln\u011b 5m.\u00a0<\/mark><\/li>\n\n\n\n<li><mark style=\"background-color:rgba(0, 0, 0, 0)\" class=\"has-inline-color has-luminous-vivid-amber-color\">P\u0159i selh\u00e1n\u00ed v\u00fdrobku k\u00a0n\u011bmu necho\u010fte, nezji\u0161\u0165ujte jeho p\u0159\u00ed\u010dinu. Vy\u010dkejte 10 min a pot\u00e9 v\u00fdrobek rozmo\u010dte ve vod\u011b po dobu 24 hodin nebo jej zakopejte do zem\u011b. Pou\u017eijte rukavici.<\/mark><\/li>\n\n\n\n<li><mark style=\"background-color:rgba(0, 0, 0, 0)\" class=\"has-inline-color has-luminous-vivid-amber-color\">Po skon\u010den\u00ed oh\u0148ostroje v\u00fdrobek zalijte vodou. P\u0159edejdete t\u00edm vzn\u00edcen\u00ed zbytk\u016f pap\u00edrov\u00fdch t\u011bles.<\/mark><\/li>\n<\/ul>\n\n\n\n<p><strong>&nbsp;&nbsp;&nbsp;&nbsp;&nbsp;&nbsp;&nbsp;&nbsp;&nbsp;&nbsp;&nbsp;&nbsp;&nbsp;&nbsp; Nepodce\u0148ujte v\u00fd\u0161e uveden\u00e1 pravidla! P\u0159i neopatrn\u00e9m zach\u00e1zen\u00ed se z\u00e1bavnou pyrotechnikou m\u016f\u017ee doj\u00edt ke hmotn\u00fdm \u0161kod\u00e1m a k&nbsp;z\u00e1va\u017en\u00fdm zran\u011bn\u00edm.<\/strong><\/p>\n\n\n\n<p>\u00a0\u00a0\u00a0\u00a0\u00a0\u00a0\u00a0\u00a0\u00a0\u00a0\u00a0\u00a0\u00a0\u00a0\u00a0 Tento \u010dl\u00e1nek nem\u00e1 za c\u00edl odradit V\u00e1s od pou\u017e\u00edv\u00e1n\u00ed z\u00e1bavn\u00e9 pyrotechniky, ale pouze\u00a0pos\u00edlit va\u0161e pov\u011bdom\u00ed o tom, \u017ee ji pou\u017e\u00edv\u00e1te spr\u00e1vn\u011b. P\u0159ejeme V\u00e1m hezk\u00e9 a BEZPE\u010cN\u00c9 pro\u017eit\u00ed oslav p\u0159\u00edchodu nov\u00e9ho roku.<\/p>\n\n\n\n<figure class=\"wp-block-image\"><a href=\"https:\/\/www.policie.cz\/imgBrowser.aspx?docid=21547407&amp;imgid=21547403&amp;cpi=1\"><img decoding=\"async\" src=\"https:\/\/www.policie.cz\/SCRIPT\/ViewImage.aspx?id=313215&amp;docname=Oznaceni-vyrobku-v-souladu-s-normou-EU\" alt=\"Ozna\u010den\u00ed v\u00fdrobku v souladu s normou EU\"\/><\/a><\/figure>\n\n\n\n<p>Ozna\u010den\u00ed v\u00fdrobku v souladu s normou EU\u00a0<\/p>\n\n\n\n<figure class=\"wp-block-image\"><a href=\"https:\/\/www.policie.cz\/imgBrowser.aspx?docid=21547407&amp;imgid=21547400&amp;cpi=1\"><img decoding=\"async\" src=\"https:\/\/www.policie.cz\/SCRIPT\/ViewImage.aspx?id=313213&amp;docname=Znacka-Ceskeho-uradu-pro-zkouseni-zbrani-a-streliva\" alt=\"Zna\u010dka \u010cesk\u00e9ho \u00fa\u0159adu pro zkou\u0161en\u00ed zbran\u00ed a st\u0159eliva\"\/><\/a><\/figure>\n\n\n\n<p>Zna\u010dka \u010cesk\u00e9ho \u00fa\u0159adu pro zkou\u0161en\u00ed zbran\u00ed&#8230;<\/p>\n","protected":false},"excerpt":{"rendered":"<p>Silvestrovsk\u00e9 vesel\u00ed je ji\u017e tradi\u010dn\u011b spojeno s&nbsp;pou\u017e\u00edv\u00e1n\u00edm z\u00e1bavn\u00ed pyrotechniky (sv\u011btlic, d\u011blobuch\u016f, petard, rachejtl\u00ed apod.). Bohu\u017eel ka\u017ed\u00fd rok necht\u011bn\u00e9 n\u00e1sledky t\u00e9to z\u00e1bavn\u00ed pyrotechniky zam\u011bstn\u00e1vaj\u00ed hasi\u010de i zdravotnickou z\u00e1chrannou slu\u017ebu. Po\u010det po\u017e\u00e1r\u016f zp\u016fsoben\u00fdch z\u00e1bavn\u00ed pyrotechnikou v&nbsp;posledn\u00edch letech v\u00fdrazn\u011b vzrostl a zp\u016fsoben\u00e9 \u0161kody se pohybuj\u00ed v&nbsp;\u0159\u00e1dech milion\u016f korun. Nej\u010dast\u011bji ho\u0159\u00ed tr\u00e1vn\u00ed porosty, kontejnery s&nbsp;odpady, okrasn\u00e9 ke\u0159e nebo v\u011bci [&hellip;]<\/p>\n","protected":false},"author":3,"featured_media":19623,"parent":16743,"menu_order":0,"comment_status":"closed","ping_status":"closed","template":"","meta":{"ngg_post_thumbnail":0,"footnotes":""},"class_list":["post-19616","page","type-page","status-publish","has-post-thumbnail","hentry"],"_links":{"self":[{"href":"https:\/\/sdhjevicko.cz\/index.php?rest_route=\/wp\/v2\/pages\/19616","targetHints":{"allow":["GET"]}}],"collection":[{"href":"https:\/\/sdhjevicko.cz\/index.php?rest_route=\/wp\/v2\/pages"}],"about":[{"href":"https:\/\/sdhjevicko.cz\/index.php?rest_route=\/wp\/v2\/types\/page"}],"author":[{"embeddable":true,"href":"https:\/\/sdhjevicko.cz\/index.php?rest_route=\/wp\/v2\/users\/3"}],"replies":[{"embeddable":true,"href":"https:\/\/sdhjevicko.cz\/index.php?rest_route=%2Fwp%2Fv2%2Fcomments&post=19616"}],"version-history":[{"count":5,"href":"https:\/\/sdhjevicko.cz\/index.php?rest_route=\/wp\/v2\/pages\/19616\/revisions"}],"predecessor-version":[{"id":19622,"href":"https:\/\/sdhjevicko.cz\/index.php?rest_route=\/wp\/v2\/pages\/19616\/revisions\/19622"}],"up":[{"embeddable":true,"href":"https:\/\/sdhjevicko.cz\/index.php?rest_route=\/wp\/v2\/pages\/16743"}],"wp:featuredmedia":[{"embeddable":true,"href":"https:\/\/sdhjevicko.cz\/index.php?rest_route=\/wp\/v2\/media\/19623"}],"wp:attachment":[{"href":"https:\/\/sdhjevicko.cz\/index.php?rest_route=%2Fwp%2Fv2%2Fmedia&parent=19616"}],"curies":[{"name":"wp","href":"https:\/\/api.w.org\/{rel}","templated":true}]}}