{"id":19640,"date":"2023-01-10T08:55:52","date_gmt":"2023-01-10T07:55:52","guid":{"rendered":"http:\/\/sdhjevicko.cz\/?page_id=19640"},"modified":"2026-04-25T18:06:27","modified_gmt":"2026-04-25T17:06:27","slug":"vyjezdy-v-poslednim-mesici","status":"publish","type":"page","link":"https:\/\/sdhjevicko.cz\/?page_id=19640","title":{"rendered":"V\u00fdjezdy v posledn\u00edm m\u011bs\u00edci"},"content":{"rendered":"\n<hr class=\"wp-block-separator has-alpha-channel-opacity\"\/>\n\n\n\n<p><strong><u>2026_40_20_04ZO\u010c \u2013 25. 04. _ 16. 43 hodin \u2013 \u010dinnost jednotky, technick\u00e1 pomoc, proplach propustk\u016f, Biskupice<\/u><\/strong><\/p>\n\n\n\n<p><strong>Technika:<\/strong>&nbsp;CAS 30 Tatra 815-7, 1+1<\/p>\n\n\n\n<p><strong>Jednotky:<\/strong>&nbsp;JSDH Jev\u00ed\u010dko<\/p>\n\n\n\n<p>Jednotka provedla na vy\u017e\u00e1d\u00e1n\u00ed proplach propustk\u016f.<\/p>\n\n\n\n<hr class=\"wp-block-separator has-alpha-channel-opacity\"\/>\n\n\n\n<p><strong><u>2026_39_19 \u2013 13. 04. _ 23. 50 hodin \u2013 ostatn\u00ed pomoc, transport pacienta, B\u011bl\u00e1 u Jev\u00ed\u010dka<\/u><\/strong><\/p>\n\n\n\n<p><strong>Technika:<\/strong>&nbsp;CAS 20 Tatra 815, 1+3<\/p>\n\n\n\n<p><strong>Jednotky:<\/strong>&nbsp;JSDH Jev\u00ed\u010dko, ZZS<\/p>\n\n\n\n<p>Jednotka vysl\u00e1na KOPIS Pardubice transport pacienta, kter\u00e9ho jsme vyprostili z vany a n\u00e1sledn\u011b p\u0159esunuli z rodinn\u00e9ho domu do sanitky ZZS.<\/p>\n\n\n\n<hr class=\"wp-block-separator has-alpha-channel-opacity\"\/>\n\n\n\n<p><strong><u>2026_38 \u2013 13. 04. _ 11. 33 hodin \u2013 technick\u00e1 pomoc, odstran\u011bn\u00ed nebezpe\u010dn\u00fdch stav\u016f, Jev\u00ed\u010dko<\/u><\/strong><\/p>\n\n\n\n<p><strong>Technika:<\/strong>&nbsp;CAS 20 Tatra 815, 1+2<\/p>\n\n\n\n<p><strong>Jednotky:<\/strong>&nbsp;JSDH Jev\u00ed\u010dko, MP Jev\u00ed\u010dko<\/p>\n\n\n\n<p>Jednotka vysl\u00e1na KOPIS Pardubice na odstran\u011bn\u00ed biologick\u00e9ho odpadu z vozovky a n\u00e1sledn\u00fd oplach komunikace za pou\u017eit\u00ed sm\u00e1\u010dedla.<\/p>\n\n\n\n<hr class=\"wp-block-separator has-alpha-channel-opacity\"\/>\n\n\n\n<p><strong><u>2026_37_18 \u2013 05. 04. _ 13. 18 hodin \u2013 ostatn\u00ed pomoc, transport pacienta, Biskupice<\/u><\/strong><\/p>\n\n\n\n<p><strong>Technika:<\/strong>&nbsp;CAS 20 Tatra 815, 1+4<\/p>\n\n\n\n<p><strong>Jednotky:<\/strong>&nbsp;JSDH Jev\u00ed\u010dko, ZZS<\/p>\n\n\n\n<p>Jednotka vysl\u00e1na KOPIS Pardubice na transport pacienta z rodinn\u00e9ho domu do sanitky ZZS.<\/p>\n\n\n\n<hr class=\"wp-block-separator has-alpha-channel-opacity\"\/>\n","protected":false},"excerpt":{"rendered":"<p>2026_40_20_04ZO\u010c \u2013 25. 04. _ 16. 43 hodin \u2013 \u010dinnost jednotky, technick\u00e1 pomoc, proplach propustk\u016f, Biskupice Technika:&nbsp;CAS 30 Tatra 815-7, 1+1 Jednotky:&nbsp;JSDH Jev\u00ed\u010dko Jednotka provedla na vy\u017e\u00e1d\u00e1n\u00ed proplach propustk\u016f. 2026_39_19 \u2013 13. 04. _ 23. 50 hodin \u2013 ostatn\u00ed pomoc, transport pacienta, B\u011bl\u00e1 u Jev\u00ed\u010dka Technika:&nbsp;CAS 20 Tatra 815, 1+3 Jednotky:&nbsp;JSDH Jev\u00ed\u010dko, ZZS Jednotka vysl\u00e1na [&hellip;]<\/p>\n","protected":false},"author":3,"featured_media":44936,"parent":16817,"menu_order":0,"comment_status":"open","ping_status":"closed","template":"","meta":{"ngg_post_thumbnail":0,"footnotes":""},"class_list":["post-19640","page","type-page","status-publish","has-post-thumbnail","hentry"],"_links":{"self":[{"href":"https:\/\/sdhjevicko.cz\/index.php?rest_route=\/wp\/v2\/pages\/19640","targetHints":{"allow":["GET"]}}],"collection":[{"href":"https:\/\/sdhjevicko.cz\/index.php?rest_route=\/wp\/v2\/pages"}],"about":[{"href":"https:\/\/sdhjevicko.cz\/index.php?rest_route=\/wp\/v2\/types\/page"}],"author":[{"embeddable":true,"href":"https:\/\/sdhjevicko.cz\/index.php?rest_route=\/wp\/v2\/users\/3"}],"replies":[{"embeddable":true,"href":"https:\/\/sdhjevicko.cz\/index.php?rest_route=%2Fwp%2Fv2%2Fcomments&post=19640"}],"version-history":[{"count":308,"href":"https:\/\/sdhjevicko.cz\/index.php?rest_route=\/wp\/v2\/pages\/19640\/revisions"}],"predecessor-version":[{"id":45550,"href":"https:\/\/sdhjevicko.cz\/index.php?rest_route=\/wp\/v2\/pages\/19640\/revisions\/45550"}],"up":[{"embeddable":true,"href":"https:\/\/sdhjevicko.cz\/index.php?rest_route=\/wp\/v2\/pages\/16817"}],"wp:featuredmedia":[{"embeddable":true,"href":"https:\/\/sdhjevicko.cz\/index.php?rest_route=\/wp\/v2\/media\/44936"}],"wp:attachment":[{"href":"https:\/\/sdhjevicko.cz\/index.php?rest_route=%2Fwp%2Fv2%2Fmedia&parent=19640"}],"curies":[{"name":"wp","href":"https:\/\/api.w.org\/{rel}","templated":true}]}}