{"id":19904,"date":"2023-02-05T19:31:22","date_gmt":"2023-02-05T18:31:22","guid":{"rendered":"https:\/\/sdhjevicko.cz\/?page_id=19904"},"modified":"2023-02-05T19:33:39","modified_gmt":"2023-02-05T18:33:39","slug":"zamykani-vchodovych-dveri-bytovych-domu","status":"publish","type":"page","link":"https:\/\/sdhjevicko.cz\/?page_id=19904","title":{"rendered":"Zamyk\u00e1n\u00ed vchodov\u00fdch dve\u0159\u00ed bytov\u00fdch dom\u016f"},"content":{"rendered":"\n<p>Zamyk\u00e1n\u00ed vchodov\u00fdch dve\u0159\u00ed bytov\u00fdch dom\u016f<\/p>\n\n\n\n<p>Zamyk\u00e1n\u00ed vchodov\u00fdch dve\u0159\u00ed bytov\u00fdch dom\u016f je v posledn\u00ed dob\u011b pom\u011brn\u011b \u010dast\u00fd zp\u016fsob, jak se jejich obyvatel\u00e9 sna\u017e\u00ed ochr\u00e1nit sv\u016fj majetek, omezit v\u00fdskyt osob, kter\u00e9 by mohly naru\u0161ovat jejich bydlen\u00ed, zvl\u00e1\u0161t\u011b pokud jejich obyvatel\u00e9 ji\u017e maj\u00ed s kr\u00e1de\u017eemi, p\u0159esp\u00e1v\u00e1n\u00edm bezdomovc\u016f, ru\u0161en\u00edm no\u010dn\u00edho klidu a podobn\u00fdmi jevy negativn\u00ed zku\u0161enosti. K jejich zamezen\u00ed b\u00fdv\u00e1 zamyk\u00e1n\u00ed vchodov\u00fdch dve\u0159\u00ed nejjednodu\u0161\u0161\u00edm i relativn\u011b efektivn\u00edm \u0159e\u0161en\u00edm, nicm\u00e9n\u011b je t\u0159eba br\u00e1t v \u00favahu, \u017ee zam\u010den\u00e9 dve\u0159e sice zabr\u00e1n\u00ed kr\u00e1de\u017ei, ale tak\u00e9 mohou zabr\u00e1nit \u00faniku osob z po\u017e\u00e1rem ohro\u017een\u00e9ho objektu nebo naopak zkomplikovat z\u00e1sah hasi\u010d\u016f.&nbsp;<\/p>\n\n\n\n<p>Podle \u00a7 5 odst. 1 p\u00edsm. b) z\u00e1kona \u010d. 133\/1985 Sb., o po\u017e\u00e1rn\u00ed ochran\u011b, ve zn\u011bn\u00ed pozd\u011bj\u0161\u00edch zm\u011bn (d\u00e1le jen &#8222;z\u00e1kona o PO&#8220;) jsou pr\u00e1vnick\u00e9 osoby (tedy i spole\u010denstv\u00ed vlastn\u00edk\u016f) povinny vytv\u00e1\u0159et podm\u00ednky pro ha\u0161en\u00ed po\u017e\u00e1r\u016f a z\u00e1chrann\u00e9 pr\u00e1ce, kter\u00e9 jsou podrobn\u011bji specifikov\u00e1ny v \u00a7 11 vyhl\u00e1\u0161ky \u010d. 246\/2001 Sb., o stanoven\u00ed podm\u00ednek po\u017e\u00e1rn\u00ed bezpe\u010dnosti a v\u00fdkonu st\u00e1tn\u00edho po\u017e\u00e1rn\u00edho dozoru (vyhl\u00e1\u0161ka o po\u017e\u00e1rn\u00ed prevenci). Zde je v odstavci 3, p\u00edsm. b) uvedeno, \u017ee k proveden\u00ed evakuace osob, zv\u00ed\u0159at a materi\u00e1lu a k proveden\u00ed z\u00e1chrann\u00fdch prac\u00ed mus\u00ed b\u00fdt trvale voln\u011b pr\u016fchodn\u00e9 komunika\u010dn\u00ed prostory (chodby, schodi\u0161t\u011b apod.), kter\u00e9 jsou sou\u010d\u00e1st\u00ed \u00fanikov\u00fdch cest, tak aby nebyla ohro\u017eena evakuace nebo z\u00e1chrann\u00e9 pr\u00e1ce. Obyvatel\u00e9 domu by nem\u011bli zapom\u00ednat na to, \u017ee vchodov\u00e9 dve\u0159e jsou sou\u010d\u00e1st\u00ed komunika\u010dn\u00edho prostoru &#8211; \u00fanikov\u00e9 cesty a \u017ee jejich uzam\u010den\u00edm doch\u00e1z\u00ed k poru\u0161en\u00ed \u00a7 5 odst. 1 p\u00edsm. b) z\u00e1kona o PO s p\u0159ihl\u00e9dnut\u00edm \u00a7 11 odst. 3 p\u00edsm. b) vyhl\u00e1\u0161ky o po\u017e\u00e1rn\u00ed prevenci. Nav\u00edc toto \u0159e\u0161en\u00ed odporuje i dal\u0161\u00edm p\u0159edpis\u016fm, t\u00fdkaj\u00edc\u00ed se po\u017e\u00e1rn\u00ed ochrany. Tato problematika je nap\u0159\u00edklad \u0159e\u0161ena i v odst. 2 \u00a7 10 vyhl\u00e1\u0161ky \u010d. 23\/2008 Sb., o technick\u00fdch podm\u00ednk\u00e1ch po\u017e\u00e1rn\u00ed ochrany staveb ve zn\u011bn\u00ed pozd\u011bj\u0161\u00ed zm\u011bny, kde je uvedeno, \u017ee otev\u00edratelnost a pr\u016fchodnost dve\u0159\u00ed, kter\u00e9 se nach\u00e1zej\u00ed na \u00fanikov\u00e9 cest\u011b, mus\u00ed odpov\u00eddat \u010desk\u00fdm technick\u00fdm norm\u00e1m uveden\u00fdm v p\u0159\u00edloze \u010d. 1 \u010d\u00e1sti 2. V p\u0159\u00edpad\u011b bytov\u00e9ho domu se jedn\u00e1 o \u010cSN 73 0802 PBS &#8211; Nev\u00fdrobn\u00ed objekty a 73 0833 PBS &#8211; Budovy pro bydlen\u00ed a ubytov\u00e1n\u00ed.<\/p>\n\n\n\n<p>Nap\u0159\u00edklad v z\u00e1vazn\u00e9m technick\u00e9m p\u0159edpisu \u010cSN 73 0802 PBS &#8211; Nev\u00fdrobn\u00ed objekty je k t\u00e9to problematice uvedeno:<\/p>\n\n\n\n<ul class=\"wp-block-list\">\n<li><mark style=\"background-color:rgba(0, 0, 0, 0)\" class=\"has-inline-color has-luminous-vivid-amber-color\">\u00danikov\u00e9 cesty mus\u00ed umo\u017enit bezpe\u010dnou a v\u010dasnou evakuaci v\u0161ech osob z po\u017e\u00e1rem ohro\u017een\u00e9ho objektu nebo jeho \u010d\u00e1sti na voln\u00e9 prostranstv\u00ed a p\u0159\u00edstup jednotek do prostor\u016f napaden\u00fdch po\u017e\u00e1rem<\/mark><\/li>\n\n\n\n<li><mark style=\"background-color:rgba(0, 0, 0, 0)\" class=\"has-inline-color has-luminous-vivid-amber-color\">Dve\u0159e, jimi\u017e proch\u00e1z\u00ed \u00fanikov\u00e1 cesta, mus\u00ed umo\u017e\u0148ovat snadn\u00fd a rychl\u00fd pr\u016fchod, zabra\u0148ovat zachycen\u00ed od\u011bvu apod. a sv\u00fdm zaji\u0161t\u011bn\u00edm nesm\u00ed br\u00e1nit evakuaci osob ani z\u00e1sahu po\u017e\u00e1rn\u00edch jednotek. Dve\u0159e na \u00fanikov\u00fdch cest\u00e1ch umo\u017e\u0148uj\u00ed bu\u010f ve sm\u011bru \u00faniku trvale voln\u00fd pr\u016fchod, nebo jsou-li opat\u0159eny speci\u00e1ln\u00edmi bezpe\u010dnostn\u00edmi z\u00e1mky (nap\u0159. k\u00f3dov\u00fdmi kartami), musej\u00ed b\u00fdt v p\u0159\u00edpad\u011b evakuace osob samo\u010dinn\u011b odblokov\u00e1ny a otev\u00edrateln\u00e9 bez dal\u0161\u00edch opat\u0159en\u00ed; k\u00f3dov\u00e9 karty nelze u\u017e\u00edt u dve\u0159\u00ed chr\u00e1n\u011bn\u00fdch \u00fanikov\u00fdch cest.<\/mark><\/li>\n<\/ul>\n\n\n\n<p>Po p\u0159e\u010dten\u00ed v\u00fd\u0161e uveden\u00fdch p\u0159edpis\u016f lze sice nam\u00edtnout, \u017ee ka\u017ed\u00fd obyvatel domu je vybaven kl\u00ed\u010di, kter\u00fdmi si m\u016f\u017ee odemknout a tud\u00ed\u017e je zaji\u0161t\u011bn snadn\u00fd a rychl\u00fd pr\u016fchod a evakuace je bezpe\u010dn\u00e1, rychl\u00e1 &#8230;. To je ov\u0161em omyl, proto\u017ee po\u017eadavky na evakuaci se vztahuj\u00ed na v\u0161echny osoby, kter\u00e9 se v objektu nach\u00e1zej\u00ed, nap\u0159. n\u00e1v\u0161t\u011bva, revizn\u00ed technici, pracovn\u00edci \u00fadr\u017eby. Nav\u00edc se nelze spol\u00e9hat na to, \u017ee kl\u00ed\u010d budou m\u00edt v kritickou chv\u00edli v\u0161ichni u sebe.<\/p>\n\n\n\n<p>Jak\u00e9 tedy zvolit \u0159e\u0161en\u00ed, kter\u00e9 by bylo p\u0159ijateln\u00e9 pro obyvatele domu a z\u00e1rove\u0148 neodporovalo p\u0159edpis\u016fm po\u017e\u00e1rn\u00ed ochrany? Nejjednodu\u0161\u0161\u00edm \u0159e\u0161en\u00edm m\u016f\u017ee b\u00fdt tzv. panikov\u00e1 klika resp. panikov\u00fd z\u00e1mek, jej\u00ed\u017e pou\u017eit\u00ed ostatn\u011b doporu\u010duje tak\u00e9 \u010cSN 73 0833 PBS &#8211; Budovy pro bydlen\u00ed a ubytov\u00e1n\u00ed, kde je uvedeno, \u017ee &#8222;v\u00fdchodov\u00e9 dve\u0159e mohou b\u00fdt pr\u016fb\u011b\u017en\u011b zam\u010den\u00e9 (nap\u0159. z d\u016fvodu zabr\u00e1n\u011bn\u00ed kr\u00e1de\u017e\u00ed v bytech), p\u0159i\u010dem\u017e se doporu\u010duje z vnit\u0159n\u00ed strany otev\u00edrateln\u00e9 dve\u0159e bez odem\u010den\u00ed (nap\u0159. panikovou kliku)&#8220;. Jedn\u00e1 se o kov\u00e1n\u00ed, kter\u00e9 vyhov\u00ed i \u010dl. 5.5.9 \u010cSN 73 0810 PBS &#8211; Spole\u010dn\u00e1 ustanoven\u00ed, kde je uvedeno &#8222;Po\u017e\u00e1rn\u00ed uz\u00e1v\u011bry (jako\u017e i dve\u0159e &#8211; uz\u00e1v\u011bry bez po\u017e\u00e1rn\u00ed odolnosti) vyskytuj\u00edc\u00ed se na \u00fanikov\u00fdch cest\u00e1ch mus\u00ed m\u00edt ve sm\u011bru \u00faniku osob kov\u00e1n\u00ed, kter\u00e9 umo\u017en\u00ed po vyhl\u00e1\u0161en\u00ed poplachu (nebo po jinak vznikl\u00e9m ohro\u017een\u00ed) otev\u0159en\u00ed uz\u00e1v\u011bru ru\u010dn\u011b \u010di samo\u010dinn\u011b (bez u\u017eit\u00ed jak\u00fdchkoliv n\u00e1stroj\u016f), a\u0165 ji\u017e uz\u00e1v\u011br je b\u011b\u017en\u011b zam\u010den\u00fd, zablokovan\u00fd \u010di jinak zaji\u0161t\u011bn\u00fd proti vloup\u00e1n\u00ed apod.&#8220; Jin\u00fdm \u0159e\u0161en\u00edm mohou b\u00fdt tak\u00e9 samo\u010dinn\u00e1 bezpe\u010dnostn\u00ed kov\u00e1n\u00ed, kter\u00e1 v p\u0159\u00edpad\u011b ohro\u017een\u00ed dve\u0159e automaticky odemknou.<\/p>\n\n\n\n<figure class=\"wp-block-image size-full is-resized\"><a href=\"https:\/\/sdhjevicko.cz\/wp-content\/uploads\/2023\/02\/image.png\"><img fetchpriority=\"high\" decoding=\"async\" src=\"https:\/\/sdhjevicko.cz\/wp-content\/uploads\/2023\/02\/image.png\" alt=\"\" class=\"wp-image-19905\" width=\"345\" height=\"304\" srcset=\"https:\/\/sdhjevicko.cz\/wp-content\/uploads\/2023\/02\/image.png 712w, https:\/\/sdhjevicko.cz\/wp-content\/uploads\/2023\/02\/image-300x265.png 300w\" sizes=\"(max-width: 345px) 100vw, 345px\" \/><\/a><\/figure>\n\n\n\n<figure class=\"wp-block-image size-full is-resized\"><a href=\"https:\/\/sdhjevicko.cz\/wp-content\/uploads\/2023\/02\/image-1.png\"><img decoding=\"async\" src=\"https:\/\/sdhjevicko.cz\/wp-content\/uploads\/2023\/02\/image-1.png\" alt=\"\" class=\"wp-image-19906\" width=\"584\" height=\"292\" srcset=\"https:\/\/sdhjevicko.cz\/wp-content\/uploads\/2023\/02\/image-1.png 1020w, https:\/\/sdhjevicko.cz\/wp-content\/uploads\/2023\/02\/image-1-300x150.png 300w, https:\/\/sdhjevicko.cz\/wp-content\/uploads\/2023\/02\/image-1-768x384.png 768w\" sizes=\"(max-width: 584px) 100vw, 584px\" \/><\/a><\/figure>\n\n\n\n<figure class=\"wp-block-image size-large is-resized\"><a href=\"https:\/\/sdhjevicko.cz\/wp-content\/uploads\/2023\/02\/image-2.png\"><img decoding=\"async\" src=\"https:\/\/sdhjevicko.cz\/wp-content\/uploads\/2023\/02\/image-2-1024x576.png\" alt=\"\" class=\"wp-image-19907\" width=\"535\" height=\"300\" srcset=\"https:\/\/sdhjevicko.cz\/wp-content\/uploads\/2023\/02\/image-2-1024x576.png 1024w, https:\/\/sdhjevicko.cz\/wp-content\/uploads\/2023\/02\/image-2-300x169.png 300w, https:\/\/sdhjevicko.cz\/wp-content\/uploads\/2023\/02\/image-2-768x432.png 768w, https:\/\/sdhjevicko.cz\/wp-content\/uploads\/2023\/02\/image-2.png 1280w\" sizes=\"(max-width: 535px) 100vw, 535px\" \/><\/a><\/figure>\n","protected":false},"excerpt":{"rendered":"<p>Zamyk\u00e1n\u00ed vchodov\u00fdch dve\u0159\u00ed bytov\u00fdch dom\u016f Zamyk\u00e1n\u00ed vchodov\u00fdch dve\u0159\u00ed bytov\u00fdch dom\u016f je v posledn\u00ed dob\u011b pom\u011brn\u011b \u010dast\u00fd zp\u016fsob, jak se jejich obyvatel\u00e9 sna\u017e\u00ed ochr\u00e1nit sv\u016fj majetek, omezit v\u00fdskyt osob, kter\u00e9 by mohly naru\u0161ovat jejich bydlen\u00ed, zvl\u00e1\u0161t\u011b pokud jejich obyvatel\u00e9 ji\u017e maj\u00ed s kr\u00e1de\u017eemi, p\u0159esp\u00e1v\u00e1n\u00edm bezdomovc\u016f, ru\u0161en\u00edm no\u010dn\u00edho klidu a podobn\u00fdmi jevy negativn\u00ed zku\u0161enosti. K jejich zamezen\u00ed [&hellip;]<\/p>\n","protected":false},"author":3,"featured_media":0,"parent":16743,"menu_order":0,"comment_status":"closed","ping_status":"closed","template":"","meta":{"ngg_post_thumbnail":0,"footnotes":""},"class_list":["post-19904","page","type-page","status-publish","hentry"],"_links":{"self":[{"href":"https:\/\/sdhjevicko.cz\/index.php?rest_route=\/wp\/v2\/pages\/19904","targetHints":{"allow":["GET"]}}],"collection":[{"href":"https:\/\/sdhjevicko.cz\/index.php?rest_route=\/wp\/v2\/pages"}],"about":[{"href":"https:\/\/sdhjevicko.cz\/index.php?rest_route=\/wp\/v2\/types\/page"}],"author":[{"embeddable":true,"href":"https:\/\/sdhjevicko.cz\/index.php?rest_route=\/wp\/v2\/users\/3"}],"replies":[{"embeddable":true,"href":"https:\/\/sdhjevicko.cz\/index.php?rest_route=%2Fwp%2Fv2%2Fcomments&post=19904"}],"version-history":[{"count":2,"href":"https:\/\/sdhjevicko.cz\/index.php?rest_route=\/wp\/v2\/pages\/19904\/revisions"}],"predecessor-version":[{"id":19910,"href":"https:\/\/sdhjevicko.cz\/index.php?rest_route=\/wp\/v2\/pages\/19904\/revisions\/19910"}],"up":[{"embeddable":true,"href":"https:\/\/sdhjevicko.cz\/index.php?rest_route=\/wp\/v2\/pages\/16743"}],"wp:attachment":[{"href":"https:\/\/sdhjevicko.cz\/index.php?rest_route=%2Fwp%2Fv2%2Fmedia&parent=19904"}],"curies":[{"name":"wp","href":"https:\/\/api.w.org\/{rel}","templated":true}]}}