{"id":19973,"date":"2023-03-07T15:30:30","date_gmt":"2023-03-07T14:30:30","guid":{"rendered":"http:\/\/sdhjevicko.cz\/?page_id=19973"},"modified":"2023-03-07T15:30:30","modified_gmt":"2023-03-07T14:30:30","slug":"o-sirenach-varovani-obyvatelstva","status":"publish","type":"page","link":"https:\/\/sdhjevicko.cz\/?page_id=19973","title":{"rendered":"O sir\u00e9n\u00e1ch &#8211; Varov\u00e1n\u00ed obyvatelstva"},"content":{"rendered":"\n<p>Pronikav\u00fd zvuk varovn\u00e9 sir\u00e9ny znamen\u00e1 v\u017edy n\u011bjak\u00e9 nebezpe\u010d\u00ed. M\u016f\u017ee se jednat nap\u0159\u00edklad o&nbsp;povode\u0148, rozs\u00e1hl\u00fd po\u017e\u00e1r nebo hav\u00e1rii s&nbsp;\u00fanikem nebezpe\u010dn\u00e9 l\u00e1tky. V&nbsp;p\u0159\u00edpad\u011b hrozby \u010di&nbsp;vzniku podobn\u00e9 mimo\u0159\u00e1dn\u00e9 ud\u00e1losti je d\u016fle\u017eit\u00e9, aby ohro\u017een\u00ed lid\u00e9 byli varov\u00e1ni.&nbsp;<\/p>\n\n\n\n<p>V\u010dasn\u00e9 a\u00a0spr\u00e1vn\u00e9 varov\u00e1n\u00ed obyvatelstva zaji\u0161\u0165uje v\u00a0\u010cesk\u00e9 republice s\u00ed\u0165 poplachov\u00fdch sir\u00e9n (rota\u010dn\u00ed a\u00a0elektronick\u00e9 sir\u00e9ny a m\u00edstn\u00ed rozhlasy), kter\u00e9 jsou d\u00e1lkov\u011b ovl\u00e1d\u00e1ny z\u00a0tzv.\u00a0vyrozum\u00edvac\u00edch center, tj.\u00a0p\u0159ev\u00e1\u017en\u011b z\u00a0opera\u010dn\u00edch st\u0159edisek hasi\u010dsk\u00fdch z\u00e1chrann\u00fdch sbor\u016f kraj\u016f.<\/p>\n\n\n\n<p>Na \u00fazem\u00ed \u010cesk\u00e9 republiky se pro varov\u00e1n\u00ed obyvatelstva p\u0159i hroz\u00edc\u00ed nebo nastal\u00e9 mimo\u0159\u00e1dn\u00e9 ud\u00e1losti pou\u017e\u00edv\u00e1 pouze jedin\u00fd varovn\u00fd sign\u00e1l&nbsp;<strong>\u201eV\u0161eobecn\u00e1 v\u00fdstraha\u201c<\/strong>. Tento sign\u00e1l je vyhla\u0161ov\u00e1n kol\u00edsav\u00fdm t\u00f3nem sir\u00e9ny po dobu 140 sekund (2 minuty 20 sekund) a m\u016f\u017ee zazn\u00edt a\u017e 3&nbsp;\u00d7 za sebou v cca t\u0159\u00edminutov\u00fdch intervalech. U&nbsp;elektronick\u00fdch (tzv. \u201emluv\u00edc\u00edch\u201c) sir\u00e9n je varovn\u00fd t\u00f3n dopln\u011bn o&nbsp;hlasovou informaci, kter\u00e1 up\u0159es\u0148uje charakter ohro\u017een\u00ed (nebezpe\u010d\u00ed z\u00e1topov\u00e9 vlny, chemick\u00e1 hav\u00e1rie, radia\u010dn\u00ed hav\u00e1rie) a&nbsp;je dopln\u011bna o&nbsp;v\u00fdzvu ke&nbsp;sledov\u00e1n\u00ed vys\u00edl\u00e1n\u00ed \u010cesk\u00e9ho rozhlasu a&nbsp;\u010cesk\u00e9 televize.<\/p>\n\n\n\n<figure class=\"wp-block-image\"><img decoding=\"async\" src=\"https:\/\/www.hzscr.cz\/SCRIPT\/ViewImage.aspx?physid=568791&amp;docname=obr_1.jpg\" alt=\"Obr. \u010d. 1: V\u0161eobecn\u00e1 v\u00fdstraha\"\/><\/figure>\n\n\n\n<p>Obr. \u010d. 1: V\u0161eobecn\u00e1 v\u00fdstraha<\/p>\n\n\n\n<p>Zpravidla ka\u017edou prvn\u00ed st\u0159edu v&nbsp;m\u011bs\u00edci, ve 12:00 hodin, sl\u00fdch\u00e1me tzv.&nbsp;<strong>\u201eZku\u0161ebn\u00ed t\u00f3n\u201c<\/strong>. Tento sign\u00e1l prov\u00e1z\u00ed pravidelnou akustickou zkou\u0161ku sir\u00e9n. Jedn\u00e1 se o nep\u0159eru\u0161ovan\u00fd t\u00f3n sir\u00e9ny trvaj\u00edc\u00ed 140 vte\u0159in. V p\u0159\u00edpad\u011b elektronick\u00fdch sir\u00e9n je n\u00e1sledn\u011b vys\u00edl\u00e1na verb\u00e1ln\u00ed informace \u201ezkou\u0161ka sir\u00e9n, zkou\u0161ka sir\u00e9n, zkou\u0161ka sir\u00e9n, pr\u00e1v\u011b prob\u011bhla zkou\u0161ka sir\u00e9n, zkou\u0161ka sir\u00e9n.\u201c<\/p>\n\n\n\n<figure class=\"wp-block-image\"><img decoding=\"async\" src=\"https:\/\/www.hzscr.cz\/SCRIPT\/ViewImage.aspx?physid=568793&amp;docname=obr_2.jpg\" alt=\"Obr. \u010d. 2: Zku\u0161ebn\u00ed t\u00f3n\"\/><\/figure>\n\n\n\n<p>&nbsp;Obr. \u010d. 2: Zku\u0161ebn\u00ed t\u00f3n<\/p>\n\n\n\n<p>D\u00e1le se m\u016f\u017eeme setkat se sign\u00e1lem, kter\u00fd nen\u00ed ani varovn\u00fd ani zku\u0161ebn\u00ed. Slou\u017e\u00ed ke svol\u00e1n\u00ed jednotek po\u017e\u00e1rn\u00ed ochrany. Naz\u00fdv\u00e1me jej&nbsp;<strong>\u201ePo\u017e\u00e1rn\u00ed poplach\u201c&nbsp;<\/strong>a je vyhla\u0161ov\u00e1n rota\u010dn\u00ed sir\u00e9nou p\u0159eru\u0161ovan\u00fdm sign\u00e1lem (25 sekund&nbsp;trval\u00fd t\u00f3n, 10 sekund&nbsp;p\u0159eru\u0161en\u00ed, 25 sekund&nbsp;trval\u00fd t\u00f3n) po&nbsp;dobu jedn\u00e9 minuty anebo v p\u0159\u00edpad\u011b elektronick\u00e9 sir\u00e9ny napodoben\u00edm t\u00f3nu trubky \u201eH\u00d3-\u0158\u00cd, H\u00d3-\u0158\u00cd\u201c tak\u00e9 po dobu jedn\u00e9 minuty.<\/p>\n\n\n\n<figure class=\"wp-block-image\"><img decoding=\"async\" src=\"https:\/\/www.hzscr.cz\/SCRIPT\/ViewImage.aspx?physid=568789&amp;docname=obr_3.jpg\" alt=\"Obr. \u010d. 3: Po\u017e\u00e1rn\u00ed poplach\"\/><\/figure>\n\n\n\n<p>Obr. \u010d. 3: Po\u017e\u00e1rn\u00ed poplach<\/p>\n\n\n\n<figure class=\"wp-block-image size-full\"><a href=\"https:\/\/sdhjevicko.cz\/wp-content\/uploads\/2023\/03\/elektronicka-sirena.jpg\"><img fetchpriority=\"high\" decoding=\"async\" width=\"420\" height=\"315\" src=\"https:\/\/sdhjevicko.cz\/wp-content\/uploads\/2023\/03\/elektronicka-sirena.jpg\" alt=\"\" class=\"wp-image-19974\" srcset=\"https:\/\/sdhjevicko.cz\/wp-content\/uploads\/2023\/03\/elektronicka-sirena.jpg 420w, https:\/\/sdhjevicko.cz\/wp-content\/uploads\/2023\/03\/elektronicka-sirena-300x225.jpg 300w\" sizes=\"(max-width: 420px) 100vw, 420px\" \/><\/a><figcaption class=\"wp-element-caption\">Elektronick\u00e1 sir\u00e9na<\/figcaption><\/figure>\n\n\n\n<figure class=\"wp-block-image size-full\"><a href=\"https:\/\/sdhjevicko.cz\/wp-content\/uploads\/2023\/03\/rotacni-sirena.jpg\"><img decoding=\"async\" width=\"380\" height=\"285\" src=\"https:\/\/sdhjevicko.cz\/wp-content\/uploads\/2023\/03\/rotacni-sirena.jpg\" alt=\"\" class=\"wp-image-19975\" srcset=\"https:\/\/sdhjevicko.cz\/wp-content\/uploads\/2023\/03\/rotacni-sirena.jpg 380w, https:\/\/sdhjevicko.cz\/wp-content\/uploads\/2023\/03\/rotacni-sirena-300x225.jpg 300w\" sizes=\"(max-width: 380px) 100vw, 380px\" \/><\/a><figcaption class=\"wp-element-caption\">Rota\u010dn\u00ed sir\u00e9na<\/figcaption><\/figure>\n\n\n\n<p><strong>DOPORU\u010cEN\u00c1 \u010cINNOST PO ODEZN\u011aN\u00cd \u201eV\u0160EOBECN\u00c9 V\u00ddSTRAHY\u201c<\/strong><\/p>\n\n\n\n<p><strong>1.\u00a0OKAM\u017dIT\u011a SE UKRYJTE<\/strong><\/p>\n\n\n\n<ul class=\"wp-block-list\">\n<li><mark style=\"background-color:rgba(0, 0, 0, 0)\" class=\"has-inline-color has-luminous-vivid-amber-color\">Vyhledejte ukryt\u00ed v nejbli\u017e\u0161\u00ed vhodn\u00e9 budov\u011b, kterou m\u016f\u017ee b\u00fdt \u00fa\u0159ad, kancel\u00e1\u0159, obchod, ve\u0159ejn\u00e1 budova i soukrom\u00fd d\u016fm, a\u00a0to rad\u011bji\u00a0<strong>ve\u00a0vy\u0161\u0161\u00edch patrech<\/strong>\u00a0z\u00a0d\u016fvodu ochrany p\u0159ed\u00a0\u0161\u00ed\u0159en\u00edm nebezpe\u010dn\u00fdch l\u00e1tek (v\u011bt\u0161ina z\u00a0nich je t\u011b\u017e\u0161\u00ed vzduchu, tj. dr\u017e\u00ed se p\u0159i\u00a0zemi).<\/mark><\/li>\n\n\n\n<li><mark style=\"background-color:rgba(0, 0, 0, 0)\" class=\"has-inline-color has-luminous-vivid-amber-color\">Jestli\u017ee cestujete autem a usly\u0161\u00edte varovn\u00fd t\u00f3n sir\u00e9ny, odje\u010fte sm\u011brem od\u00a0m\u00edsta mimo\u0159\u00e1dn\u00e9 ud\u00e1losti nebo zaparkujte auto a vyhledejte \u00fakryt ve\u00a0vy\u0161\u0161\u00edch patrech nejbli\u017e\u0161\u00ed vhodn\u00e9 budovy.<\/mark><\/li>\n<\/ul>\n\n\n\n<p><strong>2.&nbsp;ZAV\u0158ETE DVE\u0158E A OKNA<\/strong><\/p>\n\n\n\n<ul class=\"wp-block-list\">\n<li><mark style=\"background-color:rgba(0, 0, 0, 0)\" class=\"has-inline-color has-luminous-vivid-amber-color\">V budov\u011b okam\u017eit\u011b zav\u0159ete a ut\u011bsn\u011bte okna a dve\u0159e. Sir\u00e9na m\u016f\u017ee s velkou pravd\u011bpodobnost\u00ed signalizovat \u00fanik nebezpe\u010dn\u00fdch l\u00e1tek a uzav\u0159en\u00edm prostoru sn\u00ed\u017e\u00edte pravd\u011bpodobnost vlastn\u00edho zamo\u0159en\u00ed.<\/mark><\/li>\n<\/ul>\n\n\n\n<p><strong>3.\u00a0ZAPN\u011aTE R\u00c1DIO NEBO TELEVIZI<\/strong><\/p>\n\n\n\n<ul class=\"wp-block-list\">\n<li><mark style=\"background-color:rgba(0, 0, 0, 0)\" class=\"has-inline-color has-luminous-vivid-amber-color\">Informace o tom, co se stalo, pro\u010d byla spu\u0161t\u011bna sir\u00e9na a varov\u00e1no obyvatelstvo a co d\u011blat d\u00e1le, usly\u0161\u00edte v mimo\u0159\u00e1dn\u00fdch zpravodajstv\u00edch televize \u010di r\u00e1dia. Tyto informace mohou b\u00fdt sd\u011blov\u00e1ny tak\u00e9 obecn\u00edmi rozhlasy, elektronick\u00fdmi sir\u00e9nami pop\u0159\u00edpad\u011b megafony z\u00e1chran\u00e1\u0159sk\u00fdch vozidel.<\/mark><\/li>\n<\/ul>\n\n\n\n<p>V\u00fd\u0161e uveden\u00e9 pokyny jsou m\u00edrn\u011b odli\u0161n\u00e9, pokud se jedn\u00e1 o&nbsp;povodn\u011b. Bl\u00ed\u017ee v&nbsp;chystan\u00e9m samostatn\u00e9m \u010dl\u00e1nku.&nbsp;<\/p>\n\n\n\n<p><strong>OBECN\u00c9 Z\u00c1SADY PRO P\u0158\u00cdPAD OHRO\u017dEN\u00cd<\/strong><\/p>\n\n\n\n<p>V p\u0159\u00edpad\u011b varov\u00e1n\u00ed o hroz\u00edc\u00ed nebo ji\u017e nastal\u00e9 mimo\u0159\u00e1dn\u00e9 ud\u00e1losti se sna\u017ete dodr\u017eovat n\u00e1sleduj\u00edc\u00ed z\u00e1sady, kter\u00e9 ochr\u00e1n\u00ed V\u00e1s a\u00a0Va\u0161e bl\u00edzk\u00e9 a z\u00e1rove\u0148 pomohou\u00a0 z\u00e1chrann\u00fdm slo\u017ek\u00e1m p\u0159i z\u00e1sahu:<\/p>\n\n\n\n<ul class=\"wp-block-list\">\n<li><mark style=\"background-color:rgba(0, 0, 0, 0)\" class=\"has-inline-color has-luminous-vivid-amber-color\">RESPEKTUJETE a sna\u017ete se z\u00edsk\u00e1vat informace z ofici\u00e1ln\u00edch zdroj\u016f (rozhlas, televize, m\u00edstn\u00ed rozhlas, pokyny zam\u011bstnavatele)<\/mark><\/li>\n\n\n\n<li><mark style=\"background-color:rgba(0, 0, 0, 0)\" class=\"has-inline-color has-luminous-vivid-amber-color\">NEROZ\u0160I\u0158UJTE popla\u0161n\u00e9 a neov\u011b\u0159en\u00e9 zpr\u00e1vy<\/mark><\/li>\n\n\n\n<li><mark style=\"background-color:rgba(0, 0, 0, 0)\" class=\"has-inline-color has-luminous-vivid-amber-color\">VARUJTE ostatn\u00ed ohro\u017een\u00e9 osoby ve sv\u00e9m nejbli\u017e\u0161\u00edm okol\u00ed (sousedy)<\/mark><\/li>\n\n\n\n<li><mark style=\"background-color:rgba(0, 0, 0, 0)\" class=\"has-inline-color has-luminous-vivid-amber-color\">NETELEFONUJTE ZBYTE\u010cN\u011a \u2013 telefonn\u00ed s\u00ed\u0165 je v situac\u00edch ohro\u017een\u00ed p\u0159et\u00ed\u017eena<\/mark><\/li>\n\n\n\n<li><mark style=\"background-color:rgba(0, 0, 0, 0)\" class=\"has-inline-color has-luminous-vivid-amber-color\">NEPODCE\u0147UJETE vzniklou situaci<\/mark><\/li>\n\n\n\n<li><mark style=\"background-color:rgba(0, 0, 0, 0)\" class=\"has-inline-color has-luminous-vivid-amber-color\">POM\u00c1HEJTE\u00a0 dle mo\u017enost\u00ed soused\u016fm a lidem ve sv\u00e9m okol\u00ed<\/mark><\/li>\n\n\n\n<li><mark style=\"background-color:rgba(0, 0, 0, 0)\" class=\"has-inline-color has-luminous-vivid-amber-color\">UV\u011aDOMTE SI, \u017ee nejv\u011bt\u0161\u00ed hodnotou je lidsk\u00fd \u017eivot a zdrav\u00ed a a\u017e pot\u00e9 majetek<\/mark><\/li>\n\n\n\n<li><mark style=\"background-color:rgba(0, 0, 0, 0)\" class=\"has-inline-color has-luminous-vivid-amber-color\">UPOSLECHN\u011aTE pokyn\u016f zasahuj\u00edc\u00edch z\u00e1chran\u00e1\u0159\u016f, p\u0159edstavitel\u016f org\u00e1n\u016f st\u00e1tn\u00ed spr\u00e1vy a\u00a0samospr\u00e1vy<\/mark><\/li>\n<\/ul>\n\n\n\n<p><strong>Videa na\u00a0<a rel=\"noreferrer noopener\" href=\"http:\/\/www.youtube.com\/user\/HasiciCZ\" target=\"_blank\">http:\/\/www.youtube.com\/user\/HasiciCZ<\/a><\/strong><\/p>\n","protected":false},"excerpt":{"rendered":"<p>Pronikav\u00fd zvuk varovn\u00e9 sir\u00e9ny znamen\u00e1 v\u017edy n\u011bjak\u00e9 nebezpe\u010d\u00ed. M\u016f\u017ee se jednat nap\u0159\u00edklad o&nbsp;povode\u0148, rozs\u00e1hl\u00fd po\u017e\u00e1r nebo hav\u00e1rii s&nbsp;\u00fanikem nebezpe\u010dn\u00e9 l\u00e1tky. V&nbsp;p\u0159\u00edpad\u011b hrozby \u010di&nbsp;vzniku podobn\u00e9 mimo\u0159\u00e1dn\u00e9 ud\u00e1losti je d\u016fle\u017eit\u00e9, aby ohro\u017een\u00ed lid\u00e9 byli varov\u00e1ni.&nbsp; V\u010dasn\u00e9 a\u00a0spr\u00e1vn\u00e9 varov\u00e1n\u00ed obyvatelstva zaji\u0161\u0165uje v\u00a0\u010cesk\u00e9 republice s\u00ed\u0165 poplachov\u00fdch sir\u00e9n (rota\u010dn\u00ed a\u00a0elektronick\u00e9 sir\u00e9ny a m\u00edstn\u00ed rozhlasy), kter\u00e9 jsou d\u00e1lkov\u011b ovl\u00e1d\u00e1ny z\u00a0tzv.\u00a0vyrozum\u00edvac\u00edch center, [&hellip;]<\/p>\n","protected":false},"author":3,"featured_media":19976,"parent":16743,"menu_order":0,"comment_status":"open","ping_status":"closed","template":"","meta":{"ngg_post_thumbnail":0,"footnotes":""},"class_list":["post-19973","page","type-page","status-publish","has-post-thumbnail","hentry"],"_links":{"self":[{"href":"https:\/\/sdhjevicko.cz\/index.php?rest_route=\/wp\/v2\/pages\/19973","targetHints":{"allow":["GET"]}}],"collection":[{"href":"https:\/\/sdhjevicko.cz\/index.php?rest_route=\/wp\/v2\/pages"}],"about":[{"href":"https:\/\/sdhjevicko.cz\/index.php?rest_route=\/wp\/v2\/types\/page"}],"author":[{"embeddable":true,"href":"https:\/\/sdhjevicko.cz\/index.php?rest_route=\/wp\/v2\/users\/3"}],"replies":[{"embeddable":true,"href":"https:\/\/sdhjevicko.cz\/index.php?rest_route=%2Fwp%2Fv2%2Fcomments&post=19973"}],"version-history":[{"count":2,"href":"https:\/\/sdhjevicko.cz\/index.php?rest_route=\/wp\/v2\/pages\/19973\/revisions"}],"predecessor-version":[{"id":19978,"href":"https:\/\/sdhjevicko.cz\/index.php?rest_route=\/wp\/v2\/pages\/19973\/revisions\/19978"}],"up":[{"embeddable":true,"href":"https:\/\/sdhjevicko.cz\/index.php?rest_route=\/wp\/v2\/pages\/16743"}],"wp:featuredmedia":[{"embeddable":true,"href":"https:\/\/sdhjevicko.cz\/index.php?rest_route=\/wp\/v2\/media\/19976"}],"wp:attachment":[{"href":"https:\/\/sdhjevicko.cz\/index.php?rest_route=%2Fwp%2Fv2%2Fmedia&parent=19973"}],"curies":[{"name":"wp","href":"https:\/\/api.w.org\/{rel}","templated":true}]}}