{"id":21411,"date":"2023-08-08T21:48:41","date_gmt":"2023-08-08T20:48:41","guid":{"rendered":"https:\/\/sdhjevicko.cz\/?page_id=21411"},"modified":"2023-08-08T21:54:50","modified_gmt":"2023-08-08T20:54:50","slug":"jak-a-kde-spravne-zaparkovat-abyste-neomezili-prujezd-hasicskych-cisteren","status":"publish","type":"page","link":"https:\/\/sdhjevicko.cz\/?page_id=21411","title":{"rendered":"Jak a kde spr\u00e1vn\u011b zaparkovat, abyste neomezili pr\u016fjezd hasi\u010dsk\u00fdch cisteren?"},"content":{"rendered":"\n<p class=\"has-large-font-size\"><mark style=\"background-color:rgba(0, 0, 0, 0)\" class=\"has-inline-color has-vivid-red-color\"><strong>DODR\u017dUJTE Z\u00c1KLADN\u00cd PRAVIDLA:<\/strong><\/mark><\/p>\n\n\n\n<p class=\"has-medium-font-size\"><strong><mark style=\"background-color:rgba(0, 0, 0, 0)\" class=\"has-inline-color has-luminous-vivid-amber-color\">Parkov\u00e1n\u00ed:<\/mark><\/strong><\/p>\n\n\n\n<ul class=\"wp-block-list\">\n<li class=\"has-medium-font-size\"><mark style=\"background-color:rgba(0, 0, 0, 0)\" class=\"has-inline-color has-cyan-bluish-gray-color\">na komunikac\u00edch parkujte v\u017edy tak, aby vedle v\u00e1s z\u016fstal voln\u00fd pruh \u0161irok\u00fd minim\u00e1ln\u011b 3 metry<\/mark><\/li>\n<\/ul>\n\n\n\n<ul class=\"wp-block-list\">\n<li class=\"has-medium-font-size\"><mark style=\"background-color:rgba(0, 0, 0, 0)\" class=\"has-inline-color has-cyan-bluish-gray-color\">parkujte v dostate\u010dn\u00e9 vzd\u00e1lenosti od hranice k\u0159i\u017eovatek, zat\u00e1\u010dek a z\u00fa\u017een\u00ed komunikac\u00ed tak, aby z\u00e1chran\u00e1\u0159sk\u00e9 vozidlo mohlo odbo\u010dit nebo projet<\/mark><\/li>\n<\/ul>\n\n\n\n<ul class=\"wp-block-list\">\n<li class=\"has-medium-font-size\"><mark style=\"background-color:rgba(0, 0, 0, 0)\" class=\"has-inline-color has-cyan-bluish-gray-color\">neparkujte na n\u00e1stupn\u00edch ploch\u00e1ch pro po\u017e\u00e1rn\u00ed techniku, t\u011bsn\u011b p\u0159ed vstupem do objekt\u016f a p\u0159ed nadzemn\u00edmi hydranty a na podzemn\u00edch hydrantech<\/mark><\/li>\n<\/ul>\n\n\n\n<ul class=\"wp-block-list\">\n<li class=\"has-medium-font-size\"><mark style=\"background-color:rgba(0, 0, 0, 0)\" class=\"has-inline-color has-cyan-bluish-gray-color\">preferujte parkov\u00e1n\u00ed pouze pod\u00e9l jedn\u00e9 strany komunikace, slalom mezi zaparkovan\u00fdmi vozidly je obt\u00ed\u017en\u00fd<\/mark><\/li>\n<\/ul>\n\n\n\n<figure class=\"wp-block-image size-large\"><a href=\"https:\/\/sdhjevicko.cz\/wp-content\/uploads\/2023\/08\/image-2.png\"><img fetchpriority=\"high\" decoding=\"async\" width=\"1024\" height=\"576\" src=\"https:\/\/sdhjevicko.cz\/wp-content\/uploads\/2023\/08\/image-2-1024x576.png\" alt=\"\" class=\"wp-image-21414\" srcset=\"https:\/\/sdhjevicko.cz\/wp-content\/uploads\/2023\/08\/image-2-1024x576.png 1024w, https:\/\/sdhjevicko.cz\/wp-content\/uploads\/2023\/08\/image-2-300x169.png 300w, https:\/\/sdhjevicko.cz\/wp-content\/uploads\/2023\/08\/image-2-768x432.png 768w, https:\/\/sdhjevicko.cz\/wp-content\/uploads\/2023\/08\/image-2.png 1280w\" sizes=\"(max-width: 1024px) 100vw, 1024px\" \/><\/a><\/figure>\n\n\n\n<p class=\"has-medium-font-size\"><mark style=\"background-color:rgba(0, 0, 0, 0)\" class=\"has-inline-color has-luminous-vivid-amber-color\">Bezpe\u010dn\u00e1 pr\u016fjezdnost:<\/mark><\/p>\n\n\n\n<ul class=\"wp-block-list\">\n<li class=\"has-medium-font-size\"><mark style=\"background-color:rgba(0, 0, 0, 0)\" class=\"has-inline-color has-cyan-bluish-gray-color\">jede-li vozidlo s pr\u00e1vem p\u0159ednosti v j\u00edzd\u011b se zapnut\u00fdm v\u00fdstra\u017en\u00fdm za\u0159\u00edzen\u00edm, sna\u017ete se mu uvolnit cestu sjet\u00edm k prav\u00e9 krajnici. Nebra\u0148te v p\u0159edj\u00ed\u017ed\u011bn\u00ed, prudce nebrzd\u011bte<\/mark><\/li>\n<\/ul>\n\n\n\n<ul class=\"wp-block-list\">\n<li class=\"has-medium-font-size\"><mark style=\"background-color:rgba(0, 0, 0, 0)\" class=\"has-inline-color has-cyan-bluish-gray-color\">na vytvo\u0159en\u00ed dostate\u010dn\u00e9ho prostoru pro pr\u016fjezd z\u00e1chran\u00e1\u0159\u016f pamatujte i v p\u0159\u00edpad\u011b, \u017ee stoj\u00edte u ostr\u016fvku v komunikaci nebo pobl\u00ed\u017e jin\u00e9ho z\u00fa\u017een\u00ed vozovky<\/mark><\/li>\n<\/ul>\n\n\n\n<figure class=\"wp-block-image size-full\"><a href=\"https:\/\/sdhjevicko.cz\/wp-content\/uploads\/2023\/08\/image.png\"><img decoding=\"async\" width=\"780\" height=\"227\" src=\"https:\/\/sdhjevicko.cz\/wp-content\/uploads\/2023\/08\/image.png\" alt=\"\" class=\"wp-image-21412\" srcset=\"https:\/\/sdhjevicko.cz\/wp-content\/uploads\/2023\/08\/image.png 780w, https:\/\/sdhjevicko.cz\/wp-content\/uploads\/2023\/08\/image-300x87.png 300w, https:\/\/sdhjevicko.cz\/wp-content\/uploads\/2023\/08\/image-768x224.png 768w\" sizes=\"(max-width: 780px) 100vw, 780px\" \/><\/a><\/figure>\n\n\n\n<ul class=\"wp-block-list\">\n<li class=\"has-medium-font-size\"><mark style=\"background-color:rgba(0, 0, 0, 0)\" class=\"has-inline-color has-cyan-bluish-gray-color\">dodr\u017eujte z\u00e1sady pro tvo\u0159en\u00ed z\u00e1chran\u00e1\u0159sk\u00e9 uli\u010dky na rychlostn\u00edch komunikac\u00edch a d\u00e1lnic\u00edch. D\u011blejte uli\u010dku pro z\u00e1chran\u00e1\u0159e v\u017edy, kdy\u017e se bl\u00ed\u017e\u00edte do kolony. Doleva uh\u00fdbejte, pokud stoj\u00edte v lev\u00e9m j\u00edzdn\u00edm pruhu, ostatn\u00ed \u0159idi\u010di v dal\u0161\u00edch j\u00edzdn\u00edch pruz\u00edch mus\u00ed uhnout z\u00e1chran\u00e1\u0159\u016fm v\u017edy doprava<\/mark><\/li>\n<\/ul>\n\n\n\n<figure class=\"wp-block-image size-full\"><a href=\"https:\/\/sdhjevicko.cz\/wp-content\/uploads\/2023\/08\/image-1.png\"><img decoding=\"async\" width=\"770\" height=\"458\" src=\"https:\/\/sdhjevicko.cz\/wp-content\/uploads\/2023\/08\/image-1.png\" alt=\"\" class=\"wp-image-21413\" srcset=\"https:\/\/sdhjevicko.cz\/wp-content\/uploads\/2023\/08\/image-1.png 770w, https:\/\/sdhjevicko.cz\/wp-content\/uploads\/2023\/08\/image-1-300x178.png 300w, https:\/\/sdhjevicko.cz\/wp-content\/uploads\/2023\/08\/image-1-768x457.png 768w\" sizes=\"(max-width: 770px) 100vw, 770px\" \/><\/a><\/figure>\n\n\n\n<ul class=\"wp-block-list\">\n<li class=\"has-medium-font-size\"><mark style=\"background-color:rgba(0, 0, 0, 0)\" class=\"has-inline-color has-cyan-bluish-gray-color\">nejezd\u011bte za houkaj\u00edc\u00edm vozidlem z\u00e1chran\u00e1\u0159\u016f ve snaze projet co nejrychleji k\u0159i\u017eovatkou<\/mark><\/li>\n<\/ul>\n\n\n\n<ul class=\"wp-block-list\">\n<li class=\"has-medium-font-size\"><mark style=\"background-color:rgba(0, 0, 0, 0)\" class=\"has-inline-color has-cyan-bluish-gray-color\">bl\u00ed\u017e\u00edte-li se ke k\u0159i\u017eovatce a sly\u0161\u00edte nebo vid\u00edte houkaj\u00edc\u00ed vozidlo z\u00e1chran\u00e1\u0159\u016f, dbejte zv\u00fd\u0161en\u00e9 opatrnosti. Zachovejte klid! I kdy\u017e jste na hlavn\u00ed silnici nebo m\u00e1te zelenou, sledujte sm\u011brovky z\u00e1chran\u00e1\u0159sk\u00e9ho vozidla a podle toho umo\u017en\u011bte jeho pr\u016fjezd. Pokud sv\u00edt\u00ed na semaforu \u010derven\u00e9 sv\u011btlo, sna\u017ete se co nejv\u00edce najet k prav\u00e9mu okraji vozovky.<br><strong>Pozor, \u010dasto se st\u00e1v\u00e1, \u017ee jede n\u011bkolik takov\u00fdch vozidel za sebou!<\/strong><\/mark><\/li>\n<\/ul>\n\n\n\n<figure class=\"wp-block-image size-full\"><a href=\"https:\/\/sdhjevicko.cz\/wp-content\/uploads\/2023\/08\/image-3.png\"><img loading=\"lazy\" decoding=\"async\" width=\"850\" height=\"529\" src=\"https:\/\/sdhjevicko.cz\/wp-content\/uploads\/2023\/08\/image-3.png\" alt=\"\" class=\"wp-image-21415\" srcset=\"https:\/\/sdhjevicko.cz\/wp-content\/uploads\/2023\/08\/image-3.png 850w, https:\/\/sdhjevicko.cz\/wp-content\/uploads\/2023\/08\/image-3-300x187.png 300w, https:\/\/sdhjevicko.cz\/wp-content\/uploads\/2023\/08\/image-3-768x478.png 768w\" sizes=\"(max-width: 850px) 100vw, 850px\" \/><\/a><\/figure>\n","protected":false},"excerpt":{"rendered":"<p>DODR\u017dUJTE Z\u00c1KLADN\u00cd PRAVIDLA: Parkov\u00e1n\u00ed: Bezpe\u010dn\u00e1 pr\u016fjezdnost:<\/p>\n","protected":false},"author":3,"featured_media":0,"parent":16743,"menu_order":0,"comment_status":"closed","ping_status":"closed","template":"","meta":{"ngg_post_thumbnail":0,"footnotes":""},"class_list":["post-21411","page","type-page","status-publish","hentry"],"_links":{"self":[{"href":"https:\/\/sdhjevicko.cz\/index.php?rest_route=\/wp\/v2\/pages\/21411","targetHints":{"allow":["GET"]}}],"collection":[{"href":"https:\/\/sdhjevicko.cz\/index.php?rest_route=\/wp\/v2\/pages"}],"about":[{"href":"https:\/\/sdhjevicko.cz\/index.php?rest_route=\/wp\/v2\/types\/page"}],"author":[{"embeddable":true,"href":"https:\/\/sdhjevicko.cz\/index.php?rest_route=\/wp\/v2\/users\/3"}],"replies":[{"embeddable":true,"href":"https:\/\/sdhjevicko.cz\/index.php?rest_route=%2Fwp%2Fv2%2Fcomments&post=21411"}],"version-history":[{"count":6,"href":"https:\/\/sdhjevicko.cz\/index.php?rest_route=\/wp\/v2\/pages\/21411\/revisions"}],"predecessor-version":[{"id":21422,"href":"https:\/\/sdhjevicko.cz\/index.php?rest_route=\/wp\/v2\/pages\/21411\/revisions\/21422"}],"up":[{"embeddable":true,"href":"https:\/\/sdhjevicko.cz\/index.php?rest_route=\/wp\/v2\/pages\/16743"}],"wp:attachment":[{"href":"https:\/\/sdhjevicko.cz\/index.php?rest_route=%2Fwp%2Fv2%2Fmedia&parent=21411"}],"curies":[{"name":"wp","href":"https:\/\/api.w.org\/{rel}","templated":true}]}}