{"id":21876,"date":"2023-12-04T16:39:45","date_gmt":"2023-12-04T15:39:45","guid":{"rendered":"https:\/\/sdhjevicko.cz\/?page_id=21876"},"modified":"2024-02-21T15:09:45","modified_gmt":"2024-02-21T14:09:45","slug":"integrovany-zachranny-system","status":"publish","type":"page","link":"https:\/\/sdhjevicko.cz\/?page_id=21876","title":{"rendered":"Integrovan\u00fd z\u00e1chrann\u00fd syst\u00e9m"},"content":{"rendered":"\n<p>Ka\u017ed\u00fd z n\u00e1s se m\u016f\u017eeme st\u00e1t sv\u011bdkem, p\u0159\u00edm\u00fdm \u00fa\u010dastn\u00edkem nebo i posti\u017een\u00fdm n\u011bjak\u00e9 mimo\u0159\u00e1dn\u00e9 ud\u00e1losti, kter\u00e1 ohro\u017euje zdrav\u00ed, \u017eivot, majetek nebo \u017eivotn\u00ed prost\u0159ed\u00ed. Integrovan\u00fd z\u00e1chrann\u00fd syst\u00e9m n\u00e1m v t\u011bchto chv\u00edl\u00edch p\u0159ijde na pomoc.&nbsp;<\/p>\n\n\n\n<p><strong>Integrovan\u00fd z\u00e1chrann\u00fd syst\u00e9m<\/strong><\/p>\n\n\n\n<p>Ka\u017ed\u00fd z n\u00e1s se m\u016f\u017eeme st\u00e1t sv\u011bdkem, p\u0159\u00edm\u00fdm \u00fa\u010dastn\u00edkem nebo i posti\u017een\u00fdm n\u011bjak\u00e9 mimo\u0159\u00e1dn\u00e9 ud\u00e1losti, kter\u00e1 ohro\u017euje zdrav\u00ed, \u017eivot, majetek nebo \u017eivotn\u00ed prost\u0159ed\u00ed. N\u011bkdo byl sv\u011bdkem dopravn\u00ed nehody, jin\u00e9mu po\u0161kodil d\u016fm po\u017e\u00e1r,&nbsp;povode\u0148 nebo&nbsp;v\u011btrn\u00e1 kalamita. U v\u0161ech t\u011bchto mimo\u0159\u00e1dn\u00fdch ud\u00e1lost\u00ed v\u00edd\u00e1me zasahovat z\u00e1chrann\u00e9 slo\u017eky, ale mnohdy i dal\u0161\u00ed subjekty jako pot\u00e1p\u011b\u010de, kynology, plyna\u0159e a dal\u0161\u00ed havarijn\u00ed slu\u017eby. N\u011bkdy si klademe ot\u00e1zky<em>: \u201ePro\u010d tam jsou? Kdo je tam poslal? Kam se m\u016f\u017eeme obracet my v&nbsp;p\u0159\u00edpad\u011b, \u017ee pot\u0159ebujeme pomoc nebo radu?\u201c<\/em>. Pokus\u00edme se v\u00e1m d\u00e1t na tyto ot\u00e1zky odpov\u011bdi v&nbsp;n\u00e1sleduj\u00edc\u00edch \u0159\u00e1dc\u00edch.<\/p>\n\n\n\n<p>Pod pojmem integrovan\u00fd z\u00e1chrann\u00fd syst\u00e9m (d\u00e1le jen IZS) si v\u011bt\u0161ina z&nbsp;n\u00e1s p\u0159edstav\u00ed sanitku, hasi\u010dsk\u00e9 nebo policejn\u00ed auto sp\u011bchaj\u00edc\u00ed k&nbsp;z\u00e1sahu. Skute\u010dnost je v\u0161ak trochu slo\u017eit\u011bj\u0161\u00ed.&nbsp;<strong>IZS je p\u0159edev\u0161\u00edm <\/strong><strong>syst\u00e9m&nbsp;<\/strong>definovan\u00fd a vymezen\u00fd z\u00e1konem \u010d. 239\/2000 Sb., o integrovan\u00e9m z\u00e1chrann\u00e9m syst\u00e9mu. IZS vznikl jako pot\u0159eba ka\u017edodenn\u00ed spolupr\u00e1ce hasi\u010d\u016f, zdravotn\u00edk\u016f, policie a dal\u0161\u00edch slo\u017eek, org\u00e1n\u016f st\u00e1tn\u00ed spr\u00e1vy a samospr\u00e1vy i fyzick\u00fdch a pr\u00e1vnick\u00fdch osob p\u0159i \u0159e\u0161en\u00ed mimo\u0159\u00e1dn\u00fdch ud\u00e1lost\u00ed (po\u017e\u00e1r\u016f, hav\u00e1ri\u00ed, dopravn\u00edch nehod, \u017eiveln\u00edch pohrom atd.). Spolupr\u00e1ce uveden\u00fdch slo\u017eek na m\u00edst\u011b z\u00e1sahu v n\u011bjak\u00e9 form\u011b existovala v\u017edy. Av\u0161ak jejich odli\u0161n\u00e1 pracovn\u00ed n\u00e1pl\u0148 i pravomoci vy\u017eadovaly ur\u010ditou koordinaci postup\u016f, kterou pr\u00e1v\u011b syst\u00e9m IZS zaji\u0161\u0165uje.<\/p>\n\n\n\n<p>IZS je rozd\u011blen do dvou kategori\u00ed, na slo\u017eky z\u00e1kladn\u00ed a ostatn\u00ed. Z\u00e1kladn\u00ed slo\u017eky IZS tvo\u0159\u00ed:&nbsp;<\/p>\n\n\n\n<ul class=\"wp-block-list\">\n<li><mark style=\"background-color:rgba(0, 0, 0, 0)\" class=\"has-inline-color has-luminous-vivid-amber-color\">Hasi\u010dsk\u00fd z\u00e1chrann\u00fd sbor \u010cesk\u00e9 republiky (profesion\u00e1ln\u00ed hasi\u010di),<\/mark><\/li>\n\n\n\n<li><mark style=\"background-color:rgba(0, 0, 0, 0)\" class=\"has-inline-color has-luminous-vivid-amber-color\">Jednotky po\u017e\u00e1rn\u00ed ochrany za\u0159azen\u00e9 do plo\u0161n\u00e9ho pokryt\u00ed kraje jednotkami po\u017e\u00e1rn\u00ed ochrany (jednotky sbor\u016f dobrovoln\u00fdch hasi\u010d\u016f obc\u00ed a podnik\u016f),<\/mark><\/li>\n\n\n\n<li><mark style=\"background-color:rgba(0, 0, 0, 0)\" class=\"has-inline-color has-luminous-vivid-amber-color\">poskytovatel\u00e9 zdravotnick\u00e9 z\u00e1chrann\u00e9 slu\u017eby,<\/mark><\/li>\n\n\n\n<li><mark style=\"background-color:rgba(0, 0, 0, 0)\" class=\"has-inline-color has-luminous-vivid-amber-color\">Policie \u010cesk\u00e9 republiky.<\/mark><\/li>\n<\/ul>\n\n\n\n<p>Tyto z\u00e1kladn\u00ed slo\u017eky zaji\u0161\u0165uj\u00ed nep\u0159etr\u017eitou pohotovost pro p\u0159\u00edjem ohl\u00e1\u0161en\u00ed vzniku mimo\u0159\u00e1dn\u00e9 ud\u00e1losti, jej\u00ed vyhodnocen\u00ed a neodkladn\u00fd z\u00e1sah. P\u016fsob\u00ed na cel\u00e9m \u00fazem\u00ed \u010cR.<\/p>\n\n\n\n<figure class=\"wp-block-image size-full\"><a href=\"https:\/\/sdhjevicko.cz\/wp-content\/uploads\/2023\/12\/image.png\"><img fetchpriority=\"high\" decoding=\"async\" width=\"774\" height=\"309\" src=\"https:\/\/sdhjevicko.cz\/wp-content\/uploads\/2023\/12\/image.png\" alt=\"\" class=\"wp-image-21877\" srcset=\"https:\/\/sdhjevicko.cz\/wp-content\/uploads\/2023\/12\/image.png 774w, https:\/\/sdhjevicko.cz\/wp-content\/uploads\/2023\/12\/image-300x120.png 300w, https:\/\/sdhjevicko.cz\/wp-content\/uploads\/2023\/12\/image-768x307.png 768w\" sizes=\"(max-width: 774px) 100vw, 774px\" \/><\/a><\/figure>\n\n\n\n<p>Ostatn\u00edmi slo\u017ekami IZS jsou vy\u010dlen\u011bn\u00e9 s\u00edly a prost\u0159edky ozbrojen\u00fdch sil (Arm\u00e1da \u010cR), ostatn\u00ed ozbrojen\u00e9 bezpe\u010dnostn\u00ed sbory (nap\u0159. m\u011bstsk\u00e1 nebo obecn\u00ed policie), ostatn\u00ed z\u00e1chrann\u00e9 sbory (nap\u0159. horsk\u00e1 slu\u017eba), org\u00e1ny ochrany ve\u0159ejn\u00e9ho zdrav\u00ed, havarijn\u00ed, pohotovostn\u00ed, odborn\u00e9 a jin\u00e9 slu\u017eby, neziskov\u00e9 organizace a sdru\u017een\u00ed ob\u010dan\u016f, kter\u00e1 lze vyu\u017e\u00edt k z\u00e1chrann\u00fdm a likvida\u010dn\u00edm prac\u00edm. S&nbsp;ostatn\u00edmi slo\u017ekami IZS je p\u0159edem p\u00edsemn\u011b dohodnut\u00fd zp\u016fsob poskytnut\u00ed pomoci. Jedn\u00e1 se tedy o tzv. pl\u00e1novanou pomoc na vy\u017e\u00e1d\u00e1n\u00ed.<\/p>\n\n\n\n<p><strong>Hasi\u010dsk\u00fd z\u00e1chrann\u00fd sbor \u010cR&nbsp;<\/strong>(d\u00e1le jen HZS \u010cR)&nbsp;<strong>je hlavn\u00edm koordin\u00e1torem&nbsp;a p\u00e1te\u0159\u00ed IZS.<\/strong>&nbsp;Pokud zasahuje v\u00edce slo\u017eek IZS, na m\u00edst\u011b zpravidla vel\u00ed p\u0159\u00edslu\u0161n\u00edk HZS \u010cR. Velitelem z\u00e1sahu v\u0161ak m\u016f\u017ee b\u00fdt i p\u0159\u00edslu\u0161n\u00edk slo\u017eky, jej\u00ed\u017e \u010dinnost v&nbsp;m\u00edst\u011b z\u00e1sahu p\u0159eva\u017euje. Nap\u0159\u00edklad p\u0159i z\u00e1chran\u011b poh\u0159e\u0161ovan\u00fdch osob v&nbsp;ter\u00e9nu nebo p\u0159i z\u00e1sahu na \u00fato\u010d\u00edc\u00edho aktivn\u00edho st\u0159elce vel\u00ed p\u0159\u00edslu\u0161n\u00edk Policie \u010cR.<\/p>\n\n\n\n<p>O z\u00e1sah slo\u017eek IZS se jedn\u00e1 v&nbsp;p\u0159\u00edpad\u011b, kdy spole\u010dn\u011b zasahuj\u00ed dv\u011b a v\u00edce jeho slo\u017eek. Pot\u0159ebn\u00e9 s\u00edly a prost\u0159edky&nbsp;HZS \u010cR (hasi\u010de a&nbsp;jejich techniku) v konkr\u00e9tn\u00ed lokalit\u011b povol\u00e1v\u00e1 Opera\u010dn\u00ed a informa\u010dn\u00ed st\u0159edisko HZS dan\u00e9ho kraje. To je tak\u00e9 opr\u00e1vn\u011bno varovat obyvatelstvo na ohro\u017een\u00e9m \u00fazem\u00ed, vy\u017eadovat a organizovat v\u011bcnou a osobn\u00ed pomoc. U ostatn\u00edch z\u00e1kladn\u00edch slo\u017eek IZS je to podobn\u00e9.<\/p>\n\n\n\n<p><strong>Velitel z\u00e1sahu m\u00e1 p\u0159i prov\u00e1d\u011bn\u00ed z\u00e1chrann\u00fdch a likvida\u010dn\u00edch prac\u00ed krom\u011b mnoha povinnost\u00ed i rozs\u00e1hl\u00e9 pravomoci<\/strong>. M\u016f\u017ee nap\u0159\u00edklad zak\u00e1zat nebo omezit vstup osob na m\u00edsto z\u00e1sahu, na\u0159\u00eddit evakuaci osob nebo stanovit jin\u00e1 do\u010dasn\u00e1 omezen\u00ed k ochran\u011b \u017eivota, zdrav\u00ed, majetku a \u017eivotn\u00edho prost\u0159ed\u00ed. Je rovn\u011b\u017e opr\u00e1vn\u011bn vyzvat pr\u00e1vnick\u00e9 a fyzick\u00e9 osoby k poskytnut\u00ed osobn\u00ed nebo v\u011bcn\u00e9 pomoci, za kterou n\u00e1sledn\u011b n\u00e1le\u017e\u00ed pen\u011b\u017eit\u00e1 n\u00e1hrada.&nbsp;<strong>Firmy a ob\u010dan\u00e9 tak maj\u00ed ze z\u00e1kona povinnost \u017e\u00e1dosti o&nbsp;pomoc p\u0159i \u0159e\u0161en\u00ed mimo\u0159\u00e1dn\u00e9 ud\u00e1losti uposlechnout,&nbsp;<\/strong>krom\u011b n\u011bkolika v\u00fdjimek, kter\u00e9 jsou jasn\u011b z\u00e1konem stanoveny. D\u016fle\u017eitou v\u00fdjimkou pro ob\u010dany je, \u017ee pln\u011bn\u00ed povinnost\u00ed mohou odm\u00edtnout, pokud by t\u00edm ohrozili \u017eivot nebo zdrav\u00ed vlastn\u00ed nebo jin\u00fdch osob anebo pokud jim v tom br\u00e1n\u00ed d\u016fle\u017eit\u00e9 okolnosti, kter\u00e9 by zjevn\u011b zp\u016fsobily z\u00e1va\u017en\u011bj\u0161\u00ed n\u00e1sledek ne\u017e ohro\u017een\u00ed, kter\u00e9mu se m\u00e1 p\u0159edch\u00e1zet.<\/p>\n","protected":false},"excerpt":{"rendered":"<p>Ka\u017ed\u00fd z n\u00e1s se m\u016f\u017eeme st\u00e1t sv\u011bdkem, p\u0159\u00edm\u00fdm \u00fa\u010dastn\u00edkem nebo i posti\u017een\u00fdm n\u011bjak\u00e9 mimo\u0159\u00e1dn\u00e9 ud\u00e1losti, kter\u00e1 ohro\u017euje zdrav\u00ed, \u017eivot, majetek nebo \u017eivotn\u00ed prost\u0159ed\u00ed. Integrovan\u00fd z\u00e1chrann\u00fd syst\u00e9m n\u00e1m v t\u011bchto chv\u00edl\u00edch p\u0159ijde na pomoc.&nbsp; Integrovan\u00fd z\u00e1chrann\u00fd syst\u00e9m Ka\u017ed\u00fd z n\u00e1s se m\u016f\u017eeme st\u00e1t sv\u011bdkem, p\u0159\u00edm\u00fdm \u00fa\u010dastn\u00edkem nebo i posti\u017een\u00fdm n\u011bjak\u00e9 mimo\u0159\u00e1dn\u00e9 ud\u00e1losti, kter\u00e1 ohro\u017euje zdrav\u00ed, \u017eivot, [&hellip;]<\/p>\n","protected":false},"author":3,"featured_media":0,"parent":16743,"menu_order":0,"comment_status":"open","ping_status":"closed","template":"","meta":{"ngg_post_thumbnail":0,"footnotes":""},"class_list":["post-21876","page","type-page","status-publish","hentry"],"_links":{"self":[{"href":"https:\/\/sdhjevicko.cz\/index.php?rest_route=\/wp\/v2\/pages\/21876","targetHints":{"allow":["GET"]}}],"collection":[{"href":"https:\/\/sdhjevicko.cz\/index.php?rest_route=\/wp\/v2\/pages"}],"about":[{"href":"https:\/\/sdhjevicko.cz\/index.php?rest_route=\/wp\/v2\/types\/page"}],"author":[{"embeddable":true,"href":"https:\/\/sdhjevicko.cz\/index.php?rest_route=\/wp\/v2\/users\/3"}],"replies":[{"embeddable":true,"href":"https:\/\/sdhjevicko.cz\/index.php?rest_route=%2Fwp%2Fv2%2Fcomments&post=21876"}],"version-history":[{"count":2,"href":"https:\/\/sdhjevicko.cz\/index.php?rest_route=\/wp\/v2\/pages\/21876\/revisions"}],"predecessor-version":[{"id":22112,"href":"https:\/\/sdhjevicko.cz\/index.php?rest_route=\/wp\/v2\/pages\/21876\/revisions\/22112"}],"up":[{"embeddable":true,"href":"https:\/\/sdhjevicko.cz\/index.php?rest_route=\/wp\/v2\/pages\/16743"}],"wp:attachment":[{"href":"https:\/\/sdhjevicko.cz\/index.php?rest_route=%2Fwp%2Fv2%2Fmedia&parent=21876"}],"curies":[{"name":"wp","href":"https:\/\/api.w.org\/{rel}","templated":true}]}}