{"id":21884,"date":"2023-12-04T16:46:09","date_gmt":"2023-12-04T15:46:09","guid":{"rendered":"https:\/\/sdhjevicko.cz\/?page_id=21884"},"modified":"2024-02-21T15:02:18","modified_gmt":"2024-02-21T14:02:18","slug":"detektory-koure-a-nebezpecnych-plynu","status":"publish","type":"page","link":"https:\/\/sdhjevicko.cz\/?page_id=21884","title":{"rendered":"Detektory kou\u0159e a nebezpe\u010dn\u00fdch plyn\u016f"},"content":{"rendered":"\n<p>Detektory kou\u0159e a nebezpe\u010dn\u00fdch plyn\u016f jsou jednoduch\u00e9 p\u0159\u00edstroje, kter\u00e9 v\u010das detekuj\u00ed vznikaj\u00edc\u00ed po\u017e\u00e1r \u010di \u00fanik plynu a vyvolaj\u00ed poplach, jsou ur\u010deny pro instalaci v na\u0161ich dom\u00e1cnostech pro zv\u00fd\u0161en\u00ed jejich bezpe\u010dnosti.&nbsp;<\/p>\n\n\n\n<p>Za\u0159\u00edzen\u00ed pro signalizaci po\u017e\u00e1r\u016f v&nbsp;budov\u011b m\u016f\u017eeme rozd\u011blit do dvou z\u00e1kladn\u00edch kategori\u00ed. Tou prvn\u00ed je elektronick\u00e1 po\u017e\u00e1rn\u00ed signalizace (EPS). Jej\u00ed vyu\u017eit\u00ed je zejm\u00e9na ve v\u00fdrobn\u00edch a kancel\u00e1\u0159sk\u00fdch prostorech, obchodn\u00edch domech apod. Tyto objekty jsou d\u00edky nainstalovan\u00e9 EPS p\u0159ipojeny na specializovanou \u00fast\u0159ednu, kter\u00e1 p\u0159ijme sign\u00e1l o zachycen\u00e9m kou\u0159i a p\u0159ed\u00e1 ho d\u00e1l, ve v\u011bt\u0161in\u011b p\u0159\u00edpad\u016f upozorn\u00ed Hasi\u010dsk\u00fd z\u00e1chrann\u00fd sbor \u010cR p\u0159es tzv. pult centr\u00e1ln\u00ed ochrany.<\/p>\n\n\n\n<p>Druhou skupinu tvo\u0159\u00ed&nbsp;<strong>autonomn\u00ed hl\u00e1si\u010de po\u017e\u00e1ru<\/strong>&nbsp;(kou\u0159e). Jedn\u00e1 se o jednoduch\u00e9 p\u0159\u00edstroje, kter\u00e9 v\u010das detekuj\u00ed vznikaj\u00edc\u00ed po\u017e\u00e1r a vyvolaj\u00ed poplach. Tyto hl\u00e1si\u010de jsou ur\u010deny pro instalaci v&nbsp;na\u0161ich dom\u00e1cnostech. P\u0159\u00edstroj je nap\u00e1jen bateri\u00ed, jej\u00ed\u017e \u017eivotnost m\u016f\u017ee b\u00fdt a\u017e deset let.<\/p>\n\n\n\n<p>\u010cidla hl\u00e1si\u010de dok\u00e1\u017e\u00ed po\u017e\u00e1r (resp. kou\u0159 z po\u017e\u00e1ru) v\u010das detekovat a siln\u00fdm akustick\u00fdm sign\u00e1lem na n\u011bj upozorn\u00ed u\u017eivatele dom\u00e1cnosti. Umo\u017en\u00ed t\u00edm nebezpe\u010d\u00ed zlikvidovat ji\u017e v z\u00e1rodku \u010di ohro\u017een\u00fd prostor v\u010das opustit a p\u0159ivolat hasi\u010de. Ze zku\u0161enost\u00ed z\u00e1chran\u00e1\u0159\u016f plyne, \u017ee pr\u00e1v\u011b&nbsp;<strong>v\u010dasn\u00e9 zji\u0161t\u011bn\u00ed po\u017e\u00e1ru je rozhoduj\u00edc\u00ed pro z\u00e1chranu lidsk\u00fdch \u017eivot\u016f<\/strong>&nbsp;a &#8222;hl\u00e1si\u010de po\u017e\u00e1ru&#8220; tak&nbsp;<strong>v\u00fdrazn\u011b zvy\u0161uj\u00ed \u0161ance na p\u0159e\u017eit\u00ed.<\/strong>&nbsp;Nebezpe\u010d\u00ed hroz\u00ed nap\u0159. v noci, kdy lid\u00e9 sp\u00ed a po\u017e\u00e1r v\u010das nezjist\u00ed. T\u0159i ze \u010dty\u0159 ob\u011bt\u00ed po\u017e\u00e1r\u016f neuho\u0159\u00ed, ale zem\u0159ou kv\u016fli nad\u00fdch\u00e1n\u00ed se toxick\u00fdch zplodin ho\u0159en\u00ed. Kou\u0159 je rychlej\u0161\u00ed a ti\u0161\u0161\u00ed ne\u017e ohe\u0148 a i mal\u00fd po\u017e\u00e1r dok\u00e1\u017ee po p\u00e1r minut\u00e1ch zaplnit byt vysoce toxick\u00fdmi zplodinami, kter\u00e9 p\u0159i n\u011bkolika vdechnut\u00edch zp\u016fsob\u00ed bezv\u011bdom\u00ed a n\u00e1sledn\u011b smrt \u010dlov\u011bka.&nbsp;<strong>V\u010dasn\u00e9 varov\u00e1n\u00ed n\u00e1s m\u016f\u017ee zachr\u00e1nit!<\/strong><\/p>\n\n\n\n<p>N\u00e1kup autonomn\u00edho hl\u00e1si\u010de d\u016frazn\u011b doporu\u010dujeme realizovat u specializovan\u00e9ho prodejce, kter\u00fd n\u00e1m porad\u00ed s&nbsp;jeho instalac\u00ed. V\u00fdrobek mus\u00ed odpov\u00eddat platn\u00fdm norm\u00e1m a m\u00edt ozna\u010den\u00ed \u201eCE\u201c (zna\u010dka garantuje, \u017ee v\u00fdrobek odpov\u00edd\u00e1 evropsk\u00fdm harmonizovan\u00fdm norm\u00e1m). Je tak\u00e9 mo\u017en\u00e9 vz\u00e1jemn\u011b propojit n\u011bkolik hl\u00e1si\u010d\u016f s t\u00edm, \u017ee v p\u0159\u00edpad\u011b v\u00fdstra\u017en\u00e9 reakce jednoho, jsou zapnuty i hl\u00e1si\u010de ostatn\u00ed (nap\u0159. \u010didlo reaguj\u00edc\u00ed na kou\u0159 v gar\u00e1\u017ei spust\u00ed \u010didlo i v lo\u017enici).&nbsp;<strong>V&nbsp;porovn\u00e1n\u00ed s&nbsp;hodnotou v\u011bc\u00ed v na\u0161\u00ed dom\u00e1cnosti, o kter\u00e9 n\u00e1s p\u0159\u00edpadn\u00fd po\u017e\u00e1r m\u016f\u017ee p\u0159ipravit, je \u010d\u00e1stka za po\u0159\u00edzen\u00ed hl\u00e1si\u010de zanedbateln\u00e1.<\/strong><\/p>\n\n\n\n<p>Samotn\u00e1 instalace hl\u00e1si\u010de je rychl\u00e1 a jednoduch\u00e1. Sta\u010d\u00ed k tomu hmo\u017edinky a b\u011b\u017en\u00e9 n\u00e1\u0159ad\u00ed, p\u0159i instalaci postupujme v\u017edy podle n\u00e1vodu v\u00fdrobce.&nbsp;<\/p>\n\n\n\n<figure class=\"wp-block-image size-full is-resized\"><a href=\"https:\/\/sdhjevicko.cz\/wp-content\/uploads\/2023\/12\/image-1.jpg\"><img fetchpriority=\"high\" decoding=\"async\" width=\"218\" height=\"328\" src=\"https:\/\/sdhjevicko.cz\/wp-content\/uploads\/2023\/12\/image-1.jpg\" alt=\"\" class=\"wp-image-21885\" style=\"aspect-ratio:0.6646341463414634;width:345px;height:auto\" srcset=\"https:\/\/sdhjevicko.cz\/wp-content\/uploads\/2023\/12\/image-1.jpg 218w, https:\/\/sdhjevicko.cz\/wp-content\/uploads\/2023\/12\/image-1-199x300.jpg 199w\" sizes=\"(max-width: 218px) 100vw, 218px\" \/><\/a><\/figure>\n\n\n\n<p><strong>Vhodn\u00e9 um\u00edst\u011bn\u00ed:<\/strong><\/p>\n\n\n\n<ul class=\"wp-block-list\">\n<li><mark style=\"background-color:rgba(0, 0, 0, 0)\" class=\"has-inline-color has-luminous-vivid-amber-color\">v ide\u00e1ln\u00edm p\u0159\u00edpad\u011b ve v\u0161ech obytn\u00fdch m\u00edstnostech bytu\/domu<\/mark><\/li>\n\n\n\n<li><mark style=\"background-color:rgba(0, 0, 0, 0)\" class=\"has-inline-color has-luminous-vivid-amber-color\">v p\u0159\u00edpad\u011b mont\u00e1\u017ee jednoho hl\u00e1si\u010de v byt\u011b zvol\u00edme m\u00edsto v\u00a0jeho centr\u00e1ln\u00ed \u010d\u00e1sti, nap\u0159. v chodb\u011b kam \u00fast\u00ed jednotliv\u00e9 m\u00edstnosti<\/mark><\/li>\n\n\n\n<li><mark style=\"background-color:rgba(0, 0, 0, 0)\" class=\"has-inline-color has-luminous-vivid-amber-color\">v m\u00edstnosti v\u017edy doprost\u0159ed stropu (dle doporu\u010den\u00ed min. ve vzd\u00e1lenosti 60 cm od st\u011bny a ve v\u00fd\u0161ce max. 6 m od podlahy)<\/mark><\/li>\n\n\n\n<li><mark style=\"background-color:rgba(0, 0, 0, 0)\" class=\"has-inline-color has-luminous-vivid-amber-color\">v bytov\u00fdch domech, ubytovn\u00e1ch apod. i ve spole\u010dn\u00fdch prostorech ka\u017ed\u00e9ho podla\u017e\u00ed domu<\/mark><\/li>\n\n\n\n<li><mark style=\"background-color:rgba(0, 0, 0, 0)\" class=\"has-inline-color has-luminous-vivid-amber-color\">v m\u00edstech s\u00a0vy\u0161\u0161\u00edm rizikem vzniku po\u017e\u00e1ru (gar\u00e1\u017ee, d\u00edlny).<\/mark><\/li>\n<\/ul>\n\n\n\n<p><strong>Nevhodn\u00e9 um\u00edst\u011bn\u00ed:<\/strong><\/p>\n\n\n\n<ul class=\"wp-block-list\">\n<li><mark style=\"background-color:rgba(0, 0, 0, 0)\" class=\"has-inline-color has-luminous-vivid-amber-color\">pra\u0161n\u00e9 a velmi vlhk\u00e9 prostory<\/mark><\/li>\n\n\n\n<li><mark style=\"background-color:rgba(0, 0, 0, 0)\" class=\"has-inline-color has-luminous-vivid-amber-color\">bl\u00edzkost ventil\u00e1tor\u016f, tepeln\u00fdch zdroj\u016f, sv\u00edtidel nebo jin\u00fdch zdroj\u016f tepla<\/mark><\/li>\n\n\n\n<li><mark style=\"background-color:rgba(0, 0, 0, 0)\" class=\"has-inline-color has-luminous-vivid-amber-color\">vrcholy p\u016fdn\u00edch prostor\u016f st\u0159ech tvaru p\u00edsmene \u201eA\u201c<\/mark><\/li>\n\n\n\n<li><mark style=\"background-color:rgba(0, 0, 0, 0)\" class=\"has-inline-color has-luminous-vivid-amber-color\">prostory s vysokou koncentrac\u00ed cigaretov\u00e9ho kou\u0159e, v\u00fdpar\u016f barev, rozpou\u0161t\u011bdel a v\u00fdfukov\u00fdch plyn\u016f.<\/mark><\/li>\n<\/ul>\n\n\n\n<figure class=\"wp-block-table\"><table><tbody><tr><th><mark style=\"background-color:rgba(0, 0, 0, 0)\" class=\"has-inline-color has-luminous-vivid-amber-color\"><em><strong>NEZNALOST Z\u00c1KONA NEOMLOUV\u00c1:<\/strong><\/em>\u00a0p<em>ovinnost m\u00edt nainstalovan\u00fd autonomn\u00ed hl\u00e1si\u010d po\u017e\u00e1ru je zakotvena v na\u0161\u00ed legislativ\u011b (vyhl\u00e1\u0161ka \u010d. 23\/2008 Sb., o technick\u00fdch podm\u00ednk\u00e1ch po\u017e\u00e1rn\u00ed ochrany staveb). Na z\u00e1klad\u011b t\u00e9to vyhl\u00e1\u0161ky jimi mus\u00ed b\u00fdt dom\u00e1cnosti ve v\u0161ech nov\u00fdch i\u00a0<\/em>zrekonstruovan\u00fdch\u00a0<em>objektech po 1. 7. 2008 vybaveny\u00a0<\/em>v souladu s\u00a0projektovou dokumentac\u00ed stavby<em>\u00a0a rodinn\u00e9 domy pak d\u00e1le minim\u00e1ln\u011b jedn\u00edm p\u0159enosn\u00fdm hasic\u00edm p\u0159\u00edstrojem. Tento po\u017eadavek se net\u00fdk\u00e1 staveb realizovan\u00fdch p\u0159ed \u00fa\u010dinnost\u00ed t\u00e9to vyhl\u00e1\u0161ky, av\u0161ak doporu\u010dujeme instalaci i v\u00a0t\u011bchto dom\u00e1cnostech.<\/em><\/mark><\/th><\/tr><\/tbody><\/table><\/figure>\n\n\n\n<p><strong>Jak hl\u00e1si\u010d kontrolovat?<\/strong><\/p>\n\n\n\n<p><strong>V n\u00e1vodu v\u00fdrobce<\/strong>&nbsp;by m\u011blo b\u00fdt uvedeno, jak\u00fdm zp\u016fsobem a jak \u010dasto m\u00e1me hl\u00e1si\u010d kontrolovat. Na rozd\u00edl od hasic\u00edho p\u0159\u00edstroje kontrolu nemus\u00ed d\u011blat vy\u0161kolen\u00e1 osoba, ale s\u00e1m u\u017eivatel &#8211; nap\u0159. jednou m\u011bs\u00ed\u010dn\u011b prost\u00fdm stisknut\u00edm kontroln\u00edho tla\u010d\u00edtka (\u010d\u00edm\u017e se kontroln\u011b spust\u00ed alarm). Jinak n\u00e1m posta\u010d\u00ed jednou za \u010das v hl\u00e1si\u010di vym\u011bnit baterie, p\u0159i\u010dem\u017e akustick\u00fd sign\u00e1l (pop\u0159. blikaj\u00edc\u00ed kontrolka) n\u00e1s upozorn\u00ed, kdy\u017e ji\u017e baterie doch\u00e1z\u00ed. Baterie v hl\u00e1si\u010di vydr\u017e\u00ed minim\u00e1ln\u011b 1 rok, existuj\u00ed ale i s mnohem del\u0161\u00ed \u017eivotnost\u00ed. Pamatujme, \u017ee hl\u00e1si\u010d s vybitou bateri\u00ed je n\u00e1m k ni\u010demu.<\/p>\n\n\n\n<p>Dal\u0161\u00edmi vhodn\u00fdmi prost\u0159edky do dom\u00e1cnosti jsou tak\u00e9 has\u00edc\u00ed sprej a hasic\u00ed deka.&nbsp;<strong>Has\u00edc\u00ed sprej<\/strong>&nbsp;je ur\u010den\u00fd k ha\u0161en\u00ed men\u0161\u00edch ohnisek po\u017e\u00e1ru. Jeho vyu\u017eit\u00ed je krom\u011b bytu tak\u00e9 nap\u0159. v aut\u011b, karavanu \u010di kancel\u00e1\u0159i.&nbsp;<strong>Has\u00edc\u00ed deka<\/strong>&nbsp;je vyrobena z kvalitn\u00ed neho\u0159lav\u00e9, oboustrann\u011b pota\u017een\u00e9 sklen\u011bn\u00e9 vlny. Je ur\u010dena k ha\u0161en\u00ed po\u017e\u00e1r\u016f tuk\u016f, nap\u0159. p\u0159i va\u0159en\u00ed na spor\u00e1ku, p\u0159i grilov\u00e1n\u00ed ve&nbsp;voln\u00e9 p\u0159\u00edrod\u011b.<\/p>\n\n\n\n<p>Ka\u017ed\u00fd den pou\u017e\u00edvaj\u00ed n\u011bkte\u0159\u00ed z n\u00e1s&nbsp;v&nbsp;dom\u00e1cnostech na va\u0159en\u00ed a k topen\u00ed nebezpe\u010dn\u00e9 plyny, kter\u00e9 mohou p\u0159i \u0161patn\u00e9 \u00fadr\u017eb\u011b nebo technick\u00e9 z\u00e1vad\u011b spot\u0159ebi\u010de ohrozit n\u00e1\u0161 \u017eivot. Instalac\u00ed detektor\u016f nebezpe\u010dn\u00fdch plyn\u016f, prov\u00e1d\u011bn\u00edm pravideln\u00fdch kontrol a reviz\u00ed spot\u0159ebi\u010d\u016f, v\u010detn\u011b rozvod\u016f, eliminujeme riziko vypl\u00fdvaj\u00edc\u00ed z jejich pou\u017e\u00edvan\u00ed na minimum. Pokud m\u00e1me jak\u00fdkoli spot\u0159ebi\u010d pou\u017e\u00edvaj\u00edc\u00ed plyn nebo uskladn\u011bn\u00e9 plynov\u00e9 lahve, je vhodn\u00e9 do stejn\u00e9 m\u00edstnosti um\u00edstit i detektor nebezpe\u010dn\u00fdch plyn\u016f. I zde, stejn\u011b jako u detektor\u016f kou\u0159e plat\u00ed, \u017ee&nbsp;<strong>v\u010dasn\u00e9 varov\u00e1n\u00ed n\u00e1s m\u016f\u017ee ochr\u00e1nit!<\/strong><\/p>\n\n\n\n<p>Ji\u017e v&nbsp;p\u0159\u00edpad\u011b velmi n\u00edzk\u00fdch koncentrac\u00ed nebezpe\u010dn\u00fdch plyn\u016f jsou osoby upozorn\u011bny na jejich p\u0159\u00edtomnost pomoc\u00ed zvukov\u00e9ho a&nbsp;optick\u00e9ho alarmu. Detektor v\u017edy umis\u0165ujeme na st\u011bnu v&nbsp;bl\u00edzkosti za\u0159\u00edzen\u00ed. Nem\u011bl by se montovat v bl\u00edzkosti p\u0159ek\u00e1\u017eek br\u00e1n\u00edc\u00edch p\u0159irozen\u00e9 cirkulaci vzduchu, v m\u00edstech s nedostatkem kysl\u00edku a v m\u00edstech, kde by \u010dinnost detektoru mohla b\u00fdt p\u0159\u00edmo ovliv\u0148ov\u00e1na r\u016fzn\u00fdmi v\u00fdpary (nap\u0159. bezprost\u0159edn\u011b nad spor\u00e1kem v kuchyni). Funk\u010dnost detektoru m\u016f\u017ee nep\u0159\u00edzniv\u011b ovlivnit tak\u00e9 v\u00fdrazn\u00e9 proud\u011bn\u00ed vzduchu v jeho okol\u00ed (ventil\u00e1tor, digesto\u0159).<\/p>\n\n\n\n<p>V&nbsp;p\u0159\u00edpad\u011b plynov\u00e9ho spor\u00e1ku se doporu\u010duje um\u00edstit detektor do vzd\u00e1lenosti 1&nbsp;m. Tato vzd\u00e1lenost je doporu\u010dena z&nbsp;d\u016fvodu zamezen\u00ed spu\u0161t\u011bn\u00ed alarmu p\u0159i kr\u00e1tkodob\u00e9m \u00faniku plynu, nap\u0159. p\u0159i zapalov\u00e1n\u00ed spor\u00e1ku. Pro plyny t\u011b\u017e\u0161\u00ed ne\u017e vzduch (propan-butan) se detektor umis\u0165uje p\u0159ibli\u017en\u011b 10 cm nad podlahu. V&nbsp;p\u0159\u00edpad\u011b plyn\u016f leh\u010d\u00edch ne\u017e vzduch (oxid uhelnat\u00fd a metan) se detektor umis\u0165uje cca 10 cm pod strop. Detektory je mo\u017eno um\u00edstit do v\u0161ech obytn\u00fdch m\u00edstnost\u00ed dom\u00e1cnosti. Dal\u0161\u00edmi v\u00fdhodami jsou n\u00edzk\u00e9 n\u00e1klady na provoz a mal\u00e9 rozm\u011bry za\u0159\u00edzen\u00ed, dlouh\u00e1 \u017eivotnost a poskytovan\u00e1 z\u00e1ruka, jednoduch\u00fd zp\u016fsob instalace a manipulace.<\/p>\n\n\n\n<p><strong>V&nbsp;p\u0159\u00edpad\u011b, \u017ee dojde k&nbsp;\u00faniku nebezpe\u010dn\u00e9ho plynu:<\/strong><\/p>\n\n\n\n<ul class=\"wp-block-list\">\n<li><mark style=\"background-color:rgba(0, 0, 0, 0)\" class=\"has-inline-color has-luminous-vivid-amber-color\">zachovejme klid a rozvahu<\/mark><\/li>\n\n\n\n<li><mark style=\"background-color:rgba(0, 0, 0, 0)\" class=\"has-inline-color has-luminous-vivid-amber-color\">pokud zn\u00e1me zdroj, odkud plyn unik\u00e1, uzav\u0159eme jeho p\u0159\u00edvod<\/mark><\/li>\n\n\n\n<li><mark style=\"background-color:rgba(0, 0, 0, 0)\" class=\"has-inline-color has-luminous-vivid-amber-color\">m\u00edstnosti ihned po\u0159\u00e1dn\u011b vyv\u011btrejme<\/mark><\/li>\n\n\n\n<li><mark style=\"background-color:rgba(0, 0, 0, 0)\" class=\"has-inline-color has-luminous-vivid-amber-color\">v\u00a0zasa\u017een\u00e9 m\u00edstnosti a jej\u00edm okol\u00ed nepou\u017e\u00edvejme otev\u0159en\u00fd ohe\u0148 ani jin\u00e9 mo\u017en\u00e9 inici\u00e1tory v\u00fdbuchu (nap\u0159. vyp\u00edna\u010de, mobiln\u00ed telefony, spot\u0159ebi\u010de a elektrick\u00e9 p\u0159\u00edstroje)<\/mark><\/li>\n\n\n\n<li><mark style=\"background-color:rgba(0, 0, 0, 0)\" class=\"has-inline-color has-luminous-vivid-amber-color\">\u00fanik plynu oznamme na t\u00eds\u0148ovou linku hasi\u010d\u016f 150 nebo na\u00a0t\u00eds\u0148ovou linku 112<\/mark><\/li>\n\n\n\n<li><mark style=\"background-color:rgba(0, 0, 0, 0)\" class=\"has-inline-color has-luminous-vivid-amber-color\">v\u00a0p\u0159\u00edpad\u011b podez\u0159en\u00ed na otravu plynem, jsme-li schopni, vynesme zasa\u017eenou osobu na \u010derstv\u00fd vzduch, v\u00a0p\u0159\u00edpad\u011b, \u017ee to nen\u00ed mo\u017en\u00e9, v\u011btrejme m\u00edstnost, kde se osoba nach\u00e1z\u00ed<\/mark><\/li>\n\n\n\n<li><mark style=\"background-color:rgba(0, 0, 0, 0)\" class=\"has-inline-color has-luminous-vivid-amber-color\">zavolejme zdravotnickou z\u00e1chrannou slu\u017ebu na t\u00eds\u0148ovou linku 155<\/mark><\/li>\n\n\n\n<li><mark style=\"background-color:rgba(0, 0, 0, 0)\" class=\"has-inline-color has-luminous-vivid-amber-color\">zasa\u017een\u00e9ho udr\u017eujme v\u00a0klidu a teple, sledujme stav d\u00fdch\u00e1n\u00ed a v\u011bdom\u00ed, p\u0159i z\u00e1stav\u011b dechu a srde\u010dn\u00ed \u010dinnosti okam\u017eit\u011b zahajme resuscitaci.<\/mark><\/li>\n<\/ul>\n\n\n\n<p><strong>Nebezpe\u010dn\u00e9 plyny:<\/strong><\/p>\n\n\n\n<p><strong>Metan je hlavn\u00ed slo\u017ekou zemn\u00edho plynu, je ho\u0159lav\u00fd a v\u00fdbu\u0161n\u00fd<\/strong>, detektor metanu se um\u00eds\u0165uje na st\u011bnu, a to cca 10 cm pod strop, proto\u017ee metan je leh\u010d\u00ed ne\u017e vzduch, stoup\u00e1 a p\u0159i \u00faniku se kumuluje pod stropem.<\/p>\n\n\n\n<p><strong>Propan-butan je ho\u0159lav\u00fd a v\u00fdbu\u0161n\u00fd,<\/strong>&nbsp;detektor propan-butanu se um\u00eds\u0165uje cca 15 cm nad podlahou, proto\u017ee je tento plyn t\u011b\u017e\u0161\u00ed ne\u017e vzduch, p\u0159i \u00faniku kles\u00e1 a \u0161\u00ed\u0159\u00ed se p\u0159i zemi.<\/p>\n\n\n\n<p><strong>Oxid uhelnat\u00fd&nbsp;<\/strong>vznik\u00e1 p\u0159i nedokonal\u00e9m ho\u0159en\u00ed a spalov\u00e1n\u00ed,<strong>&nbsp;je bezbarv\u00fd, bez chuti a bez z\u00e1pachu, je ho\u0159lav\u00fd, v\u00fdbu\u0161n\u00fd a smrteln\u011b jedovat\u00fd.&nbsp;<\/strong>Detektor oxidu uhelnat\u00e9ho se um\u00eds\u0165uje cca 10 cm pod strop nebo do v\u00fd\u0161e o\u010d\u00ed a sou\u010dasn\u011b do bl\u00edzkosti karem a kotl\u016f. Oxid uhelnat\u00fd se hromad\u00ed pod stropem, je m\u00edrn\u011b leh\u010d\u00ed ne\u017e vzduch, a proto stoup\u00e1 vzh\u016fru.<\/p>\n\n\n\n<p>V\u00fdhody detektor\u016f:<\/p>\n\n\n\n<ul class=\"wp-block-list\">\n<li><mark style=\"background-color:rgba(0, 0, 0, 0)\" class=\"has-inline-color has-luminous-vivid-amber-color\">po\u0159izovac\u00ed cena nen\u00ed vysok\u00e1 v porovn\u00e1n\u00ed s uchr\u00e1n\u011bn\u00fdmi \u017eivoty a majetkem<\/mark><\/li>\n\n\n\n<li><mark style=\"background-color:rgba(0, 0, 0, 0)\" class=\"has-inline-color has-luminous-vivid-amber-color\">n\u00edzk\u00e9 n\u00e1klady na provoz<\/mark><\/li>\n\n\n\n<li><mark style=\"background-color:rgba(0, 0, 0, 0)\" class=\"has-inline-color has-luminous-vivid-amber-color\">mal\u00e9 rozm\u011bry a hmotnost<\/mark><\/li>\n\n\n\n<li><mark style=\"background-color:rgba(0, 0, 0, 0)\" class=\"has-inline-color has-luminous-vivid-amber-color\">dlouh\u00e1 \u017eivotnost a poskytovan\u00e1 z\u00e1ruka<\/mark><\/li>\n\n\n\n<li><mark style=\"background-color:rgba(0, 0, 0, 0)\" class=\"has-inline-color has-luminous-vivid-amber-color\">jednoduch\u00fd zp\u016fsob instalace a manipulace<\/mark><\/li>\n\n\n\n<li><mark style=\"background-color:rgba(0, 0, 0, 0)\" class=\"has-inline-color has-luminous-vivid-amber-color\">zvukov\u00fd i vizu\u00e1ln\u00ed alarm<\/mark><\/li>\n\n\n\n<li><mark style=\"background-color:rgba(0, 0, 0, 0)\" class=\"has-inline-color has-luminous-vivid-amber-color\">mo\u017enost um\u00edst\u011bn\u00ed do v\u0161ech obytn\u00fdch prostor (nevad\u00ed jim vlhko ani teplo).<\/mark><\/li>\n<\/ul>\n\n\n\n<p>Tak\u00e9 n\u00e1kup detektoru nebezpe\u010dn\u00fdch plyn\u016f d\u016frazn\u011b doporu\u010dujeme realizovat u specializovan\u00e9ho prodejce, kter\u00fd n\u00e1m tak\u00e9 porad\u00ed s&nbsp;jeho instalac\u00ed. V\u00fdrobek mus\u00ed odpov\u00eddat platn\u00fdm norm\u00e1m.<\/p>\n\n\n\n<figure class=\"wp-block-image size-full is-resized\"><a href=\"https:\/\/sdhjevicko.cz\/wp-content\/uploads\/2023\/12\/image-1.png\"><img decoding=\"async\" width=\"384\" height=\"261\" src=\"https:\/\/sdhjevicko.cz\/wp-content\/uploads\/2023\/12\/image-1.png\" alt=\"\" class=\"wp-image-21886\" style=\"aspect-ratio:1.471264367816092;width:794px;height:auto\" srcset=\"https:\/\/sdhjevicko.cz\/wp-content\/uploads\/2023\/12\/image-1.png 384w, https:\/\/sdhjevicko.cz\/wp-content\/uploads\/2023\/12\/image-1-300x204.png 300w\" sizes=\"(max-width: 384px) 100vw, 384px\" \/><\/a><\/figure>\n","protected":false},"excerpt":{"rendered":"<p>Detektory kou\u0159e a nebezpe\u010dn\u00fdch plyn\u016f jsou jednoduch\u00e9 p\u0159\u00edstroje, kter\u00e9 v\u010das detekuj\u00ed vznikaj\u00edc\u00ed po\u017e\u00e1r \u010di \u00fanik plynu a vyvolaj\u00ed poplach, jsou ur\u010deny pro instalaci v na\u0161ich dom\u00e1cnostech pro zv\u00fd\u0161en\u00ed jejich bezpe\u010dnosti.&nbsp; Za\u0159\u00edzen\u00ed pro signalizaci po\u017e\u00e1r\u016f v&nbsp;budov\u011b m\u016f\u017eeme rozd\u011blit do dvou z\u00e1kladn\u00edch kategori\u00ed. Tou prvn\u00ed je elektronick\u00e1 po\u017e\u00e1rn\u00ed signalizace (EPS). Jej\u00ed vyu\u017eit\u00ed je zejm\u00e9na ve v\u00fdrobn\u00edch a [&hellip;]<\/p>\n","protected":false},"author":3,"featured_media":0,"parent":16743,"menu_order":0,"comment_status":"open","ping_status":"closed","template":"","meta":{"ngg_post_thumbnail":0,"footnotes":""},"class_list":["post-21884","page","type-page","status-publish","hentry"],"_links":{"self":[{"href":"https:\/\/sdhjevicko.cz\/index.php?rest_route=\/wp\/v2\/pages\/21884","targetHints":{"allow":["GET"]}}],"collection":[{"href":"https:\/\/sdhjevicko.cz\/index.php?rest_route=\/wp\/v2\/pages"}],"about":[{"href":"https:\/\/sdhjevicko.cz\/index.php?rest_route=\/wp\/v2\/types\/page"}],"author":[{"embeddable":true,"href":"https:\/\/sdhjevicko.cz\/index.php?rest_route=\/wp\/v2\/users\/3"}],"replies":[{"embeddable":true,"href":"https:\/\/sdhjevicko.cz\/index.php?rest_route=%2Fwp%2Fv2%2Fcomments&post=21884"}],"version-history":[{"count":6,"href":"https:\/\/sdhjevicko.cz\/index.php?rest_route=\/wp\/v2\/pages\/21884\/revisions"}],"predecessor-version":[{"id":22107,"href":"https:\/\/sdhjevicko.cz\/index.php?rest_route=\/wp\/v2\/pages\/21884\/revisions\/22107"}],"up":[{"embeddable":true,"href":"https:\/\/sdhjevicko.cz\/index.php?rest_route=\/wp\/v2\/pages\/16743"}],"wp:attachment":[{"href":"https:\/\/sdhjevicko.cz\/index.php?rest_route=%2Fwp%2Fv2%2Fmedia&parent=21884"}],"curies":[{"name":"wp","href":"https:\/\/api.w.org\/{rel}","templated":true}]}}