{"id":34151,"date":"2025-09-25T20:36:57","date_gmt":"2025-09-25T19:36:57","guid":{"rendered":"https:\/\/sdhjevicko.cz\/?page_id=34151"},"modified":"2025-09-25T20:42:12","modified_gmt":"2025-09-25T19:42:12","slug":"kominy-a-popel-rizika-topne-sezony","status":"publish","type":"page","link":"https:\/\/sdhjevicko.cz\/?page_id=34151","title":{"rendered":"Kom\u00edny a popel \u2013 rizika topn\u00e9 sez\u00f3ny"},"content":{"rendered":"\n<p>St\u0159eda, 24. z\u00e1\u0159\u00ed 2025 \u2013 Teploty postupn\u011b klesaj\u00ed a v&nbsp;mnoha dom\u00e1cnostech se za\u010d\u00edn\u00e1 topit. S&nbsp;topnou sez\u00f3nou se v\u0161ak zvy\u0161uje i riziko po\u017e\u00e1r\u016f, jejich\u017e p\u0159\u00ed\u010dinou jsou neudr\u017eovan\u00e9 kom\u00edny nebo nevhodn\u00e1 manipulace s&nbsp;popelem. V&nbsp;uplynul\u00e9 sez\u00f3n\u011b jsme zasahovali u des\u00edtek po\u017e\u00e1r\u016f, kter\u00e9 m\u011bly souvislost s&nbsp;kom\u00edny a \u017ehav\u00fdm popelem. \u0160kody se po\u010d\u00edtaj\u00ed v&nbsp;milionech korun.&nbsp;<\/p>\n\n\n\n<p>V&nbsp;obdob\u00ed od 1. 9. 2024 do 31. 5. 2025 zasahovali jihomorav\u0161t\u00ed hasi\u010di u&nbsp;79 po\u017e\u00e1r\u016f, jejich\u017e p\u0159\u00ed\u010dina souvisela s&nbsp;jiskrami v&nbsp;kom\u00edn\u011b nebo se za\u017eehnut\u00edm saz\u00ed. P\u0159i t\u011bchto ud\u00e1lostech nedo\u0161lo ke zran\u011bn\u00ed ani \u00famrt\u00ed, ale \u0161kody dosahuj\u00ed t\u00e9m\u011b\u0159 3 milion\u016f korun. Hasi\u010dsk\u00e9 jednotky sv\u00fdmi z\u00e1sahy uchr\u00e1nily majetek za 29,1 mil. korun.<\/p>\n\n\n\n<p>Tyto typy po\u017e\u00e1r\u016f jsou nebezpe\u010dn\u00e9 t\u00edm, \u017ee se mohou roz\u0161\u00ed\u0159it z kom\u00ednu i do dal\u0161\u00edch prostor domu a zp\u016fsobit tak zna\u010dn\u00e9 \u0161kody na majetku a samoz\u0159ejm\u011b ohrozit obyvatele domu na \u017eivot\u011b. Po po\u017e\u00e1ru kom\u00ednu nelze tento ihned pou\u017e\u00edvat, co\u017e je v&nbsp;zim\u011b pro dom\u00e1cnost nep\u0159\u00edjemn\u00e9.<\/p>\n\n\n\n<p>V&nbsp;souvislosti s&nbsp;topen\u00edm v\u0161ak existuje dal\u0161\u00ed riziko, kter\u00e9 lid\u00e9 \u010dasto podce\u0148uj\u00ed. T\u00edm je manipulace se \u017ehav\u00fdm popelem. V&nbsp;uplynul\u00e9 topn\u00e9 sez\u00f3n\u011b evidujeme celkem 50 po\u017e\u00e1r\u016f v&nbsp;souvislosti s&nbsp;manipulac\u00ed se \u017ehav\u00fdm popelem, co\u017e je v&nbsp;porovn\u00e1n\u00ed s&nbsp;p\u0159edchoz\u00ed sez\u00f3nou, kde bylo 21 takov\u00fdch po\u017e\u00e1r\u016f, v\u00fdrazn\u00fd n\u00e1r\u016fst. Celkov\u00e1 \u0161koda \u010din\u00ed 14,1 mil. korun. Dva lid\u00e9 se p\u0159i t\u011bchto ud\u00e1lostech zranili.<\/p>\n\n\n\n<h1 class=\"wp-block-heading\"><strong>Kom\u00edny v dom\u00e1cnostech<\/strong><\/h1>\n\n\n\n<p>Z\u00e1kladn\u00ed lh\u016fty pro \u010di\u0161t\u011bn\u00ed spalinov\u00e9 cesty spot\u0159ebi\u010de paliv do 50 kW p\u0159i celoro\u010dn\u00edm provozu jsou&nbsp;3x ro\u010dn\u011b u spot\u0159ebi\u010de na pevn\u00e1 paliva, 2x ro\u010dn\u011b na kapaln\u00e1 paliva a 1x ro\u010dn\u011b na plynn\u00e1 paliva.&nbsp; Z\u00e1kon o po\u017e\u00e1rn\u00ed ochran\u011b je benevolentn\u00ed v&nbsp;tom, \u017ee umo\u017e\u0148uje ob\u010dan\u016fm, pokud jsou toho schopni, si \u010di\u0161t\u011bn\u00ed prov\u00e9st sv\u00e9pomoc\u00ed.<\/p>\n\n\n\n<p><strong>Jednou do roka ale mus\u00ed b\u00fdt provedena kontrola spalinov\u00e9 cesty opr\u00e1vn\u011bn\u00fdm komin\u00edkem.&nbsp;<\/strong><\/p>\n\n\n\n<p>O proveden\u00e9 kontrole je opr\u00e1vn\u011bn\u00e1 osoba (komin\u00edk) povinn\u00e1 vydat p\u00edsemnou zpr\u00e1vu, kterou majitel nebo provozovatel spalinov\u00e9 cesty prokazuje spln\u011bn\u00ed stanoven\u00e9 povinnosti.<\/p>\n\n\n\n<p>Pokud vznikne po\u017e\u00e1r saz\u00ed v kom\u00edn\u011b, je nutno z bl\u00edzkosti kom\u00ednov\u00e9ho t\u011blesa urychlen\u011b odstranit v\u0161echen ho\u0159lav\u00fd materi\u00e1l a po\u017e\u00e1r ohl\u00e1sit na t\u00eds\u0148ovou linku 150 p\u0159\u00edpadn\u011b 112. Ho\u0159\u00edc\u00ed saze nikdy nehasit vodou, kom\u00edn by mohl popraskat. Hasi\u010di pou\u017e\u00edvaj\u00ed k sra\u017een\u00ed a uha\u0161en\u00ed ho\u0159\u00edc\u00edch saz\u00ed v kom\u00edn\u011b p\u0159ev\u00e1\u017en\u011b such\u00fd p\u00edsek.<\/p>\n\n\n\n<p>P\u0159i pou\u017e\u00edv\u00e1n\u00ed spot\u0159ebi\u010d\u016f paliv je pot\u0159eba p\u0159edev\u0161\u00edm dodr\u017eovat n\u00e1vod v\u00fdrobce, kter\u00fd \u0159e\u0161\u00ed spr\u00e1vn\u00e9 um\u00edst\u011bn\u00ed a p\u0159ipojen\u00ed spot\u0159ebi\u010de. Stanovuje pou\u017e\u00edv\u00e1n\u00ed p\u0159edepsan\u00e9ho paliva a informuje o mo\u017en\u00fdch nebezpe\u010d\u00edch p\u0159i pou\u017e\u00edv\u00e1n\u00ed.<\/p>\n\n\n\n<h1 class=\"wp-block-heading\"><strong>Jak s&nbsp;popelem?<\/strong><\/h1>\n\n\n\n<p>P\u0159ipom\u00edn\u00e1me a upozor\u0148ujeme, \u017ee&nbsp;<strong>\u017ehav\u00fd a tepl\u00fd popel do (plastov\u00fdch ani kovov\u00fdch) popelnic nepat\u0159\u00ed.<\/strong>&nbsp;I kdy\u017e se m\u016f\u017ee zd\u00e1t, \u017ee popel u\u017e nen\u00ed \u017ehav\u00fd, v kontejneru se akumuluje teplo, kter\u00e9 roztav\u00ed plastovou n\u00e1dobu a m\u016f\u017ee zp\u016fsobit po\u017e\u00e1r. Takto doch\u00e1z\u00ed k po\u017e\u00e1r\u016fm fas\u00e1d rodinn\u00fdch dom\u016f, p\u0159\u00edstavk\u016f, hospod\u00e1\u0159sk\u00fdch staven\u00ed a dal\u0161\u00edch objekt\u016f. V p\u0159\u00edpad\u011b, \u017ee se \u017ehav\u00fd popel dostane do svozov\u00e9ho vozu na odpad, m\u016f\u017ee snadno doj\u00edt k po\u017e\u00e1ru uvnit\u0159 vozu a vysok\u00fdm \u0161kod\u00e1m.&nbsp;&nbsp;<\/p>\n\n\n\n<p>Pro bezpe\u010dnou manipulaci s popelem je pot\u0159eba nechat jej zcela vychladnout (<strong>popel m\u016f\u017ee \u017ehnout i n\u011bkolik dn\u00ed<\/strong>) a ulo\u017eit do neho\u0159lav\u00fdch n\u00e1dob (nap\u0159. z kovu), kter\u00e9 jsou neporu\u0161en\u00e9, uzav\u00edrateln\u00e9 a um\u00edst\u011bn\u00e9 v bezpe\u010dn\u00e9 vzd\u00e1lenosti od ho\u0159lav\u00fdch l\u00e1tek a stavebn\u00edch konstrukc\u00ed z ho\u0159lav\u00fdch hmot.&nbsp;&nbsp;<\/p>\n\n\n\n<p><strong>Do kontejner\u016f na odpad lze popel um\u00edstit a\u017e po n\u011bkolika dnech, kdy u\u017e bude vyhasl\u00fd a studen\u00fd.&nbsp;<\/strong><\/p>\n\n\n\n<p class=\"has-small-font-size\">P\u0159evzato od HZS JHM, autor textu: Jaroslav Miko\u0161ka &#8211; tiskov\u00fd mluv\u010d\u00ed, statistika: Tom\u00e1\u0161 \u00dalehla &#8211; ZPP Brno &#8211; venkov<\/p>\n\n\n\n<figure class=\"wp-block-embed is-type-video is-provider-youtube wp-block-embed-youtube wp-embed-aspect-16-9 wp-has-aspect-ratio\"><div class=\"wp-block-embed__wrapper\">\n<iframe title=\"PO\u017d\u00c1RY V DOM\u00c1CNOSTECH\" width=\"500\" height=\"281\" src=\"https:\/\/www.youtube.com\/embed\/7vk72RSWx8U?feature=oembed\" frameborder=\"0\" allow=\"accelerometer; autoplay; clipboard-write; encrypted-media; gyroscope; picture-in-picture; web-share\" referrerpolicy=\"strict-origin-when-cross-origin\" allowfullscreen><\/iframe>\n<\/div><\/figure>\n\n\n\n<div data-wp-interactive=\"core\/file\" class=\"wp-block-file\"><object data-wp-bind--hidden=\"!state.hasPdfPreview\" hidden class=\"wp-block-file__embed\" data=\"https:\/\/sdhjevicko.cz\/wp-content\/uploads\/2025\/09\/pozary_od_manipulace-se-zhavym_popelem.pdf\" type=\"application\/pdf\" style=\"width:100%;height:600px\" aria-label=\"Vlo\u017eit z po\u017e\u00e1ry_od_manipulace se \u017ehav\u00fdm_popelem.\"><\/object><a id=\"wp-block-file--media-ce444a7c-5bc6-479a-ac0c-8ce7ab96a931\" href=\"https:\/\/sdhjevicko.cz\/wp-content\/uploads\/2025\/09\/pozary_od_manipulace-se-zhavym_popelem.pdf\">po\u017e\u00e1ry_od_manipulace se \u017ehav\u00fdm_popelem<\/a><a href=\"https:\/\/sdhjevicko.cz\/wp-content\/uploads\/2025\/09\/pozary_od_manipulace-se-zhavym_popelem.pdf\" class=\"wp-block-file__button wp-element-button\" download aria-describedby=\"wp-block-file--media-ce444a7c-5bc6-479a-ac0c-8ce7ab96a931\">St\u00e1hnout<\/a><\/div>\n","protected":false},"excerpt":{"rendered":"<p>St\u0159eda, 24. z\u00e1\u0159\u00ed 2025 \u2013 Teploty postupn\u011b klesaj\u00ed a v&nbsp;mnoha dom\u00e1cnostech se za\u010d\u00edn\u00e1 topit. S&nbsp;topnou sez\u00f3nou se v\u0161ak zvy\u0161uje i riziko po\u017e\u00e1r\u016f, jejich\u017e p\u0159\u00ed\u010dinou jsou neudr\u017eovan\u00e9 kom\u00edny nebo nevhodn\u00e1 manipulace s&nbsp;popelem. V&nbsp;uplynul\u00e9 sez\u00f3n\u011b jsme zasahovali u des\u00edtek po\u017e\u00e1r\u016f, kter\u00e9 m\u011bly souvislost s&nbsp;kom\u00edny a \u017ehav\u00fdm popelem. \u0160kody se po\u010d\u00edtaj\u00ed v&nbsp;milionech korun.&nbsp; V&nbsp;obdob\u00ed od 1. 9. 2024 [&hellip;]<\/p>\n","protected":false},"author":3,"featured_media":34153,"parent":16743,"menu_order":0,"comment_status":"open","ping_status":"closed","template":"","meta":{"ngg_post_thumbnail":0,"footnotes":""},"class_list":["post-34151","page","type-page","status-publish","has-post-thumbnail","hentry"],"_links":{"self":[{"href":"https:\/\/sdhjevicko.cz\/index.php?rest_route=\/wp\/v2\/pages\/34151","targetHints":{"allow":["GET"]}}],"collection":[{"href":"https:\/\/sdhjevicko.cz\/index.php?rest_route=\/wp\/v2\/pages"}],"about":[{"href":"https:\/\/sdhjevicko.cz\/index.php?rest_route=\/wp\/v2\/types\/page"}],"author":[{"embeddable":true,"href":"https:\/\/sdhjevicko.cz\/index.php?rest_route=\/wp\/v2\/users\/3"}],"replies":[{"embeddable":true,"href":"https:\/\/sdhjevicko.cz\/index.php?rest_route=%2Fwp%2Fv2%2Fcomments&post=34151"}],"version-history":[{"count":2,"href":"https:\/\/sdhjevicko.cz\/index.php?rest_route=\/wp\/v2\/pages\/34151\/revisions"}],"predecessor-version":[{"id":34157,"href":"https:\/\/sdhjevicko.cz\/index.php?rest_route=\/wp\/v2\/pages\/34151\/revisions\/34157"}],"up":[{"embeddable":true,"href":"https:\/\/sdhjevicko.cz\/index.php?rest_route=\/wp\/v2\/pages\/16743"}],"wp:featuredmedia":[{"embeddable":true,"href":"https:\/\/sdhjevicko.cz\/index.php?rest_route=\/wp\/v2\/media\/34153"}],"wp:attachment":[{"href":"https:\/\/sdhjevicko.cz\/index.php?rest_route=%2Fwp%2Fv2%2Fmedia&parent=34151"}],"curies":[{"name":"wp","href":"https:\/\/api.w.org\/{rel}","templated":true}]}}