{"id":6,"date":"2015-10-26T21:44:16","date_gmt":"2015-10-26T21:44:16","guid":{"rendered":"http:\/\/sdhjevicko.cz\/?page_id=6"},"modified":"2025-12-03T13:13:52","modified_gmt":"2025-12-03T12:13:52","slug":"uvod","status":"publish","type":"page","link":"https:\/\/sdhjevicko.cz\/","title":{"rendered":"\u00davod"},"content":{"rendered":"<p style=\"text-align: justify;\">V\u00edtejte na str\u00e1nk\u00e1ch SDH Jev\u00ed\u010dko. Sbor byl zalo\u017een v roce 1870 a p\u016fsob\u00ed v Jev\u00ed\u010dku a jeho okol\u00ed v\u00edce ne\u017e 150 let. Ned\u00edlnou sou\u010d\u00e1st\u00ed sboru je jednotka po\u017e\u00e1rn\u00ed ochrany (JPO II\/1), kter\u00e1 zasahuje i mimo \u00fazem\u00ed sv\u00e9ho z\u0159izovatele. Zabezpe\u010duje v\u00fdjezd zmen\u0161en\u00e9ho dru\u017estva (1+3) do 5 minut a ro\u010dn\u011b vyj\u00ed\u017ed\u00ed k n\u011bkolika des\u00edtk\u00e1m z\u00e1sah\u016f jako jsou dopravn\u00ed nehody, po\u017e\u00e1ry \u010di technick\u00e9 pomoc. Ve v\u00fdbav\u011b m\u00e1 mno\u017estv\u00ed z\u00e1sahov\u00e9 techniky a vybaven\u00ed ur\u010den\u00e9ho k z\u00e1chran\u011b \u017eivota, zdrav\u00ed a majetku. SDH Jev\u00ed\u010dko m\u00e1 ve vlastnictv\u00ed mnoho kus\u016f historick\u00e9 techniky.<\/p>\n<div class=\"imgRow\"><a href=\"https:\/\/sdhjevicko.cz\/wp-content\/uploads\/2025\/11\/2025_03_03_pozar_Unerazka-3.jpg\"><img decoding=\"async\" class=\"alignnone size-thumbnail wp-image-35010\" src=\"https:\/\/sdhjevicko.cz\/wp-content\/uploads\/2025\/11\/2025_03_03_pozar_Unerazka-3-150x150.jpg\" alt=\"\" width=\"150\" height=\"150\">&nbsp; <\/a>&nbsp;<a href=\"https:\/\/sdhjevicko.cz\/wp-content\/uploads\/2025\/11\/thumbs_2025_07_08_DN_Chornice-1.jpg\"><img decoding=\"async\" class=\"alignnone size-thumbnail wp-image-35011\" src=\"https:\/\/sdhjevicko.cz\/wp-content\/uploads\/2025\/11\/thumbs_2025_07_08_DN_Chornice-1-150x150.jpg\" alt=\"\" width=\"150\" height=\"150\">&nbsp;<\/a> <a href=\"https:\/\/sdhjevicko.cz\/wp-content\/uploads\/2024\/02\/50-Krasne-auto-.jpg\"><img decoding=\"async\" class=\"alignnone size-thumbnail wp-image-22097\" src=\"https:\/\/sdhjevicko.cz\/wp-content\/uploads\/2024\/02\/50-Krasne-auto--150x150.jpg\" alt=\"\" width=\"150\" height=\"150\">&nbsp;<\/a> <a href=\"https:\/\/sdhjevicko.cz\/wp-content\/uploads\/2025\/10\/481912108_953110517003072_2745535739421848021_n.jpg\"><img loading=\"lazy\" decoding=\"async\" class=\"alignnone size-thumbnail wp-image-34372\" src=\"https:\/\/sdhjevicko.cz\/wp-content\/uploads\/2025\/10\/481912108_953110517003072_2745535739421848021_n-150x150.jpg\" alt=\"\" width=\"150\" height=\"150\">&nbsp; <\/a><a href=\"https:\/\/sdhjevicko.cz\/wp-content\/uploads\/2025\/11\/2025_11_11_TC_ZOZ_Biskupice-08.jpg\"><img loading=\"lazy\" decoding=\"async\" class=\"alignnone size-thumbnail wp-image-35016\" src=\"https:\/\/sdhjevicko.cz\/wp-content\/uploads\/2025\/11\/2025_11_11_TC_ZOZ_Biskupice-08-150x150.jpg\" alt=\"\" width=\"150\" height=\"150\"><\/a><\/div>\n<p style=\"text-align: justify;\">B\u011bhem cel\u00e9ho roku se sbor dobrovoln\u00fdch hasi\u010d\u016f pod\u00edl\u00ed na kulturn\u00edch a spole\u010densk\u00fdch akc\u00ed v Jev\u00ed\u010dku, po\u0159\u00e1d\u00e1 tradi\u010dn\u00edch Hasi\u010dsk\u00fd ples, p\u00e1len\u00ed \u010darod\u011bjnic, z\u00e1vody mlad\u00fdch hasi\u010d\u016f a dal\u0161\u00ed. SDH Jev\u00ed\u010dko se aktivn\u011b v\u011bnuje preventivn\u011b v\u00fdchovn\u00e9 \u010dinnosti v oblasti po\u017e\u00e1rn\u00ed ochrany a prvn\u00ed pomoci. V\u00fdznamnou slo\u017ekou sboru je hasi\u010dsk\u00e1 ml\u00e1de\u017e, kter\u00e1 m\u00e1 v Jev\u00ed\u010dku mnohaletou tradici. Na\u0161i mlad\u00ed hasi\u010di se pravideln\u011b \u00fa\u010dastn\u00ed hasi\u010dsk\u00fdch sout\u011b\u017e\u00ed a p\u0159ipravuje se na pomoc druh\u00fdm p\u0159i mimo\u0159\u00e1dn\u00fdch situac\u00edch. Ml\u00e1de\u017e SDH Jev\u00ed\u010dko se pravideln\u011b z\u00fa\u010dast\u0148uje mezin\u00e1rodn\u00edho t\u00e1bora ve Finsku, kde nav\u00e1zali velmi dobrou mezin\u00e1rodn\u00ed spolupr\u00e1ci, d\u00e1le jsme za\u010dali s mezin\u00e1rodn\u00ed spoluprac\u00ed s hasi\u010di z Polska. Po\u017e\u00e1rn\u00edmu sportu se rovn\u011b\u017e v\u011bnuj\u00ed i dosp\u011bl\u00ed, n\u00e1\u0161 mu\u017esk\u00fd t\u00fdm se pravideln\u011b \u00fa\u010dastn\u00ed okresn\u00ed ligy Svitavska a dal\u0161\u00edch z\u00e1vod\u016f v po\u017e\u00e1rn\u00edm sportu.<\/p>\n<div class=\"imgRow\"><a href=\"https:\/\/sdhjevicko.cz\/wp-content\/uploads\/2025\/11\/IMG_5772.jpg\"><img loading=\"lazy\" decoding=\"async\" class=\"alignnone size-thumbnail wp-image-35014\" src=\"https:\/\/sdhjevicko.cz\/wp-content\/uploads\/2025\/11\/IMG_5772-150x150.jpg\" alt=\"\" width=\"150\" height=\"150\"><\/a> &nbsp;<a href=\"https:\/\/sdhjevicko.cz\/wp-content\/uploads\/2025\/08\/image-1.png\"><img loading=\"lazy\" decoding=\"async\" class=\"alignnone size-thumbnail wp-image-33133\" src=\"https:\/\/sdhjevicko.cz\/wp-content\/uploads\/2025\/08\/image-1-150x150.png\" alt=\"\" width=\"150\" height=\"150\">&nbsp; <\/a><a href=\"https:\/\/sdhjevicko.cz\/wp-content\/uploads\/2025\/11\/495284944_661748049977187_2633327547193993848_n.jpg\"><img loading=\"lazy\" decoding=\"async\" class=\"alignnone size-thumbnail wp-image-35017\" src=\"https:\/\/sdhjevicko.cz\/wp-content\/uploads\/2025\/11\/495284944_661748049977187_2633327547193993848_n-150x150.jpg\" alt=\"\" width=\"150\" height=\"150\"> <\/a>&nbsp;<a href=\"https:\/\/sdhjevicko.cz\/wp-content\/uploads\/2025\/11\/IMG_5680.jpg\"><img loading=\"lazy\" decoding=\"async\" class=\"alignnone size-thumbnail wp-image-35013\" src=\"https:\/\/sdhjevicko.cz\/wp-content\/uploads\/2025\/11\/IMG_5680-150x150.jpg\" alt=\"\" width=\"150\" height=\"150\"><\/a>&nbsp;&nbsp;<a href=\"https:\/\/sdhjevicko.cz\/wp-content\/uploads\/2025\/11\/1000021403.jpg\"><img loading=\"lazy\" decoding=\"async\" class=\"alignnone size-thumbnail wp-image-35012\" src=\"https:\/\/sdhjevicko.cz\/wp-content\/uploads\/2025\/11\/1000021403-150x150.jpg\" alt=\"\" width=\"150\" height=\"150\"><\/a><\/div>\n<p style=\"text-align: justify;\">Cht\u011bli bychom pod\u011bkovat v\u0161em lidem, kte\u0159\u00ed n\u00e1s podporuj\u00ed a maj\u00ed o SDH Jev\u00ed\u010dko z\u00e1jem a cht\u011bj\u00ed, aby jeho v\u00fdvoj sm\u011b\u0159oval sm\u011brem k budouc\u00edmu rozvoji, nikoliv ke stagnaci nebo \u00fapadku. Sou\u010dasn\u011b bychom cht\u011bli vyzvat v\u0161echny, kte\u0159\u00ed by se cht\u011bli st\u00e1t nov\u00fdmi \u010dleny na\u0161eho sboru, z \u0159ad ml\u00e1de\u017ee i dosp\u011bl\u00fdch, a\u0165 nev\u00e1haj\u00ed a p\u0159ihl\u00e1s\u00ed se.<\/p>\n<p style=\"text-align: justify;\">&nbsp;<\/p>\n","protected":false},"excerpt":{"rendered":"<p>V\u00edtejte na str\u00e1nk\u00e1ch SDH Jev\u00ed\u010dko. Sbor byl zalo\u017een v roce 1870 a p\u016fsob\u00ed v Jev\u00ed\u010dku a jeho okol\u00ed v\u00edce ne\u017e 150 let. Ned\u00edlnou sou\u010d\u00e1st\u00ed sboru je jednotka po\u017e\u00e1rn\u00ed ochrany (JPO II\/1), kter\u00e1 zasahuje i mimo \u00fazem\u00ed sv\u00e9ho z\u0159izovatele. Zabezpe\u010duje v\u00fdjezd zmen\u0161en\u00e9ho dru\u017estva (1+3) do 5 minut a ro\u010dn\u011b vyj\u00ed\u017ed\u00ed k n\u011bkolika des\u00edtk\u00e1m z\u00e1sah\u016f jako jsou [&hellip;]<\/p>\n","protected":false},"author":1,"featured_media":0,"parent":0,"menu_order":0,"comment_status":"open","ping_status":"open","template":"homepage.php","meta":{"ngg_post_thumbnail":0,"footnotes":""},"class_list":["post-6","page","type-page","status-publish","hentry"],"_links":{"self":[{"href":"https:\/\/sdhjevicko.cz\/index.php?rest_route=\/wp\/v2\/pages\/6","targetHints":{"allow":["GET"]}}],"collection":[{"href":"https:\/\/sdhjevicko.cz\/index.php?rest_route=\/wp\/v2\/pages"}],"about":[{"href":"https:\/\/sdhjevicko.cz\/index.php?rest_route=\/wp\/v2\/types\/page"}],"author":[{"embeddable":true,"href":"https:\/\/sdhjevicko.cz\/index.php?rest_route=\/wp\/v2\/users\/1"}],"replies":[{"embeddable":true,"href":"https:\/\/sdhjevicko.cz\/index.php?rest_route=%2Fwp%2Fv2%2Fcomments&post=6"}],"version-history":[{"count":23,"href":"https:\/\/sdhjevicko.cz\/index.php?rest_route=\/wp\/v2\/pages\/6\/revisions"}],"predecessor-version":[{"id":35019,"href":"https:\/\/sdhjevicko.cz\/index.php?rest_route=\/wp\/v2\/pages\/6\/revisions\/35019"}],"wp:attachment":[{"href":"https:\/\/sdhjevicko.cz\/index.php?rest_route=%2Fwp%2Fv2%2Fmedia&parent=6"}],"curies":[{"name":"wp","href":"https:\/\/api.w.org\/{rel}","templated":true}]}}