{"id":6923,"date":"2016-02-02T17:10:50","date_gmt":"2016-02-02T16:10:50","guid":{"rendered":"http:\/\/sdhjevicko.cz\/?page_id=6923"},"modified":"2016-02-02T17:16:50","modified_gmt":"2016-02-02T16:16:50","slug":"historie-vystavby-pozarni-zbrojnice","status":"publish","type":"page","link":"https:\/\/sdhjevicko.cz\/?page_id=6923","title":{"rendered":"V\u00fdstavba po\u017e\u00e1rn\u00ed zbrojnice"},"content":{"rendered":"<p style=\"text-align: justify;\"><strong>1954 \u2013 <\/strong>koncem roku 1954 se zapo\u010dalo s\u00a0v\u00fdstavbou po\u017e\u00e1rn\u00ed zbrojnice na ulici Svitavsk\u00e1.<br \/>\n<strong>1955 \u2013<\/strong> v\u00a0tomto roce pokra\u010dovala v\u00fdstavba po\u017e\u00e1rn\u00ed zbrojnice.<br \/>\n<strong>1956 \u2013 <\/strong>stavba po\u017e\u00e1rn\u00ed zbrojnice byla \u010d\u00e1ste\u010dn\u011b hotova. I kdy\u017e nebyla p\u0159ed\u00e1na do u\u017e\u00edv\u00e1n\u00ed, konala se 30.12.1956 V\u00fdro\u010dn\u00ed \u010dlensk\u00e1 sch\u016fze.<br \/>\n<strong>1957 <\/strong>\u2013 \u010dlensk\u00e1 sch\u016fze 4.1.1957 \u2013 projedn\u00e1n n\u00e1vrh na slavnostn\u00ed otev\u0159en\u00ed zbrojnice dne 6. a 7. nebo 13. a 14. \u010dervence 1957.<\/p>\n<p style=\"text-align: justify;\">&#8211; v\u00a0letn\u00edch m\u011bs\u00edc\u00edch byla dokon\u010dena \u00faprava ter\u00e9nu a dal\u0161\u00ed dokon\u010dovac\u00ed pr\u00e1ce.<\/p>\n<p style=\"text-align: justify;\">&#8211; v\u00fdborov\u00e1 sch\u016fze 7.6.1957 \u2013 z\u00a0d\u016fvodu zam\u00edtnut\u00ed na\u0161\u00ed \u017e\u00e1dosti Okresn\u00edm n\u00e1rodn\u00edm v\u00fdborem v\u00a0Mor. T\u0159ebov\u00e9 ohledn\u011b na\u0161eho prodeje ob\u010derstven\u00ed p\u0159i slavnostn\u00edm otev\u00edr\u00e1n\u00ed zbrojnice, byla tato slavnost zru\u0161ena.<\/p>\n<p style=\"text-align: justify;\"><strong>1976 \u2013<\/strong> v\u00a0z\u00e1\u0159\u00ed byla postavena p\u0159\u00ed\u010dka v\u00a0gar\u00e1\u017e\u00edch, kter\u00e1 rozd\u011blila gar\u00e1\u017e na dv\u011b \u010d\u00e1sti kv\u016fli vyt\u00e1p\u011bn\u00ed jedn\u00e9 \u010d\u00e1sti pro cisternu.<\/p>\n<p style=\"text-align: justify;\"><strong>1984 \u2013<\/strong> v\u00a0z\u00e1\u0159\u00ed byla provedena v\u00fdm\u011bna st\u0159e\u0161n\u00ed krytiny nad obytnou \u010d\u00e1st\u00ed a gar\u00e1\u017eemi.<\/p>\n<p style=\"text-align: justify;\"><strong>1985 \u2013<\/strong> zah\u00e1jen\u00ed v\u00fdstavby zadn\u00edch gar\u00e1\u017e\u00ed \u2013 v\u00a0\u0159\u00edjnu vyd\u00e1no stavebn\u00ed povolen\u00ed a zapo\u010dato s\u00a0v\u00fdkopem z\u00e1klad\u016f.<\/p>\n<p style=\"text-align: justify;\"><strong>1986 \u2013<\/strong> celoro\u010dn\u011b se pokra\u010dovalo ve v\u00fdstavb\u011b zadn\u00edch gar\u00e1\u017e\u00ed \/4 st\u00e1n\u00ed\/.<\/p>\n<p style=\"text-align: justify;\"><strong>1987 \u2013<\/strong> v\u00a0\u0159\u00edjnu byla dokon\u010dena v\u00fdstavba zadn\u00edch gar\u00e1\u017e\u00ed \u2013 4 st\u00e1n\u00ed.<\/p>\n<p style=\"text-align: justify;\"><strong>1987 \u2013<\/strong> v\u00a0m\u011bs\u00edci listopadu byla provedena likvidace p\u0159\u00ed\u010dky v\u00a0gar\u00e1\u017ei.<\/p>\n<p style=\"text-align: justify;\"><strong>1992 \u2013<\/strong> proveden\u00ed plynofikace Domu hasi\u010d\u016f \u2013 obytn\u00e1 \u010d\u00e1st.<\/p>\n<p style=\"text-align: justify;\"><strong>1998 <\/strong>\u2013 zah\u00e1jen\u00ed v\u00fdstavby p\u0159\u00edst\u0159e\u0161ku u zadn\u00edch gar\u00e1\u017e\u00ed<\/p>\n<p style=\"text-align: justify;\"><strong>1998 \u2013 <\/strong>roz\u0161\u00ed\u0159en\u00ed plynofikace v\u00a0Dom\u011b hasi\u010d\u016f o vyt\u00e1p\u011bn\u00ed gar\u00e1\u017e\u00ed a p\u0159em\u00edst\u011bn\u00ed kotle.<\/p>\n<p style=\"text-align: justify;\"><strong>2000<\/strong> \u2013 dokon\u010den\u00ed v\u00fdstavby p\u0159\u00edst\u0159e\u0161ku u zadn\u00edch gar\u00e1\u017e\u00ed<\/p>\n<p style=\"text-align: justify;\"><strong>2003 \u2013 <\/strong>p\u0159\u00edstavba zasedac\u00ed m\u00edstnosti, \u010d\u00e1ste\u010dn\u00e1 oprava topen\u00ed \/v\u00fdm\u011bna trubek\/ v\u00a0zasedac\u00ed m\u00edstnosti, soci\u00e1ln\u00edm za\u0159\u00edzen\u00ed, kuchyni a kancel\u00e1\u0159i starosty. Odpracov\u00e1no celkem 771 brig\u00e1dnick\u00fdch hodin \u010dleny SDH.<\/p>\n<p style=\"text-align: justify;\"><strong>2004 \u2013<\/strong> p\u0159\u00edstavba a modernizace soci\u00e1ln\u00edho za\u0159\u00edzen\u00ed.<\/p>\n<p style=\"text-align: justify;\"><strong>2004<\/strong> \u2013 um\u00edst\u011bn\u00ed sochy svat\u00e9ho Flori\u00e1na do \u0161t\u00edtov\u00e9 zdi Domu hasi\u010d\u016f a n\u00e1sledn\u00e9 vysv\u011bcen\u00ed t\u00e9to sochy.<\/p>\n<p style=\"text-align: justify;\"><strong>2009 \u2013 <\/strong>oprava kanalizace a proveden\u00ed nov\u00e9ho napojen\u00ed na ve\u0159ejnou kanalizaci. Odpracov\u00e1no celkem 83 brig\u00e1dnick\u00fdch hodin \u010dleny SDH<\/p>\n<p style=\"text-align: justify;\"><strong>\u00a02010 <\/strong>\u2013 v\u00fdm\u011bna plynov\u00e9ho kotle, v\u00fdm\u011bna trubek v\u00a0\u0161atn\u011b, kancel\u00e1\u0159i s\u00a0vys\u00edla\u010dkou,\u00a0telefonem a po\u010d\u00edta\u010dem, mont\u00e1\u017e radi\u00e1tor\u016f do gar\u00e1\u017ee a mal\u00e9 vstupn\u00ed chodby. Odpracov\u00e1no celkem 177 brig\u00e1dnick\u00fdch hodin \u010dleny SDH.<\/p>\n<p style=\"text-align: justify;\"><strong>2012 \u2013 <\/strong>zhotoven\u00ed nov\u00e9 vodovodn\u00ed p\u0159\u00edpojky do Domu hasi\u010d\u016f<\/p>\n<p style=\"text-align: justify;\">&#8211; v\u00fdm\u011bna vchodov\u00fdch hlavn\u00edch i bo\u010dn\u00edch dve\u0159\u00ed<\/p>\n","protected":false},"excerpt":{"rendered":"<p>1954 \u2013 koncem roku 1954 se zapo\u010dalo s\u00a0v\u00fdstavbou po\u017e\u00e1rn\u00ed zbrojnice na ulici Svitavsk\u00e1. 1955 \u2013 v\u00a0tomto roce pokra\u010dovala v\u00fdstavba po\u017e\u00e1rn\u00ed zbrojnice. 1956 \u2013 stavba po\u017e\u00e1rn\u00ed zbrojnice byla \u010d\u00e1ste\u010dn\u011b hotova. I kdy\u017e nebyla p\u0159ed\u00e1na do u\u017e\u00edv\u00e1n\u00ed, konala se 30.12.1956 V\u00fdro\u010dn\u00ed \u010dlensk\u00e1 sch\u016fze. 1957 \u2013 \u010dlensk\u00e1 sch\u016fze 4.1.1957 \u2013 projedn\u00e1n n\u00e1vrh na slavnostn\u00ed otev\u0159en\u00ed zbrojnice dne 6. [&hellip;]<\/p>\n","protected":false},"author":1,"featured_media":0,"parent":106,"menu_order":0,"comment_status":"open","ping_status":"open","template":"","meta":{"ngg_post_thumbnail":0,"footnotes":""},"class_list":["post-6923","page","type-page","status-publish","hentry"],"_links":{"self":[{"href":"https:\/\/sdhjevicko.cz\/index.php?rest_route=\/wp\/v2\/pages\/6923","targetHints":{"allow":["GET"]}}],"collection":[{"href":"https:\/\/sdhjevicko.cz\/index.php?rest_route=\/wp\/v2\/pages"}],"about":[{"href":"https:\/\/sdhjevicko.cz\/index.php?rest_route=\/wp\/v2\/types\/page"}],"author":[{"embeddable":true,"href":"https:\/\/sdhjevicko.cz\/index.php?rest_route=\/wp\/v2\/users\/1"}],"replies":[{"embeddable":true,"href":"https:\/\/sdhjevicko.cz\/index.php?rest_route=%2Fwp%2Fv2%2Fcomments&post=6923"}],"version-history":[{"count":5,"href":"https:\/\/sdhjevicko.cz\/index.php?rest_route=\/wp\/v2\/pages\/6923\/revisions"}],"predecessor-version":[{"id":6930,"href":"https:\/\/sdhjevicko.cz\/index.php?rest_route=\/wp\/v2\/pages\/6923\/revisions\/6930"}],"up":[{"embeddable":true,"href":"https:\/\/sdhjevicko.cz\/index.php?rest_route=\/wp\/v2\/pages\/106"}],"wp:attachment":[{"href":"https:\/\/sdhjevicko.cz\/index.php?rest_route=%2Fwp%2Fv2%2Fmedia&parent=6923"}],"curies":[{"name":"wp","href":"https:\/\/api.w.org\/{rel}","templated":true}]}}