{"id":6932,"date":"2016-02-02T17:37:02","date_gmt":"2016-02-02T16:37:02","guid":{"rendered":"http:\/\/sdhjevicko.cz\/?page_id=6932"},"modified":"2017-07-17T09:55:46","modified_gmt":"2017-07-17T08:55:46","slug":"pametni-zapis","status":"publish","type":"page","link":"https:\/\/sdhjevicko.cz\/?page_id=6932","title":{"rendered":"Pam\u011btn\u00ed z\u00e1pis o stavb\u011b po\u017e\u00e1rn\u00ed zbrojnice"},"content":{"rendered":"<p><em>Doslovn\u00e9 ops\u00e1n\u00ed a bez \u00faprav ops\u00e1no z\u00a0\u201eKnihy z\u00e1pis\u016f Sboru dobrovoln\u00fdch hasi\u010d\u016f m\u011bsta Jev\u00ed\u010dka z\u00a0let 1930 \u2013 1984\u201c.<\/em><\/p>\n<p style=\"text-align: justify;\">Po n\u011bkolik let pozorovalo \u010dlenstvo i mnoh\u00fd kolem jdouc\u00ed ob\u010dan, jak postupn\u011b a dosti viditeln\u011b se zv\u011bt\u0161uje trhlina ve \u0161t\u00edtov\u00e9 zdi od hasi\u010dsk\u00e9 zbrojnice. Na to byl upozorn\u011bn ji\u017e v\u00a0letech 1940 \u2013 1943 b\u00fdval\u00fd starosta m\u011bsta Jev\u00ed\u010dka (a to v\u00a0dob\u011b za okupace druh\u00e9 sv\u011btov\u00e9 v\u00e1lky Regierunkskommisar Jan Kihzlink), kter\u00fd dal trhlinu polepiti pap\u00edrem k\u00a0pozorov\u00e1n\u00ed.<\/p>\n<p style=\"text-align: justify;\">Pon\u011bvad\u017e hasi\u010dsk\u00e9 skladi\u0161t\u011b, nov\u00fdm n\u00e1zvem \u201eHasi\u010dsk\u00e1 zbrojnice\u201c byla postavena na n\u00e1m\u011bst\u00ed Komensk\u00e9ho na rohu dosti frekventovan\u00e9 ulice, hrozilo zhroucen\u00ed \u0161t\u00edtu, co\u017e bylo pro mimojdouc\u00ed \u017eivotu nebezpe\u010dno. Byly po\u0159\u00edzeny pl\u00e1ny k\u00a0postaven\u00ed nov\u00e9 zbrojnice, kter\u00e1 se m\u011bla postaviti ihned po ukon\u010den\u00ed sv\u011btov\u00e9 v\u00e1lky.<\/p>\n<p style=\"text-align: justify;\">V\u00e1lka byla ukon\u010dena, starosta byl odsouzen a zbrojnice se nestav\u011bla. Psal se rok 1946 a 1947 v\u00a0kter\u00fdch\u0161to letech bylo \u010dasto rokov\u00e1no na hasi\u010dsk\u00fdch sch\u016fz\u00edch o nutnosti postaven\u00ed nov\u00e9 zbrojnice. A tak bylo usneseno na postaven\u00ed nov\u00e9ho \u201eHasi\u010dsk\u00e9ho domu\u201c. Tento \u00fakol byl d\u00e1n n\u011bkolika \u010dlen\u016fm, zvl\u00e1\u0161t\u011b nov\u011b zvolen\u00e9mu veliteli bratru Franti\u0161ku Lama\u010dovi a jednateli Bohumilu Vogtovi, kte\u0159\u00ed tento \u00fakol vzali za sv\u00e9. Jednatel dal natisknout ihned let\u00e1\u010dky, kter\u00e9 byly rozneseny po cel\u00e9m m\u011bst\u011b do v\u0161ech rodin k\u00a0propagaci o podporu pen\u011b\u017eitou, technickou i pracovn\u00ed. V\u00a0let\u00e1\u010dku byly dv\u011b budovy v\u010dera a dnes.<\/p>\n<p><a href=\"https:\/\/sdhjevicko.cz\/wp-content\/uploads\/2016\/02\/zbrojnice.jpg\"><img fetchpriority=\"high\" decoding=\"async\" class=\" size-medium wp-image-6933 aligncenter\" src=\"https:\/\/sdhjevicko.cz\/wp-content\/uploads\/2016\/02\/zbrojnice-300x225.jpg\" alt=\"zbrojnice\" width=\"300\" height=\"225\" srcset=\"https:\/\/sdhjevicko.cz\/wp-content\/uploads\/2016\/02\/zbrojnice-300x225.jpg 300w, https:\/\/sdhjevicko.cz\/wp-content\/uploads\/2016\/02\/zbrojnice.jpg 1024w\" sizes=\"(max-width: 300px) 100vw, 300px\" \/><\/a><\/p>\n<p>Pl\u00e1ny, kter\u00e9 byly p\u0159ipraveny v\u00a0roce 1943 nevyhovovaly, byly po\u0159\u00edzeny nov\u00e9, kter\u00e9 op\u011bt pro nedostatek a ne\u00faplnost nebyly Moravskou zemskou hasi\u010dskou jednotou schv\u00e1leny, byl n\u00e1m doporu\u010den arch. ing. br. G\u00e1jovsk\u00fd z\u00a0Mor. Ostravy k\u00a0proveden\u00ed n\u00e1vrhu, podle kter\u00e9ho vypracoval arch. ing. Jar. Mackerle z\u00a0Jev\u00ed\u010dka nov\u00e9, ve kter\u00fdch bylo na v\u0161e pamatov\u00e1no. Budova byla poscho\u010fov\u00e1 s\u00a0velkou spolkovou m\u00edstnost\u00ed (s\u00e1lem) a bytovou jednotkou o dvou pokoj\u00edch, kuchyn\u011b s\u00a0p\u0159\u00edslu\u0161enstv\u00edm. V\u00a0p\u0159\u00edzem\u00ed jako gar\u00e1\u017ee s\u00a05ti vraty.<\/p>\n<p style=\"text-align: justify;\">Proveden\u00e1 sb\u00edrka po m\u011bst\u011b vynesla 45.000 K\u010ds, 80 m3 stavebn\u00edho d\u0159eva (od majitel\u016f les\u016f) a r\u016fzn\u00fd invent\u00e1\u0159 od \u017eivnostn\u00edk\u016f jako dar hasi\u010dstvu. \u0158\u00edmsko-katolick\u00fdm \u00fa\u0159adem zastoupen\u00fdm radou a far\u00e1\u0159em Franti\u0161kem Kozuml\u00edkem, byl hasi\u010dstvu postoupen pozemek, v\u00edce dvou \u00e1r\u016f z farsk\u00e9 zahrady jako dar, p\u0159\u00edpadn\u011b jako v\u00fdm\u011bna za pole od M\u00edstn\u00edho n\u00e1rodn\u00edho v\u00fdboru.Star\u00e1 zbrojnice (k\u016flna) postaven\u00e1 v\u00a0roce 1841 na m\u00edst\u011b b\u00fdval\u00e9ho rybn\u00ed\u010dka, byla v\u00a0roce 1948 slavnostn\u011b (brig\u00e1dn\u011b) zbo\u0159ena a podle tempa pr\u00e1ce se soudilo, \u017ee Hasi\u010dsk\u00fd d\u016fm m\u016f\u017ee b\u00fdti je\u0161t\u011b toho roku postaven. M\u00edstn\u00ed n\u00e1rodn\u00ed v\u00fdbor zakoupil likvida\u010dku, zbo\u0159enisko v\u00a0Langend\u00f3n\u011b za Zadn\u00edm Arno\u0161tovem, aby byl z\u00edsk\u00e1n stavebn\u00ed materi\u00e1l. Stavebn\u00ed d\u0159evo, cementov\u00e1 krytina, cihly, traverzy atd. kter\u00fdch\u017eto materi\u00e1l byl brig\u00e1dn\u011b p\u0159ipraven a dopraven do m\u011bsta. Byla radost pohled\u011bti na brig\u00e1dn\u00edky a jejich v\u00fdkon, odvoz rumiska a hl\u00edny. K\u00a0t\u011bmto prac\u00edm zap\u016fj\u010dil hasi\u010dstvu roln\u00edk Milo\u0161 Krejcar traktor s\u00a0vle\u010dn\u00fdmi vozy. Odv\u00e1\u017eelo se to na jarom\u011b\u0159ickou br\u00e1nu do zahrady p. Fr. Kom\u00e1rka a do zru\u0161en\u00e9ho rybn\u00ed\u010dku p. Hrudy. Brig\u00e1dn\u00ed \u0161of\u00e9rskou pr\u00e1ci provedl br. Stanislav M\u0171ller.<\/p>\n<p style=\"text-align: justify;\">Jen na jedno bylo zapom\u00edn\u00e1no, urgovati \u017e\u00e1dosti o povolen\u00ed stavby. Co \u017e\u00e1dn\u00fd ne\u010dekal, p\u0159i\u0161el z\u00e1kaz stavby, p\u0159i\u0161el z\u00e1kaz k\u00e1cen\u00ed d\u0159eva a pl\u00e1ny z\u016fstaly le\u017eeti v\u00a0klidu na Okresn\u00edm n\u00e1r. v\u00fdbo\u0159e. Bylo zji\u0161t\u011bno p\u0159i n\u00e1v\u0161t\u011bv\u011b ONV, \u017ee \u010dlen MNV z\u00a0Jev\u00ed\u010dka, stavebn\u00ed ref. A.Valenta dal p\u0159ednostn\u00ed \u0159\u00edzen\u00ed stavb\u011b tov\u00e1rny na v\u00fdrobu holic\u00edch \u010depelek \u201eDiu\u201c a brig\u00e1dn\u00edm prac\u00edm, kter\u00e9 m\u011bli b\u00fdti na t\u00e9to stavb\u011b a proto na stavbu zbrojnice byl u MNV v\u00a0Jev\u00ed\u010dku a v\u0161ude jinde, v\u00edce m\u00e9n\u011b nez\u00e1jem. Proto byl vyhled\u00e1n dosud je\u0161t\u011b soukrom\u00fd stavitel ze sousedn\u00ed obce V. Opatovic, vykop\u00e1ny z\u00e1klady a \u017ee se po\u010dne stav\u011bti, jak se \u0159\u00edk\u00e1 na \u010derno. (Jako v\u00a0pozn\u00e1mce uv\u00e1d\u00edm, \u017ee p\u0159i vykop\u00e1vce z\u00e1klad\u016f a sklep\u016f, p\u0159i\u0161lo se na mohutn\u00e9 zdi, jako z\u00e1klady b\u00fdval\u00e9ho, sbo\u0159en\u00e9ho kostela sv. Mikul\u00e1\u0161e uprost\u0159ed h\u0159bitova. P\u0159ijde komise od Kraje, v\u0161e bylo prohl\u00e9dnuto a d\u00e1n op\u011bt z\u00e1kaz stavby pam\u00e1tkov\u00fdm \u00fa\u0159adem, stav\u011bti na star\u00e9m m\u00edst\u011b. N\u00e1hradn\u00ed m\u00edsto, kter\u00e9 bylo rovn\u011b\u017e ji\u017e vyhl\u00e9dnuto, bylo komis\u00ed p\u0159ijato a smlouva seps\u00e1na dne 20. dubna 1950 na MNV za p\u0159\u00edtomnosti:<\/p>\n<p style=\"text-align: justify; padding-left: 60px;\">za KNV Brno Zahradn\u00ed\u010dek Lad. vrch. kom. pol. spr. ing. arch. Bart\u00e1k Boh. vrch. techn. rada<\/p>\n<p style=\"text-align: justify; padding-left: 60px;\">Za MNV Jev\u00ed\u010dko: V\u00edt\u011bzslav Krejcar \u010dlen rady<\/p>\n<p style=\"text-align: justify; padding-left: 60px;\">Obvodov\u00fd pl\u00e1novatel: Ing. arch. Karel Kopka<\/p>\n<p style=\"text-align: justify; padding-left: 60px;\">Za KS\u010c Jev\u00ed\u010dko: prof. Dost\u00e1l Jaroslav<\/p>\n<p style=\"text-align: justify; padding-left: 60px;\">Za OHJ a hasi\u010d. sbor: Bohumil Vogt, jednatel Kobylka St. velitel.<\/p>\n<p style=\"text-align: justify;\">Zde poznamen\u00e1v\u00e1m, \u017ee pro dlouho trvaj\u00edc\u00ed nemoc br. Fr. Lama\u010de, neschopn\u00e9ho ji\u017e jak\u00e9koli pr\u00e1ce, zastupuje jej jako z\u00e1stupce a zvolen\u00fd velitel br. Stanislav Kobylka, kter\u00fd se dob\u0159e zapojil do t\u00e9to pr\u00e1ce. Teprve podle z\u00e1kona o 5. LP. \u010dis. 241\/1948 sb\u00edrky, byla za\u0159azena stavba hasi\u010dsk\u00e9ho domu do prov\u00e1d\u011bc\u00edch pl\u00e1n\u016f na rok 1950. Po tomto nov\u00e9m p\u0159em\u00edst\u011bn\u00ed stavby naproti dvouletky u h\u0159bitova, bylo nutno po\u0159\u00edditi nov\u00e9 pl\u00e1ny (to ji\u017e \u010dtvrt\u00e9) kter\u00e9 byly pe\u010dliv\u011b B. Vogtem promy\u0161leny a arch. ing. J. Mackerlem provedeny. Bylo pamatov\u00e1no na bytovou jednotku (pro domovn\u00edka) na spolkovou m\u00edstnost, zvl\u00e1\u0161t\u011b na reprezentaci prot\u011bj\u0161ka budovy \u201eDvouletky\u201c.<\/p>\n<p style=\"text-align: justify;\"><a href=\"https:\/\/sdhjevicko.cz\/wp-content\/uploads\/2016\/02\/zbrojnice2.jpg\"><img decoding=\"async\" class=\"aligncenter size-medium wp-image-6934\" src=\"https:\/\/sdhjevicko.cz\/wp-content\/uploads\/2016\/02\/zbrojnice2-300x238.jpg\" alt=\"zbrojnice2\" width=\"300\" height=\"238\" srcset=\"https:\/\/sdhjevicko.cz\/wp-content\/uploads\/2016\/02\/zbrojnice2-300x238.jpg 300w, https:\/\/sdhjevicko.cz\/wp-content\/uploads\/2016\/02\/zbrojnice2.jpg 1024w\" sizes=\"(max-width: 300px) 100vw, 300px\" \/><\/a><\/p>\n<p style=\"text-align: justify;\">\u010cekalo se na kladn\u00e9 povolen\u00ed stavby. Pon\u011bvad\u017e pen\u011b\u017en\u00ed kv\u00f3ta byla povolena na 2x, byla stavba odlo\u017eena a p\u0159isl\u00edbena na p\u0159\u00ed\u0161t\u00ed rok. P\u0159\u00edslib a op\u011bt p\u0159\u00edslib a zat\u00edm hasi\u010dsk\u00fd invent\u00e1\u0159 uskladn\u011bn\u00fd po cel\u00e9m m\u011bst\u011b, d\u011btem a slepic\u00edm p\u0159\u00edstupn\u00fd byl rozkr\u00e1d\u00e1n a rychl\u00e9ho z\u00e1sahu neschopen. Uk\u00e1zalo se, \u017ee p\u0159i po\u017e\u00e1rn\u00edm poplachu bylo doc\u00edleno v\u00fdst\u0159iku vody a\u017e za 47 minut. Bylo zji\u0161t\u011bno, \u017ee sv\u00ed\u010dky a rozli\u010dn\u00e9 sou\u010d\u00e1stky st\u0159\u00edka\u010dek byly od d\u011bt\u00ed roz\u0161roubov\u00e1ny a tak 2 st\u0159\u00edka\u010dky znehodnoceny. Op\u011bt se jelo na kraj se \u017e\u00e1dost\u00ed o nutnosti stavby, jeliko\u017e nep\u0159evzal \u017e\u00e1dn\u00fd zodpov\u011bdnost za \u0161kody, kter\u00e9 by vznikly jak po\u017e\u00e1rem tak i uskladn\u011bn\u00edm invent\u00e1\u0159e, hasi\u010dsk\u00e9 v\u00fdzbroje a hadic, v\u00a0cen\u011b p\u0159es p\u016fl milionu korun. Na KNV bylo pouk\u00e1z\u00e1no na normy staveb a za\u0159azen\u00ed podle t\u0159\u00edd do kter\u00e9 by p\u0159ipadlo i m\u011bsto Jev\u00ed\u010dko, a na\u0159\u00edzen dal\u0161\u00ed odklad stavby. Od ministerstva vnitra bylo sice povolen\u00ed stavby na prvn\u00ed \u010dtvrtlet\u00ed v\u00a0roce 1952, pak odklad na t\u0159et\u00ed \u010dtvrtlet\u00ed, ale co platno, kdy\u017e KNV v\u00a0Brn\u011b stavbu pro tento rok op\u011bt zak\u00e1zal.<\/p>\n<p style=\"text-align: justify;\">Z\u00e1kaz a odklad, kter\u00fd se ji\u017e projevoval mezi \u010dlenstvem jako rozklad a nechu\u0165 k\u00a0po\u017e\u00e1rn\u00ed \u010dinnosti. Z\u00e1jem o stavbu opadl a\u017e v\u00a0roce 1954 po volb\u00e1ch do n\u00e1rodn\u00edch v\u00fdbor\u016f, do kter\u00e9ho byl zvolen i V\u00e1clav Huba\u010d, jako tajemn\u00edk MNV. Bylo usneseno p\u0159i sestavov\u00e1n\u00ed ak\u010dn\u00edho pl\u00e1nu, \u017ee s\u00a0jedn\u00edm \u010dlenem MNV zajdou p\u0159\u00edmo na ministerstvo vnitra. Vy\u017e\u00e1dal si v\u0161echny informace, pl\u00e1ny i \u010d\u00e1st tohoto z\u00e1pisu a opravdu po p\u0159edlo\u017een\u00ed, vysv\u011btlen\u00ed a zji\u0161t\u011bn\u00ed v\u0161ech eventualit, bylo j\u00edm p\u0159isl\u00edbeno se zapo\u010det\u00edm stavby, je\u0161t\u011b toho roku. Po n\u011bjak\u00e9 dob\u011b obdr\u017eel MNV bal\u00edk pl\u00e1n\u016f podle normy ur\u010den\u00e9 pro m\u011bsto Jev\u00ed\u010dko. Byly ihned p\u0159ed\u00e1ny Okresn\u00edmu stavebn\u00edmu podniku Mor. T\u0159ebov\u00e1, pobo\u010dka Jev\u00ed\u010dko. Zapo\u010dato s\u00a0p\u0159\u00edpravn\u00fdmi pracemi ke stavb\u011b ve \u010dtvrt\u00e9m \u010dtvrtlet\u00ed 1954. Do z\u00e1mrzu byla ji\u017e vykop\u00e1vka z\u00e1klad\u016f a z\u00e1soba stavebn\u00edho materi\u00e1lu p\u0159ipravena. Bylo velk\u00e9 sklam\u00e1n\u00ed jak \u010dlenstva hasi\u010dsk\u00e9 jednoty, tak i ob\u010danstva nad dlouho trvaj\u00edc\u00ed stavbou i jednoduchou stavbou. Bytov\u00e1 jednotka v\u00a0pl\u00e1n\u011b nebyla a stavba byla v\u00edce zam\u011b\u0159ena na slu\u017eby st\u00e1l\u00e9ho hasi\u010dstva.<\/p>\n<p style=\"text-align: justify;\">Po st\u00e1l\u00fdch rozhovorech na M\u00edstn\u00edm n\u00e1r. v\u00fdbo\u0159e a na v\u0161ech p\u0159\u00edslu\u0161n\u00fdch m\u00edstech, kde byl z\u00e1jem o stavbu, poda\u0159ilo se n\u011bkter\u00fdm bratr\u016fm, zvl\u00e1\u0161t\u011b Bohumilu Vogtovi a stavby vedouc\u00edmu stav. Bury\u0161kovi, p\u0159emluviti p\u0159i n\u00e1v\u0161t\u011bv\u00e1ch \u010dlen\u016f Okresn\u00edho po\u017e\u00e1rn\u00edho inspektor\u00e1tu a p\u0159esv\u011bd\u010diti tak Krajsk\u00fd n\u00e1rodn\u00ed v\u00fdbor o nutnosti bytov\u00e9 jednotky, kter\u00fd na konec nejnutn\u011bj\u0161\u00ed zm\u011bnu povolil, byt pro domovn\u00edka. Stavba trvala po cel\u00fd rok 1955 a teprve po ukon\u010den\u00ed mal\u00ed\u0159sk\u00fdch a nat\u011bra\u010dsk\u00fdch pr\u00e1c\u00ed a r\u016fzn\u00fdch stavebn\u00edch dod\u011bl\u00e1vek v\u00a0roce 1956 byl po\u017e\u00e1rn\u00ed invent\u00e1\u0159 v\u00a0budov\u011b uskladn\u011bn. Jako prvn\u00ed domovn\u00edk, nast\u011bhoval se do nov\u00e9 stavby bratr Jan Kritzbach. Na prvn\u00ed v\u00fdro\u010dn\u00ed sch\u016fzi, kter\u00e1 se konala 30. prosince 1956 usneseno m\u00edstn\u00ed jednotou odpracov\u00e1n\u00ed po 10 brig\u00e1dnick\u00fdch hodin\u00e1ch pro \u010dlena na r\u016fzn\u00e9 dod\u011bl\u00e1vky a \u00fapravu cvi\u010di\u0161t\u011b.<\/p>\n<p style=\"text-align: justify; padding-left: 150px;\">Jev\u00ed\u010dko, dne 20. ledna 1957<\/p>\n<p style=\"text-align: justify; padding-left: 150px;\">Zapsal Bohumil Vogt<\/p>\n<p style=\"text-align: justify;\">\u00a0Na v\u00fdborov\u00e9 sch\u016fzi konan\u00e9 dne 24.2.57 tento z\u00e1pis pro ne\u00faplnost nebyl schv\u00e1len. Rozbo\u0159il K., Adolf Dokoupil, Al Jakubec, Zezula Kritzbach, Stan Kobylka, Aug Jachan, Je\u0159\u00e1bek Vl., Haas Ludv\u00edk, P\u0159. Fellner<\/p>\n<p style=\"text-align: justify;\">\u00a0<em>Jeden z\u00a0bod\u016f t\u00e9to v\u00fdborov\u00e9 sch\u016fze bylo projedn\u00e1n\u00ed \u201ePam\u011btn\u00edho z\u00e1pisu\u201c s\u00a0t\u00edmto doslovn\u00fdm p\u0159episem a bez \u00faprav.<\/em><\/p>\n<p style=\"text-align: justify;\">Bylo jednohlasn\u011b odhlasov\u00e1no by \u201ePam\u011btn\u00ed z\u00e1pis\u201c o stavb\u011b zbrojnice sepsan\u00fd do protokoln\u00ed knihy br. Boh. Vogtem nebyl schv\u00e1len pro ne\u00faplnost a protokoln\u00ed kniha nebyla v\u00edce nikomu zap\u016fj\u010dena jen se svolen\u00edm v\u00fdboru a po zji\u0161t\u011bn\u00ed k\u00a0jak\u00fdm \u00fa\u010del\u016fm je prop\u016fj\u010dena.<\/p>\n<p style=\"text-align: justify; padding-left: 150px;\">\u00a0zapsal P\u0159. Fellner<\/p>\n","protected":false},"excerpt":{"rendered":"<p>Doslovn\u00e9 ops\u00e1n\u00ed a bez \u00faprav ops\u00e1no z\u00a0\u201eKnihy z\u00e1pis\u016f Sboru dobrovoln\u00fdch hasi\u010d\u016f m\u011bsta Jev\u00ed\u010dka z\u00a0let 1930 \u2013 1984\u201c. Po n\u011bkolik let pozorovalo \u010dlenstvo i mnoh\u00fd kolem jdouc\u00ed ob\u010dan, jak postupn\u011b a dosti viditeln\u011b se zv\u011bt\u0161uje trhlina ve \u0161t\u00edtov\u00e9 zdi od hasi\u010dsk\u00e9 zbrojnice. Na to byl upozorn\u011bn ji\u017e v\u00a0letech 1940 \u2013 1943 b\u00fdval\u00fd starosta m\u011bsta Jev\u00ed\u010dka (a [&hellip;]<\/p>\n","protected":false},"author":1,"featured_media":0,"parent":106,"menu_order":0,"comment_status":"open","ping_status":"open","template":"","meta":{"ngg_post_thumbnail":0,"footnotes":""},"class_list":["post-6932","page","type-page","status-publish","hentry"],"_links":{"self":[{"href":"https:\/\/sdhjevicko.cz\/index.php?rest_route=\/wp\/v2\/pages\/6932","targetHints":{"allow":["GET"]}}],"collection":[{"href":"https:\/\/sdhjevicko.cz\/index.php?rest_route=\/wp\/v2\/pages"}],"about":[{"href":"https:\/\/sdhjevicko.cz\/index.php?rest_route=\/wp\/v2\/types\/page"}],"author":[{"embeddable":true,"href":"https:\/\/sdhjevicko.cz\/index.php?rest_route=\/wp\/v2\/users\/1"}],"replies":[{"embeddable":true,"href":"https:\/\/sdhjevicko.cz\/index.php?rest_route=%2Fwp%2Fv2%2Fcomments&post=6932"}],"version-history":[{"count":9,"href":"https:\/\/sdhjevicko.cz\/index.php?rest_route=\/wp\/v2\/pages\/6932\/revisions"}],"predecessor-version":[{"id":11708,"href":"https:\/\/sdhjevicko.cz\/index.php?rest_route=\/wp\/v2\/pages\/6932\/revisions\/11708"}],"up":[{"embeddable":true,"href":"https:\/\/sdhjevicko.cz\/index.php?rest_route=\/wp\/v2\/pages\/106"}],"wp:attachment":[{"href":"https:\/\/sdhjevicko.cz\/index.php?rest_route=%2Fwp%2Fv2%2Fmedia&parent=6932"}],"curies":[{"name":"wp","href":"https:\/\/api.w.org\/{rel}","templated":true}]}}