{"id":6947,"date":"2016-02-02T17:45:54","date_gmt":"2016-02-02T16:45:54","guid":{"rendered":"http:\/\/sdhjevicko.cz\/?page_id=6947"},"modified":"2016-02-02T17:50:41","modified_gmt":"2016-02-02T16:50:41","slug":"vystavba-zadnich-garazi","status":"publish","type":"page","link":"https:\/\/sdhjevicko.cz\/?page_id=6947","title":{"rendered":"V\u00fdstavba zadn\u00edch gar\u00e1\u017e\u00ed"},"content":{"rendered":"<p style=\"text-align: justify;\"><strong>N\u011bkter\u00e9 hlavn\u00ed body v\u00fdstavby zadn\u00edch gar\u00e1\u017e\u00ed \u2013 4 st\u00e1n\u00ed.<\/strong><\/p>\n<p style=\"text-align: justify;\"><strong>\u00a0<\/strong>V \u0159\u00edjnu 1985 bylo vyd\u00e1no stavebn\u00ed povolen\u00ed na v\u00fdstavbu 4 gar\u00e1\u017e\u00ed v z\u00e1dn\u00ed \u010d\u00e1sti dvora.<\/p>\n<p style=\"text-align: justify;\">1.11.1985 \u2013 vym\u011b\u0159en\u00ed a vyty\u010den\u00ed stavby. Vym\u011b\u0159en\u00ed provedl pan Kv\u011btoslav Pavelka z OSP Jev\u00ed\u010dko. D\u00e1le byl pov\u011b\u0159en dozorem nad stavbou.<\/p>\n<p style=\"text-align: justify;\">20.2.1986 \u2013 dovoz konstrukce z JZD Jev\u00ed\u010dko.<\/p>\n<p style=\"text-align: justify;\">21.5.1986 \u2013 zah\u00e1jen\u00ed betonov\u00e1n\u00ed patek pod konstrukci a n\u00e1sledn\u00e1 beton\u00e1\u017e podlahy.<\/p>\n<p style=\"text-align: justify;\">7.6.1986 \u2013 mont\u00e1\u017e konstrukce haly.<\/p>\n<p style=\"text-align: justify;\">21.6.1986 \u2013 vyzd\u00edv\u00e1n\u00ed \u010d\u00e1ste\u010dn\u011b postaven\u00e9 konstrukce siporexov\u00fdmi tv\u00e1rnicemi.<\/p>\n<p style=\"text-align: justify;\">19.9.1986 \u2013 zah\u00e1jen\u00ed kladen\u00ed krytiny na st\u0159echu.<\/p>\n<p style=\"text-align: justify;\">22.12.1986 \u2013 dovoz 4 ks vrat z Boskovic.<\/p>\n<p style=\"text-align: justify;\">15.5.1987 \u2013 mont\u00e1\u017e strop\u016f a mont\u00e1\u017e vrat.<\/p>\n<p style=\"text-align: justify;\">16.6.1987 \u2013 usazov\u00e1n\u00ed obrubn\u00edk\u016f.<\/p>\n<p style=\"text-align: justify;\">V \u0159\u00edjnu byla dokon\u010dena v\u00fdstavba t\u011bchto gar\u00e1\u017e\u00ed v\u010detn\u011b svod\u016f na de\u0161\u0165ovou vodu, om\u00edtek jak vnit\u0159n\u00edch, tak i venkovn\u00edch, vymalov\u00e1n\u00ed vnit\u0159n\u00edch prostor\u016f, n\u00e1t\u011bru samotn\u00e9 konstrukce a vrat, elektroinstalace do gar\u00e1\u017e\u00ed, \u00faklidu a proveden\u00ed kanalizace. Na t\u00e9to v\u00fdstavb\u011b bylo odpracov\u00e1no \u010dleny sboru celkem 2.535 hodin. Jedn\u00e1 se o dostupn\u00e9 evidovan\u00e9 hodiny.<\/p>\n<p style=\"text-align: justify;\"><strong>Doslovn\u00e9 v\u00fdpisy z dostupn\u00fdch z\u00e1pis\u016f ze sch\u016fz\u00ed v\u00fdboru ZO SPO.<\/strong><\/p>\n<p style=\"text-align: justify;\">Z\u00e1pis ze dne 1.10.1985<\/p>\n<p style=\"padding-left: 60px; text-align: justify;\">Informaci o pl\u00e1novan\u00e9 a p\u0159ipravovan\u00e9 v\u00fdstavb\u011b gar\u00e1\u017e\u00ed v zahrad\u011b po\u017e. domu podal br. Je\u0159\u00e1bek Vl. ml. Dod\u00e1vky materi\u00e1lu jsou zaji\u0161t\u011bny. Vym\u011b\u0159en\u00ed a um\u00edst\u011bn\u00ed stavby provede vedouc\u00ed stavebn\u00edho odboru M\u011bst.NV ing. Matou\u0161ek.<\/p>\n<p style=\"text-align: justify;\">Z\u00e1pis ze dne 15.10.1985<\/p>\n<p style=\"padding-left: 60px; text-align: justify;\">P\u0159izv\u00e1n z\u00e1stupce M\u011bst.NV staveb. odboru \u2013 vedouc\u00ed ing. Matou\u0161ek. Informoval v\u00fdbor ZO o zam\u011b\u0159en\u00ed a situa\u010dn\u00edm pl\u00e1nu v\u00fdstavby nov\u00fdch gar\u00e1\u017e\u00ed v zahrad\u011b po\u017e. domu. N\u00e1vrh na um\u00edst\u011bn\u00ed t\u00e9to stavby vzd\u00e1len\u00e9 3 m od sousedn\u00edho hospod\u00e1\u0159sk\u00e9ho objektu \u010dp. 468 byl vet\u0161inou \u010dlen\u016f v\u00fdboru schv\u00e1len.<\/p>\n<p style=\"padding-left: 60px; text-align: justify;\">Projedn\u00e1no zaji\u0161t\u011bn\u00ed brig\u00e1dnick\u00e9 pomoci na\u0161ich \u010dlen\u016f p\u0159i proveden\u00ed z\u00e1klad\u016f stavby p\u0159es skupin\u00e1\u0159e ZO.<\/p>\n<p style=\"text-align: justify;\"><strong>\u00a0<\/strong>Z\u00e1pis ze dne 31.10.1985<\/p>\n<p style=\"padding-left: 60px; text-align: justify;\">Do n\u00e1vrhu bya zahrnuta v\u00fdstavba \u010dty\u0159 gar\u00e1\u017e\u00ed pro po\u017e\u00e1rn\u00ed techniku. P\u0159edpokl\u00e1dan\u00e1 hodnota t\u00e9to akce \u201eZ\u201c cca 300.000,- K\u010ds.<\/p>\n<p style=\"text-align: justify;\">\u00a0Z\u00e1pis ze dne 3.2.1986<\/p>\n<p style=\"padding-left: 60px; text-align: justify;\">mater. tech. ref. E. Rozbo\u0159il informuje o po\u017eadavku ing. Matou\u0161ka \u2013 ved. stavebn\u00edho odboru M\u011bst.NV v Jev\u00ed\u010dku, kter\u00fd po\u017eaduje \u010d\u00e1stku 500,- za vyprojektov\u00e1n\u00ed projektu, situa\u010d. pl\u00e1nu a rozpo\u010dtu stavby montovan\u00e9 gar\u00e1\u017ee v zahrad\u011b po\u017e. domu. V\u00fdbor ZO schv\u00e1lil \u010d\u00e1stku 300,- K\u010ds.<\/p>\n<p style=\"text-align: justify;\"><strong>\u00a0<\/strong>Z\u00e1pis ze dne 19.2.1986<\/p>\n<p style=\"padding-left: 60px; text-align: justify;\">MTR br. Rozbo\u0159il E. p\u0159edal br. hospod\u00e1\u0159i potvrzen\u00ed o p\u0159evzet\u00ed 300,- ing. Matou\u0161kem, jako odm\u011bnu za vypracov\u00e1n\u00ed projektu a rozpo\u010dtu v\u00fdstavby mont. gar\u00e1\u017e\u00ed.<\/p>\n<p style=\"text-align: justify;\">Z\u00e1pis ze dne 23.4.1986<\/p>\n<p style=\"padding-left: 60px; text-align: justify;\">Br. velitel navrhuje zah\u00e1jit pr\u00e1ce na z\u00e1kladech pro mont. gar\u00e1\u017ee. Brig\u00e1dy vahl\u00e1sit od pond\u011blka 7.4. denn\u011b od 15,30 hoid., o sobot\u00e1ch od 8,00 hod. po cel\u00fd den. N\u00e1vrh byl schv\u00e1len. \u010clenov\u00e9 budou sezn\u00e1meni o brig\u00e1d\u00e1ch p\u00edsemn\u011b.<\/p>\n","protected":false},"excerpt":{"rendered":"<p>N\u011bkter\u00e9 hlavn\u00ed body v\u00fdstavby zadn\u00edch gar\u00e1\u017e\u00ed \u2013 4 st\u00e1n\u00ed. \u00a0V \u0159\u00edjnu 1985 bylo vyd\u00e1no stavebn\u00ed povolen\u00ed na v\u00fdstavbu 4 gar\u00e1\u017e\u00ed v z\u00e1dn\u00ed \u010d\u00e1sti dvora. 1.11.1985 \u2013 vym\u011b\u0159en\u00ed a vyty\u010den\u00ed stavby. Vym\u011b\u0159en\u00ed provedl pan Kv\u011btoslav Pavelka z OSP Jev\u00ed\u010dko. D\u00e1le byl pov\u011b\u0159en dozorem nad stavbou. 20.2.1986 \u2013 dovoz konstrukce z JZD Jev\u00ed\u010dko. 21.5.1986 \u2013 zah\u00e1jen\u00ed betonov\u00e1n\u00ed [&hellip;]<\/p>\n","protected":false},"author":1,"featured_media":0,"parent":106,"menu_order":0,"comment_status":"open","ping_status":"open","template":"","meta":{"ngg_post_thumbnail":0,"footnotes":""},"class_list":["post-6947","page","type-page","status-publish","hentry"],"_links":{"self":[{"href":"https:\/\/sdhjevicko.cz\/index.php?rest_route=\/wp\/v2\/pages\/6947","targetHints":{"allow":["GET"]}}],"collection":[{"href":"https:\/\/sdhjevicko.cz\/index.php?rest_route=\/wp\/v2\/pages"}],"about":[{"href":"https:\/\/sdhjevicko.cz\/index.php?rest_route=\/wp\/v2\/types\/page"}],"author":[{"embeddable":true,"href":"https:\/\/sdhjevicko.cz\/index.php?rest_route=\/wp\/v2\/users\/1"}],"replies":[{"embeddable":true,"href":"https:\/\/sdhjevicko.cz\/index.php?rest_route=%2Fwp%2Fv2%2Fcomments&post=6947"}],"version-history":[{"count":3,"href":"https:\/\/sdhjevicko.cz\/index.php?rest_route=\/wp\/v2\/pages\/6947\/revisions"}],"predecessor-version":[{"id":6952,"href":"https:\/\/sdhjevicko.cz\/index.php?rest_route=\/wp\/v2\/pages\/6947\/revisions\/6952"}],"up":[{"embeddable":true,"href":"https:\/\/sdhjevicko.cz\/index.php?rest_route=\/wp\/v2\/pages\/106"}],"wp:attachment":[{"href":"https:\/\/sdhjevicko.cz\/index.php?rest_route=%2Fwp%2Fv2%2Fmedia&parent=6947"}],"curies":[{"name":"wp","href":"https:\/\/api.w.org\/{rel}","templated":true}]}}